{"id":72152,"date":"2024-02-15T15:20:43","date_gmt":"2024-02-15T14:20:43","guid":{"rendered":"http:\/\/martehelgetun.no\/?post_type=product&#038;p=72152"},"modified":"2025-06-10T13:39:07","modified_gmt":"2025-06-10T11:39:07","slug":"hettehals-og-lue","status":"publish","type":"product","link":"https:\/\/martehelgetun.no\/en\/product\/hettehals-og-lue\/","title":{"rendered":"Hettehals og lue"},"content":{"rendered":"<p><strong>ST\u00d8RRELSER OG M\u00c5L<\/strong><br \/>\nSt\u00f8rrelser: en st\u00f8rrelse, og veldig elastisk<\/p>\n<p>&nbsp;<\/p>\n<p><strong>GARN OG GARNFORBRUK<\/strong><br \/>\nLUFTIG by Marte Helgetun<br \/>\nHals: 3 n\u00f8ster nr. 09 Skog<br \/>\nLue: 2 n\u00f8ster nr. 09 Skog<\/p>\n<p>&nbsp;<\/p>\n<p><strong>PINNER OG STRIKKEFASTHET<\/strong><br \/>\n60 cm rundpinne nr. 6 til halsen og 40 cm rundpinne nr. 6 til luen 16 masker strukturstrikk med dobbel tr\u00e5d p\u00e5 pinne nr. 6 = 10 cm<\/p>\n","protected":false},"excerpt":{"rendered":"<p>En riktig god og myk lue og hals du kan trekke over hodet n\u00e5r det blir ekstra kaldt. Strikket i det nydelige garnet Luftig, et spennende kabelspunnet garn med masse luft.\u00a0I garnpakken er det nok garn til Hettehals og Lue, men du kan selv redusere antall n\u00f8ster dersom du kun \u00f8nsker \u00e5 strikke ett av plaggene.\u00a0(I bildeserien ser du ogs\u00e5 et annet design, \u00a0Teppesjalet i fargen Gr\u00f8nn Te)<\/p>\n<p>&nbsp;<\/p>\n<p>&nbsp;<\/p>\n<p><strong>Norsk og Engelsk oppskrift.<\/strong> Du f\u00e5r tilgang til alle spr\u00e5k som pdf fil ved kj\u00f8p.<\/p>\n","protected":false},"featured_media":72167,"template":"","meta":{"_acf_changed":false,"_relevanssi_hide_post":"","_relevanssi_hide_content":"","_relevanssi_pin_for_all":"","_relevanssi_pin_keywords":"","_relevanssi_unpin_keywords":"","_relevanssi_related_keywords":"","_relevanssi_related_include_ids":"","_relevanssi_related_exclude_ids":"","_relevanssi_related_no_append":"","_relevanssi_related_not_related":"","_relevanssi_related_posts":"","_relevanssi_noindex_reason":""},"product_brand":[],"product_cat":[401,81,60],"product_tag":[128,83,562,561,560,171,563,36,134,136],"class_list":{"0":"post-72152","1":"product","2":"type-product","3":"status-publish","4":"has-post-thumbnail","6":"product_cat-lue-panneband","7":"product_cat-skjerf-sjal-hals","8":"product_cat-strikkeoppskrifter","9":"product_tag-design-by-marte-helgetun","10":"product_tag-hals","11":"product_tag-hals-i-luftig","12":"product_tag-hettehals","13":"product_tag-hettehals-og-lue","14":"product_tag-lue","15":"product_tag-lue-i-luftig","16":"product_tag-luftig","17":"product_tag-marte-helgetun","18":"product_tag-strikkeoppskrift","20":"first","21":"instock","22":"downloadable","23":"taxable","24":"shipping-taxable","25":"purchasable","26":"product-type-mht_bundle"},"acf":[],"_links":{"self":[{"href":"https:\/\/martehelgetun.no\/en\/wp-json\/wp\/v2\/product\/72152","targetHints":{"allow":["GET"]}}],"collection":[{"href":"https:\/\/martehelgetun.no\/en\/wp-json\/wp\/v2\/product"}],"about":[{"href":"https:\/\/martehelgetun.no\/en\/wp-json\/wp\/v2\/types\/product"}],"wp:featuredmedia":[{"embeddable":true,"href":"https:\/\/martehelgetun.no\/en\/wp-json\/wp\/v2\/media\/72167"}],"wp:attachment":[{"href":"https:\/\/martehelgetun.no\/en\/wp-json\/wp\/v2\/media?parent=72152"}],"wp:term":[{"taxonomy":"product_brand","embeddable":true,"href":"https:\/\/martehelgetun.no\/en\/wp-json\/wp\/v2\/product_brand?post=72152"},{"taxonomy":"product_cat","embeddable":true,"href":"https:\/\/martehelgetun.no\/en\/wp-json\/wp\/v2\/product_cat?post=72152"},{"taxonomy":"product_tag","embeddable":true,"href":"https:\/\/martehelgetun.no\/en\/wp-json\/wp\/v2\/product_tag?post=72152"}],"curies":[{"name":"wp","href":"https:\/\/api.w.org\/{rel}","templated":true}]}}