{"id":72143,"date":"2024-02-15T15:08:08","date_gmt":"2024-02-15T14:08:08","guid":{"rendered":"http:\/\/martehelgetun.no\/?post_type=product&#038;p=72143"},"modified":"2025-06-10T13:30:02","modified_gmt":"2025-06-10T11:30:02","slug":"keep-it-simple-jakke","status":"publish","type":"product","link":"https:\/\/martehelgetun.no\/en\/product\/keep-it-simple-jakke\/","title":{"rendered":"Keep it simple Jakke"},"content":{"rendered":"<p><strong>ST\u00d8RRELSER OG M\u00c5L<br \/>\n<\/strong>St\u00f8rrelser: (XS) S (M) L (XL) XXL<br \/>\nOvervidde: (90) 100 (110) 120 (130) 140 cm<br \/>\nHel lengde m\u00e5lt midt bak i nakken:<br \/>\n(50) 52 (54) 56 (58) 60 cm<br \/>\nErmlengde: (37) 38 (39) 40 (41) 42 cm<\/p>\n<p>&nbsp;<\/p>\n<p><strong>GARN OG GARNFORBRUK<br \/>\n<\/strong>Luftig + Lett by Marte Helgetun<br \/>\n(4) 4 (4) 5 (5) 5 n\u00f8ster Luftig nr. 16 Svart<br \/>\n(4) 4 (4) 5 (5) 5 n\u00f8ster Lett nr. 06 Skifer<br \/>\nJakken strikkes med en tr\u00e5d av hver kvalitet<\/p>\n<p>&nbsp;<\/p>\n<p><strong>PINNER OG STRIKKEFASTHET<br \/>\n<\/strong>80 og 40 cm rundpinne nr. 6 (Ha gjerne<br \/>\n2 lange rundpinner, da blir det lettere for deg.)<br \/>\nSettpinner nr. 6 dersom du ikke bruker magic loop<br \/>\n80 cm rundpinne nr. 5 og\u00a0settpinner nr. 5 dersom du ikke bruker magic loop<br \/>\n17 masker glattstrikk p\u00e5 pinne nr. 6 = 10 cm<\/p>\n","protected":false},"excerpt":{"rendered":"<p>Jeg elsker trekantkonstruksjonen som starter bak i nakken, og n\u00e5 har jeg laget en helt basic jakke. Strikker du med garnkombinasjonen Luftig + Lett, s\u00e5 trenger man ikke s\u00e5 mye ekstra, det bare funker helt enkelt. Du kan fint sy p\u00e5 et par sorte skinntrykknapper p\u00e5 jakken din hvis du \u00f8nsker \u00e5 lukke den. Jakken strikkes ovenfra og ned.<\/p>\n<p>&nbsp;<\/p>\n<p>&nbsp;<\/p>\n<p><strong>Norsk og Engelsk oppskrift.<\/strong> Du f\u00e5r tilgang til alle spr\u00e5k som pdf fil ved kj\u00f8p.<\/p>\n","protected":false},"featured_media":72144,"template":"","meta":{"_acf_changed":false,"_relevanssi_hide_post":"","_relevanssi_hide_content":"","_relevanssi_pin_for_all":"","_relevanssi_pin_keywords":"","_relevanssi_unpin_keywords":"","_relevanssi_related_keywords":"","_relevanssi_related_include_ids":"","_relevanssi_related_exclude_ids":"","_relevanssi_related_no_append":"","_relevanssi_related_not_related":"","_relevanssi_related_posts":"","_relevanssi_noindex_reason":""},"product_brand":[],"product_cat":[208,60],"product_tag":[128,211,559,558,37,36,134,136],"class_list":{"0":"post-72143","1":"product","2":"type-product","3":"status-publish","4":"has-post-thumbnail","6":"product_cat-jakke","7":"product_cat-strikkeoppskrifter","8":"product_tag-design-by-marte-helgetun","9":"product_tag-jakke","10":"product_tag-jakke-i-luftig-og-lett","11":"product_tag-keep-it-simple-jakke","12":"product_tag-lett","13":"product_tag-luftig","14":"product_tag-marte-helgetun","15":"product_tag-strikkeoppskrift","17":"first","18":"instock","19":"downloadable","20":"taxable","21":"shipping-taxable","22":"purchasable","23":"product-type-mht_bundle"},"acf":[],"_links":{"self":[{"href":"https:\/\/martehelgetun.no\/en\/wp-json\/wp\/v2\/product\/72143","targetHints":{"allow":["GET"]}}],"collection":[{"href":"https:\/\/martehelgetun.no\/en\/wp-json\/wp\/v2\/product"}],"about":[{"href":"https:\/\/martehelgetun.no\/en\/wp-json\/wp\/v2\/types\/product"}],"wp:featuredmedia":[{"embeddable":true,"href":"https:\/\/martehelgetun.no\/en\/wp-json\/wp\/v2\/media\/72144"}],"wp:attachment":[{"href":"https:\/\/martehelgetun.no\/en\/wp-json\/wp\/v2\/media?parent=72143"}],"wp:term":[{"taxonomy":"product_brand","embeddable":true,"href":"https:\/\/martehelgetun.no\/en\/wp-json\/wp\/v2\/product_brand?post=72143"},{"taxonomy":"product_cat","embeddable":true,"href":"https:\/\/martehelgetun.no\/en\/wp-json\/wp\/v2\/product_cat?post=72143"},{"taxonomy":"product_tag","embeddable":true,"href":"https:\/\/martehelgetun.no\/en\/wp-json\/wp\/v2\/product_tag?post=72143"}],"curies":[{"name":"wp","href":"https:\/\/api.w.org\/{rel}","templated":true}]}}