{"id":72126,"date":"2024-02-15T14:58:02","date_gmt":"2024-02-15T13:58:02","guid":{"rendered":"http:\/\/martehelgetun.no\/?post_type=product&#038;p=72126"},"modified":"2025-06-10T13:47:12","modified_gmt":"2025-06-10T11:47:12","slug":"basic-tee","status":"publish","type":"product","link":"https:\/\/martehelgetun.no\/en\/produkt\/basic-tee\/","title":{"rendered":"Basic Tee"},"content":{"rendered":"<p><strong>ST\u00d8RRELSER OG M\u00c5L<\/strong><br \/>\nSt\u00f8rrelser: S (M) L (XL)<br \/>\nOvervidde: 91 (100) 111 (125) cm<br \/>\nHel lengde: 53 (57) (61) (65) cm<\/p>\n<p><strong><br \/>\nGARN OG GARNFORBRUK<\/strong><br \/>\nLine fra Sandnes Garn<br \/>\n6 (7) 9 (10) n\u00f8ster Skifer nr. 6080<\/p>\n<p>&nbsp;<\/p>\n<p><strong>PINNER OG STRIKKEFASTHET<br \/>\n<\/strong>80 og 40 cm rundpinne nr. 4 og 3,5<br \/>\n22 masker glattstrikk p\u00e5 pinne nr. 4 = 10 cm i bredden<\/p>\n","protected":false},"excerpt":{"rendered":"<p>En helt enkel t-skjorte med raglan\u00f8kinger trengte jeg i Line til sommergarderoben min. Det som er s\u00e5 kjekt med disse basic plaggene er at de blir brukt om og om igjen. Denne blir garantert en av mine mest brukte plagg, b\u00e5de sommer, h\u00f8st og v\u00e5r. T-skjorten strikkes ovenfra og ned med raglan\u00f8kinger.<\/p>\n<p>&nbsp;<\/p>\n<p>&nbsp;<\/p>\n<p><strong>Norsk og Engelsk oppskrift.<\/strong> Du f\u00e5r tilgang til alle spr\u00e5k som pdf fil ved kj\u00f8p.<\/p>\n","protected":false},"featured_media":72127,"template":"","meta":{"_acf_changed":false,"_relevanssi_hide_post":"","_relevanssi_hide_content":"","_relevanssi_pin_for_all":"","_relevanssi_pin_keywords":"","_relevanssi_unpin_keywords":"","_relevanssi_related_keywords":"","_relevanssi_related_include_ids":"","_relevanssi_related_exclude_ids":"","_relevanssi_related_no_append":"","_relevanssi_related_not_related":"","_relevanssi_related_posts":"","_relevanssi_noindex_reason":""},"product_cat":[60,734,279],"product_tag":[556,128,43,134,136,557,293],"acf":[],"_links":{"self":[{"href":"https:\/\/martehelgetun.no\/en\/wp-json\/wp\/v2\/product\/72126"}],"collection":[{"href":"https:\/\/martehelgetun.no\/en\/wp-json\/wp\/v2\/product"}],"about":[{"href":"https:\/\/martehelgetun.no\/en\/wp-json\/wp\/v2\/types\/product"}],"wp:featuredmedia":[{"embeddable":true,"href":"https:\/\/martehelgetun.no\/en\/wp-json\/wp\/v2\/media\/72127"}],"wp:attachment":[{"href":"https:\/\/martehelgetun.no\/en\/wp-json\/wp\/v2\/media?parent=72126"}],"wp:term":[{"taxonomy":"product_cat","embeddable":true,"href":"https:\/\/martehelgetun.no\/en\/wp-json\/wp\/v2\/product_cat?post=72126"},{"taxonomy":"product_tag","embeddable":true,"href":"https:\/\/martehelgetun.no\/en\/wp-json\/wp\/v2\/product_tag?post=72126"}],"curies":[{"name":"wp","href":"https:\/\/api.w.org\/{rel}","templated":true}]}}