{"id":72109,"date":"2024-02-15T14:41:50","date_gmt":"2024-02-15T13:41:50","guid":{"rendered":"http:\/\/martehelgetun.no\/?post_type=product&#038;p=72109"},"modified":"2026-04-22T14:13:48","modified_gmt":"2026-04-22T12:13:48","slug":"basic-tee-v-neck","status":"publish","type":"product","link":"https:\/\/martehelgetun.no\/en\/product\/basic-tee-v-neck\/","title":{"rendered":"Basic Tee V-neck"},"content":{"rendered":"<p><strong>ST\u00d8RRELSER OG M\u00c5L<\/strong><br \/>\nSt\u00f8rrelser: S (M) L (XL)<br \/>\nOvervidde: 92 (99) 110 (126) cm<br \/>\nHel lengde: ca 50 (52) 54 (56) cm<\/p>\n<p>&nbsp;<\/p>\n<p><strong>GARN OG GARNFORBRUK<\/strong><br \/>\nLine fra Sandnes Garn<br \/>\n6 (7) 8 (10) n\u00f8ster Lys Lin nr. 2331<\/p>\n<p>&nbsp;<\/p>\n<p><strong>PINNER OG STRIKKEFASTHET<\/strong><br \/>\n80 og 40 cm rundpinne nr. 4 og 3,5<br \/>\n22 masker glattstrikk p\u00e5 pinne nr. 4 = 10 cm i bredden<\/p>\n","protected":false},"excerpt":{"rendered":"<p>En helt enkel t-skjorte med v-hals basert p\u00e5 sommerfavoritten Basic-Tee. Det som er s\u00e5 kjekt med disse basic-plaggene er at de blir brukt om og om igjen. Denne blir garantert en av mine mest brukte plagg, b\u00e5de sommer, h\u00f8st og v\u00e5r. Denne strikkes ovenfra og ned.<\/p>\n<p>&nbsp;<\/p>\n<p>&nbsp;<\/p>\n<p><strong>Norsk og Engelsk oppskrift.<\/strong> Du f\u00e5r tilgang til alle spr\u00e5k som pdf fil ved kj\u00f8p.<\/p>\n<hr \/>\n<p data-start=\"0\" data-end=\"257\">A simple V-neck T-shirt based on the summer favorite Basic-Tee. The great thing about these basic pieces is that they get worn again and again. This one is sure to become one of my most-used garments \u2013 in summer, autumn, and spring. It is worked top-down.<\/p>\n<p data-start=\"259\" data-end=\"367\" data-is-last-node=\"\" data-is-only-node=\"\"><strong>Norwegian and English pattern included.<\/strong> You will receive access to all languages as PDF files upon purchase.<\/p>\n","protected":false},"featured_media":72118,"template":"","meta":{"_acf_changed":false,"_relevanssi_hide_post":"","_relevanssi_hide_content":"","_relevanssi_pin_for_all":"","_relevanssi_pin_keywords":"","_relevanssi_unpin_keywords":"","_relevanssi_related_keywords":"","_relevanssi_related_include_ids":"","_relevanssi_related_exclude_ids":"","_relevanssi_related_no_append":"","_relevanssi_related_not_related":"","_relevanssi_related_posts":"","_relevanssi_noindex_reason":""},"product_brand":[],"product_cat":[734,60,279],"product_tag":[554,128,43,134,136,555,551,293],"class_list":{"0":"post-72109","1":"product","2":"type-product","3":"status-publish","4":"has-post-thumbnail","6":"product_cat-sommerstrikk","7":"product_cat-strikkeoppskrifter","8":"product_cat-topp","9":"product_tag-basic-tee-v-neck","10":"product_tag-design-by-marte-helgetun","11":"product_tag-line","12":"product_tag-marte-helgetun","13":"product_tag-strikkeoppskrift","14":"product_tag-tee-i-line","15":"product_tag-topp-dame","16":"product_tag-topp-i-line","18":"first","19":"instock","20":"downloadable","21":"taxable","22":"shipping-taxable","23":"purchasable","24":"product-type-mht_bundle"},"acf":[],"_links":{"self":[{"href":"https:\/\/martehelgetun.no\/en\/wp-json\/wp\/v2\/product\/72109","targetHints":{"allow":["GET"]}}],"collection":[{"href":"https:\/\/martehelgetun.no\/en\/wp-json\/wp\/v2\/product"}],"about":[{"href":"https:\/\/martehelgetun.no\/en\/wp-json\/wp\/v2\/types\/product"}],"wp:featuredmedia":[{"embeddable":true,"href":"https:\/\/martehelgetun.no\/en\/wp-json\/wp\/v2\/media\/72118"}],"wp:attachment":[{"href":"https:\/\/martehelgetun.no\/en\/wp-json\/wp\/v2\/media?parent=72109"}],"wp:term":[{"taxonomy":"product_brand","embeddable":true,"href":"https:\/\/martehelgetun.no\/en\/wp-json\/wp\/v2\/product_brand?post=72109"},{"taxonomy":"product_cat","embeddable":true,"href":"https:\/\/martehelgetun.no\/en\/wp-json\/wp\/v2\/product_cat?post=72109"},{"taxonomy":"product_tag","embeddable":true,"href":"https:\/\/martehelgetun.no\/en\/wp-json\/wp\/v2\/product_tag?post=72109"}],"curies":[{"name":"wp","href":"https:\/\/api.w.org\/{rel}","templated":true}]}}