{"id":72106,"date":"2024-02-15T14:26:33","date_gmt":"2024-02-15T13:26:33","guid":{"rendered":"http:\/\/martehelgetun.no\/?post_type=product&#038;p=72106"},"modified":"2026-04-22T12:32:09","modified_gmt":"2026-04-22T10:32:09","slug":"lett-a-like-tee-ensfarget","status":"publish","type":"product","link":"https:\/\/martehelgetun.no\/en\/product\/lett-a-like-tee-ensfarget\/","title":{"rendered":"Lett \u00e5 Like Tee &#8211; ensfarget"},"content":{"rendered":"<p><strong>ST\u00d8RRELSER OG M\u00c5L<\/strong><br \/>\nSt\u00f8rrelser: (XS) S (M) L (XL) XXL<br \/>\nOvervidde: (90) 98 (106) 115 (123) 132 cm, og utvider seg i bruk<br \/>\nHel lengde: (51) 53 (55) 57 (59) 61 cm<\/p>\n<p>&nbsp;<\/p>\n<p><strong>GARN OG GARNFORBRUK<\/strong><br \/>\n4x Lett by Marte Helgetun<br \/>\n(7) 8 (8) 9 (10) 11 n\u00f8ster nr. 12 Nype<\/p>\n<p>T-skjorten strikkes med 4 tr\u00e5der Lett samtidig.<\/p>\n<p>&nbsp;<\/p>\n<p><strong>PINNER OG STRIKKEFASTHET<\/strong><br \/>\n80 cm rundpinne nr. 7 og 8 og 40 cm nr. 7<br \/>\n14 masker glattstrikk p\u00e5 pinne nr. 8 = 10 cm i bredden<\/p>\n","protected":false},"excerpt":{"rendered":"<p>Lett er et utrolig deilig og fint garn i mohair og silke. T-skjorten er strikket med 4 tr\u00e5der Lett samtidig p\u00e5 tykke pinner, noe jeg er ganske sikker p\u00e5 jeg kommer til \u00e5 gj\u00f8re igjen, for denne er utrolig lett \u00e5 like. Denne t-skjorten strikkes nedenfra og opp, og syes sammen p\u00e5 skuldrene med maskesting.<\/p>\n<div class=\"woocommerce-product-details__short-description\">\n<p>&nbsp;<\/p>\n<p><strong>Norsk og Engelsk oppskrift.<\/strong> Du f\u00e5r tilgang til alle spr\u00e5k som pdf fil ved kj\u00f8p.<\/p>\n<hr \/>\n<p data-start=\"0\" data-end=\"334\">Lett is an incredibly soft and luxurious yarn made from mohair and silk. This T-shirt is knitted using four strands of Lett held together on large needles \u2013 something I\u2019m quite sure I\u2019ll do again, as this one is incredibly easy to love. The T-shirt is worked from the bottom up and joined at the shoulders using the mattress stitch.<\/p>\n<p data-start=\"336\" data-end=\"444\" data-is-last-node=\"\" data-is-only-node=\"\"><strong>Norwegian and English pattern included.<\/strong> You will receive access to all languages as PDF files upon purchase.<\/p>\n<\/div>\n","protected":false},"featured_media":88052,"template":"","meta":{"_acf_changed":false,"_relevanssi_hide_post":"","_relevanssi_hide_content":"","_relevanssi_pin_for_all":"","_relevanssi_pin_keywords":"","_relevanssi_unpin_keywords":"","_relevanssi_related_keywords":"","_relevanssi_related_include_ids":"","_relevanssi_related_exclude_ids":"","_relevanssi_related_no_append":"","_relevanssi_related_not_related":"","_relevanssi_related_posts":"","_relevanssi_noindex_reason":""},"product_brand":[],"product_cat":[734,60,279],"product_tag":[128,37,281,552,553,134,136,294,551],"class_list":{"0":"post-72106","1":"product","2":"type-product","3":"status-publish","4":"has-post-thumbnail","6":"product_cat-sommerstrikk","7":"product_cat-strikkeoppskrifter","8":"product_cat-topp","9":"product_tag-design-by-marte-helgetun","10":"product_tag-lett","11":"product_tag-lett-a-like","12":"product_tag-lett-a-like-tee","13":"product_tag-lett-a-like-tee-ensfarget","14":"product_tag-marte-helgetun","15":"product_tag-strikkeoppskrift","16":"product_tag-tee","17":"product_tag-topp-dame","19":"first","20":"instock","21":"downloadable","22":"taxable","23":"shipping-taxable","24":"purchasable","25":"product-type-mht_bundle"},"acf":[],"_links":{"self":[{"href":"https:\/\/martehelgetun.no\/en\/wp-json\/wp\/v2\/product\/72106","targetHints":{"allow":["GET"]}}],"collection":[{"href":"https:\/\/martehelgetun.no\/en\/wp-json\/wp\/v2\/product"}],"about":[{"href":"https:\/\/martehelgetun.no\/en\/wp-json\/wp\/v2\/types\/product"}],"wp:featuredmedia":[{"embeddable":true,"href":"https:\/\/martehelgetun.no\/en\/wp-json\/wp\/v2\/media\/88052"}],"wp:attachment":[{"href":"https:\/\/martehelgetun.no\/en\/wp-json\/wp\/v2\/media?parent=72106"}],"wp:term":[{"taxonomy":"product_brand","embeddable":true,"href":"https:\/\/martehelgetun.no\/en\/wp-json\/wp\/v2\/product_brand?post=72106"},{"taxonomy":"product_cat","embeddable":true,"href":"https:\/\/martehelgetun.no\/en\/wp-json\/wp\/v2\/product_cat?post=72106"},{"taxonomy":"product_tag","embeddable":true,"href":"https:\/\/martehelgetun.no\/en\/wp-json\/wp\/v2\/product_tag?post=72106"}],"curies":[{"name":"wp","href":"https:\/\/api.w.org\/{rel}","templated":true}]}}