{"id":72081,"date":"2024-02-15T14:23:48","date_gmt":"2024-02-15T13:23:48","guid":{"rendered":"http:\/\/martehelgetun.no\/?post_type=product&#038;p=72081"},"modified":"2025-06-10T13:47:01","modified_gmt":"2025-06-10T11:47:01","slug":"lett-a-like-tee-med-3-farger","status":"publish","type":"product","link":"https:\/\/martehelgetun.no\/en\/produkt\/lett-a-like-tee-med-3-farger\/","title":{"rendered":"Lett \u00e5 Like Tee &#8211; med 3 farger"},"content":{"rendered":"<p><strong>ST\u00d8RRELSER OG M\u00c5L<\/strong><br \/>\nSt\u00f8rrelser: (XS) S (M) L (XL) XXL<br \/>\nOvervidde: (90) 98 (106) 115 (123) 132 cm, og utvider seg i bruk<br \/>\nHel lengde: (51) 53 (55) 57 (59) 61 cm<\/p>\n<p>&nbsp;<\/p>\n<p><strong>GARN OG GARNFORBRUK<\/strong><br \/>\n4x Lett by Marte Helgetun<br \/>\n(4) 4 (4) 5 (5) 6 n\u00f8ster nr. 14 Kl\u00f8ver<br \/>\n(2) 2 (2) 3 (3) 3 n\u00f8ster nr. 05 Leire<br \/>\n(2) 2 (2) 3 (3) 3 n\u00f8ster nr. 07 Lys Skifer<\/p>\n<p>T-skjorten strikkes med 4 tr\u00e5der Lett samtidig.<br \/>\n(7) 8 (8) 9 (10) 11 n\u00f8ster nr. hvis du velger ensfarget variant<\/p>\n<p>&nbsp;<\/p>\n<p><strong>PINNER OG STRIKKEFASTHET<\/strong><br \/>\n80 cm rundpinne nr. 7 og 8 og 40 cm nr. 7<br \/>\n14 masker glattstrikk p\u00e5 pinne nr. 8 = 10 cm i bredden<\/p>\n","protected":false},"excerpt":{"rendered":"<p>Lett er et utrolig deilig og fint garn i mohair og silke. T-skjorten er strikket med 4 tr\u00e5der Lett samtidig p\u00e5 tykke pinner, noe jeg er ganske sikker p\u00e5 jeg kommer til \u00e5 gj\u00f8re igjen, for denne er utrolig lett \u00e5 like. Denne t-skjorten strikkes nedenfra og opp, og syes sammen p\u00e5 skuldrene med maskesting.<\/p>\n<p>&nbsp;<\/p>\n<p>&nbsp;<\/p>\n<p><strong>Norsk og Engelsk oppskrift.<\/strong> Du f\u00e5r tilgang til alle spr\u00e5k som pdf fil ved kj\u00f8p.<\/p>\n","protected":false},"featured_media":72090,"template":"","meta":{"_acf_changed":false,"_relevanssi_hide_post":"","_relevanssi_hide_content":"","_relevanssi_pin_for_all":"","_relevanssi_pin_keywords":"","_relevanssi_unpin_keywords":"","_relevanssi_related_keywords":"","_relevanssi_related_include_ids":"","_relevanssi_related_exclude_ids":"","_relevanssi_related_no_append":"","_relevanssi_related_not_related":"","_relevanssi_related_posts":"","_relevanssi_noindex_reason":""},"product_cat":[60,734,279],"product_tag":[128,37,281,552,134,136,294,551],"acf":[],"_links":{"self":[{"href":"https:\/\/martehelgetun.no\/en\/wp-json\/wp\/v2\/product\/72081"}],"collection":[{"href":"https:\/\/martehelgetun.no\/en\/wp-json\/wp\/v2\/product"}],"about":[{"href":"https:\/\/martehelgetun.no\/en\/wp-json\/wp\/v2\/types\/product"}],"wp:featuredmedia":[{"embeddable":true,"href":"https:\/\/martehelgetun.no\/en\/wp-json\/wp\/v2\/media\/72090"}],"wp:attachment":[{"href":"https:\/\/martehelgetun.no\/en\/wp-json\/wp\/v2\/media?parent=72081"}],"wp:term":[{"taxonomy":"product_cat","embeddable":true,"href":"https:\/\/martehelgetun.no\/en\/wp-json\/wp\/v2\/product_cat?post=72081"},{"taxonomy":"product_tag","embeddable":true,"href":"https:\/\/martehelgetun.no\/en\/wp-json\/wp\/v2\/product_tag?post=72081"}],"curies":[{"name":"wp","href":"https:\/\/api.w.org\/{rel}","templated":true}]}}