{"id":72066,"date":"2024-02-15T13:44:38","date_gmt":"2024-02-15T12:44:38","guid":{"rendered":"http:\/\/martehelgetun.no\/?post_type=product&#038;p=72066"},"modified":"2025-06-10T13:46:57","modified_gmt":"2025-06-10T11:46:57","slug":"vartopp","status":"publish","type":"product","link":"https:\/\/martehelgetun.no\/en\/produkt\/vartopp\/","title":{"rendered":"V\u00e5rtopp"},"content":{"rendered":"<p><strong>ST\u00d8RRELSER OG M\u00c5L<\/strong><br \/>\nSt\u00f8rrelser: S (M) L (XL)<br \/>\nOvervidde: 92 (102) 112 (122) cm<br \/>\nHel lengde: 49 (52) 55 (58) cm<\/p>\n<p>&nbsp;<\/p>\n<p><strong>GARN OG GARNFORBRUK<\/strong><br \/>\nLine Sandne Garn og Lett by Marte Helgetun<br \/>\n5 (6) 7 (8) n\u00f8ster Line, skifer nr. 6080<br \/>\n3 (3) 4 (4) n\u00f8ster Lett nr. 06 Skifer<br \/>\nden sandfargede varianten er strikket i fargen<br \/>\nLine beige nr. 3021 (utg\u00e5tt farge) og Lett nr. 04 Cappuccino<\/p>\n<p>&nbsp;<\/p>\n<p><strong>PINNE OG STRIKKEFASTHET<\/strong><br \/>\nRundpinne 80 cm lang nr. 5 og 3,5 og 40 cm nr. 3,5<br \/>\nHa gjerne en ekstra pinne eller vaier, slik at det blir\u00a0lettere for deg \u00e5 strikke for- og bakstykkene.<br \/>\n20 masker glattstrikk med en tr\u00e5d av hver kvalitet\u00a0p\u00e5 pinne nr. 5 = 10 cm<\/p>\n","protected":false},"excerpt":{"rendered":"<div>En kort topp i garderoben blir aldri feil. Denne toppen strikket jeg med en tr\u00e5d Line og en tr\u00e5d Lett og den ble akkurat passe varm. Bruk den gjerne til kjole, med en skjorte under, eller som her med kun en singlet under. Toppen strikkes ovenfra og ned med en tr\u00e5d av hver kvalitet og du starter med noen f\u00e5 masker bak i nakken. Dette er en kort topp s\u00e5 hvis du \u00f8nsker den lengre m\u00e5 du beregne litt mer garn.<\/div>\n<p>&nbsp;<\/p>\n<p>&nbsp;<\/p>\n<p><strong>Norsk og Engelsk oppskrift.<\/strong> Du f\u00e5r tilgang til alle spr\u00e5k som pdf fil ved kj\u00f8p.<\/p>\n","protected":false},"featured_media":72067,"template":"","meta":{"_acf_changed":false,"_relevanssi_hide_post":"","_relevanssi_hide_content":"","_relevanssi_pin_for_all":"","_relevanssi_pin_keywords":"","_relevanssi_unpin_keywords":"","_relevanssi_related_keywords":"","_relevanssi_related_include_ids":"","_relevanssi_related_exclude_ids":"","_relevanssi_related_no_append":"","_relevanssi_related_not_related":"","_relevanssi_related_posts":"","_relevanssi_noindex_reason":""},"product_cat":[60,734,279],"product_tag":[128,37,43,134,136,551,293,550],"class_list":{"0":"post-72066","1":"product","2":"type-product","3":"status-publish","4":"has-post-thumbnail","6":"product_cat-strikkeoppskrifter","7":"product_cat-sommerstrikk","8":"product_cat-topp","9":"product_tag-design-by-marte-helgetun","10":"product_tag-lett","11":"product_tag-line","12":"product_tag-marte-helgetun","13":"product_tag-strikkeoppskrift","14":"product_tag-topp-dame","15":"product_tag-topp-i-line","16":"product_tag-vartopp","18":"first","19":"instock","20":"downloadable","21":"taxable","22":"shipping-taxable","23":"purchasable","24":"product-type-mht_bundle"},"acf":[],"_links":{"self":[{"href":"https:\/\/martehelgetun.no\/en\/wp-json\/wp\/v2\/product\/72066","targetHints":{"allow":["GET"]}}],"collection":[{"href":"https:\/\/martehelgetun.no\/en\/wp-json\/wp\/v2\/product"}],"about":[{"href":"https:\/\/martehelgetun.no\/en\/wp-json\/wp\/v2\/types\/product"}],"wp:featuredmedia":[{"embeddable":true,"href":"https:\/\/martehelgetun.no\/en\/wp-json\/wp\/v2\/media\/72067"}],"wp:attachment":[{"href":"https:\/\/martehelgetun.no\/en\/wp-json\/wp\/v2\/media?parent=72066"}],"wp:term":[{"taxonomy":"product_cat","embeddable":true,"href":"https:\/\/martehelgetun.no\/en\/wp-json\/wp\/v2\/product_cat?post=72066"},{"taxonomy":"product_tag","embeddable":true,"href":"https:\/\/martehelgetun.no\/en\/wp-json\/wp\/v2\/product_tag?post=72066"}],"curies":[{"name":"wp","href":"https:\/\/api.w.org\/{rel}","templated":true}]}}