{"id":72049,"date":"2024-02-15T13:26:38","date_gmt":"2024-02-15T12:26:38","guid":{"rendered":"http:\/\/martehelgetun.no\/?post_type=product&#038;p=72049"},"modified":"2025-06-10T13:50:27","modified_gmt":"2025-06-10T11:50:27","slug":"lillebrors-rakkervest-baby","status":"publish","type":"product","link":"https:\/\/martehelgetun.no\/en\/produkt\/lillebrors-rakkervest-baby\/","title":{"rendered":"Lillebrors Rakkervest &#8211; Baby"},"content":{"rendered":"<p class=\"p1\"><strong>ST\u00d8RRELSER OG M\u00c5L<\/strong><br \/>\nSt\u00f8rrelser: 3 (6) 9 (12) m\u00e5neder<br \/>\nOvervidde: 46 (49) 52 (55) cm<br \/>\nHel lengde: 26 (28) 30 (32) cm<\/p>\n<p>&nbsp;<\/p>\n<p class=\"p1\"><strong>GARN OG GARNFORBRUK<\/strong><br \/>\nLunt by Marte Helgetun<br \/>\n2 (2) 2 (2) n\u00f8ster Lunt nr. 02 Lysegr\u00e5 melert<\/p>\n<p>&nbsp;<\/p>\n<p class=\"p1\"><strong>TILBEH\u00d8R<\/strong><br \/>\n1 sotet treknapp 15 mm i diameter<\/p>\n<p>&nbsp;<\/p>\n<p class=\"p1\"><strong>PINNER OG STRIKKEFASTHET<\/strong><br \/>\n40 cm rundpinne nr. 4<br \/>\n40 cm rundpinne 3,5 til vrangbordene.<br \/>\n24 masker glattstrikk p\u00e5 pinne 4 = 10 cm<\/p>\n","protected":false},"excerpt":{"rendered":"<p class=\"p1\">En klassisk og fin vest som er like fin til hverdags som til\u00a0juleselskap. Vesten har v\u00e6rt gitt ut i et garn som gikk\u00a0ut, og har ligget p\u00e5 vent til det riktige garnet. N\u00e5, etter\u00a0mange henvendelser, er oppskriften klar og denne\u00a0gangen strikket i v\u00e5rt eget garn Lunt. Vesten strikkes nedenfra og opp.<\/p>\n<p>&nbsp;<\/p>\n<p>&nbsp;<\/p>\n<p><strong>Norsk og Engelsk oppskrift.<\/strong> Du f\u00e5r tilgang til alle spr\u00e5k som pdf fil ved kj\u00f8p.<\/p>\n","protected":false},"featured_media":72058,"template":"","meta":{"_acf_changed":false,"_relevanssi_hide_post":"","_relevanssi_hide_content":"","_relevanssi_pin_for_all":"","_relevanssi_pin_keywords":"","_relevanssi_unpin_keywords":"","_relevanssi_related_keywords":"","_relevanssi_related_include_ids":"","_relevanssi_related_exclude_ids":"","_relevanssi_related_no_append":"","_relevanssi_related_not_related":"","_relevanssi_related_posts":"","_relevanssi_noindex_reason":""},"product_cat":[60,246,279],"product_tag":[548,128,448,546,33,134,136,460,547,549],"class_list":{"0":"post-72049","1":"product","2":"type-product","3":"status-publish","4":"has-post-thumbnail","6":"product_cat-strikkeoppskrifter","7":"product_cat-tullemor-lillebror","8":"product_cat-topp","9":"product_tag-babyvest","10":"product_tag-design-by-marte-helgetun","11":"product_tag-lillebrors-rakkervest","12":"product_tag-lillebrors-rakkervest-baby","13":"product_tag-lunt","14":"product_tag-marte-helgetun","15":"product_tag-strikkeoppskrift","16":"product_tag-tullemor-og-lillebror","17":"product_tag-vest-baby","18":"product_tag-vest-i-lunt","20":"first","21":"instock","22":"downloadable","23":"taxable","24":"shipping-taxable","25":"purchasable","26":"product-type-mht_bundle"},"acf":[],"_links":{"self":[{"href":"https:\/\/martehelgetun.no\/en\/wp-json\/wp\/v2\/product\/72049","targetHints":{"allow":["GET"]}}],"collection":[{"href":"https:\/\/martehelgetun.no\/en\/wp-json\/wp\/v2\/product"}],"about":[{"href":"https:\/\/martehelgetun.no\/en\/wp-json\/wp\/v2\/types\/product"}],"wp:featuredmedia":[{"embeddable":true,"href":"https:\/\/martehelgetun.no\/en\/wp-json\/wp\/v2\/media\/72058"}],"wp:attachment":[{"href":"https:\/\/martehelgetun.no\/en\/wp-json\/wp\/v2\/media?parent=72049"}],"wp:term":[{"taxonomy":"product_cat","embeddable":true,"href":"https:\/\/martehelgetun.no\/en\/wp-json\/wp\/v2\/product_cat?post=72049"},{"taxonomy":"product_tag","embeddable":true,"href":"https:\/\/martehelgetun.no\/en\/wp-json\/wp\/v2\/product_tag?post=72049"}],"curies":[{"name":"wp","href":"https:\/\/api.w.org\/{rel}","templated":true}]}}