{"id":72040,"date":"2024-02-15T13:16:33","date_gmt":"2024-02-15T12:16:33","guid":{"rendered":"http:\/\/martehelgetun.no\/?post_type=product&#038;p=72040"},"modified":"2026-04-22T15:32:25","modified_gmt":"2026-04-22T13:32:25","slug":"tullemors-navnedagskjole","status":"publish","type":"product","link":"https:\/\/martehelgetun.no\/en\/produkt\/tullemors-navnedagskjole\/","title":{"rendered":"Tullemors navnedagskjole"},"content":{"rendered":"<p><strong>ST\u00d8RRELSER OG M\u00c5L<\/strong><br \/>\nSt\u00f8rrelser: 3 (6) 9 (12) m\u00e5neder<br \/>\nOvervidde: 52 (54) 56 (58) cm<br \/>\nHel lengde: 35 (40) 45 (50) cm<\/p>\n<p>&nbsp;<\/p>\n<p><strong>GARN OG GARNFORBRUK<\/strong><br \/>\nLunt by Marte Helgetun<br \/>\n2 (3) 3 (4) n\u00f8ster Lunt nr. 05 Leire<\/p>\n<p>&nbsp;<\/p>\n<p><strong>TILBEH\u00d8R<\/strong><br \/>\n2 sm\u00e5 trykknapper<br \/>\n2 sm\u00e5 kokosknapper til pynt<\/p>\n<p>&nbsp;<\/p>\n<p><strong>PINNER OG STRIKKEFASTHET<\/strong><br \/>\nRundpinne 60 cm lang nr. 4 og settpinner nr. 3<br \/>\n24 masker glattstrikk p\u00e5 pinne nr. 4 = 10 cm<\/p>\n","protected":false},"excerpt":{"rendered":"<p>Denne kjolen er en artig liten utfordring. Den er strikket i to deler. F\u00f8rst er overdelen strikket p\u00e5 tvers, deretter strikker du opp masker langs fletten og strikker skj\u00f8rtet nedover. Denne kjolen kan det hende du kjenner igjen fra boken min \u201cStrikk til Barn\u201d.<\/p>\n<p>&nbsp;<\/p>\n<p><strong>Norsk og Engelsk oppskrift.<\/strong> Du f\u00e5r tilgang til alle spr\u00e5k som pdf fil ved kj\u00f8p.<\/p>\n<hr \/>\n<p data-start=\"0\" data-end=\"252\">This dress is a fun little challenge. It is worked in two parts: first, the upper section is knitted sideways, then you pick up stitches along the cable and knit the skirt downward. You might recognize this dress from my book <em data-start=\"226\" data-end=\"249\">Knitting for Children<\/em>.<\/p>\n<p data-start=\"254\" data-end=\"362\" data-is-last-node=\"\" data-is-only-node=\"\"><strong>Norwegian and English pattern included.<\/strong> You will receive access to all languages as PDF files upon purchase.<\/p>\n","protected":false},"featured_media":72045,"template":"","meta":{"_acf_changed":false,"_relevanssi_hide_post":"","_relevanssi_hide_content":"","_relevanssi_pin_for_all":"","_relevanssi_pin_keywords":"","_relevanssi_unpin_keywords":"","_relevanssi_related_keywords":"","_relevanssi_related_include_ids":"","_relevanssi_related_exclude_ids":"","_relevanssi_related_no_append":"","_relevanssi_related_not_related":"","_relevanssi_related_posts":"","_relevanssi_noindex_reason":""},"product_cat":[60,246,201],"product_tag":[542,128,540,545,33,134,544,136,460,543],"class_list":{"0":"post-72040","1":"product","2":"type-product","3":"status-publish","4":"has-post-thumbnail","6":"product_cat-strikkeoppskrifter","7":"product_cat-tullemor-lillebror","8":"product_cat-kjoler-og-skjort","9":"product_tag-babykjole","10":"product_tag-design-by-marte-helgetun","11":"product_tag-kjole-baby","12":"product_tag-kjole-i-lunt","13":"product_tag-lunt","14":"product_tag-marte-helgetun","15":"product_tag-navnedagskjole","16":"product_tag-strikkeoppskrift","17":"product_tag-tullemor-og-lillebror","18":"product_tag-tullemors-navnedagskjole","20":"first","21":"instock","22":"downloadable","23":"taxable","24":"shipping-taxable","25":"purchasable","26":"product-type-mht_bundle"},"acf":[],"_links":{"self":[{"href":"https:\/\/martehelgetun.no\/en\/wp-json\/wp\/v2\/product\/72040","targetHints":{"allow":["GET"]}}],"collection":[{"href":"https:\/\/martehelgetun.no\/en\/wp-json\/wp\/v2\/product"}],"about":[{"href":"https:\/\/martehelgetun.no\/en\/wp-json\/wp\/v2\/types\/product"}],"wp:featuredmedia":[{"embeddable":true,"href":"https:\/\/martehelgetun.no\/en\/wp-json\/wp\/v2\/media\/72045"}],"wp:attachment":[{"href":"https:\/\/martehelgetun.no\/en\/wp-json\/wp\/v2\/media?parent=72040"}],"wp:term":[{"taxonomy":"product_cat","embeddable":true,"href":"https:\/\/martehelgetun.no\/en\/wp-json\/wp\/v2\/product_cat?post=72040"},{"taxonomy":"product_tag","embeddable":true,"href":"https:\/\/martehelgetun.no\/en\/wp-json\/wp\/v2\/product_tag?post=72040"}],"curies":[{"name":"wp","href":"https:\/\/api.w.org\/{rel}","templated":true}]}}