{"id":72017,"date":"2024-02-15T13:02:42","date_gmt":"2024-02-15T12:02:42","guid":{"rendered":"http:\/\/martehelgetun.no\/?post_type=product&#038;p=72017"},"modified":"2026-04-22T15:00:16","modified_gmt":"2026-04-22T13:00:16","slug":"sommerkjole-i-line-baby","status":"publish","type":"product","link":"https:\/\/martehelgetun.no\/en\/product\/sommerkjole-i-line-baby\/","title":{"rendered":"Sommerkjole i Line &#8211; Baby"},"content":{"rendered":"<div><\/div>\n<p class=\"p1\"><strong>ST\u00d8RRELSER OG M\u00c5L<\/strong><b><br \/>\n<\/b>St\u00f8rrelser: 3 (6) 9 (12) mnd<br \/>\n<i>Overvidde: <\/i>46 (50) 54 (58) cm<br \/>\n<i>Hel lengde: <\/i>30 (33) 36 (40 ) cm<\/p>\n<p>&nbsp;<\/p>\n<p class=\"p2\"><strong>GARN OG GARNFORBRUK<\/strong><b><br \/>\n<\/b>Line fra Sandnes Garn<br \/>\n2 (3) 3 (4) n\u00f8ster 1015 Kitt<\/p>\n<p>&nbsp;<\/p>\n<p class=\"p1\"><strong>PINNER OG STRIKKEFASTHET<\/strong><br \/>\n60 cm rundpinne nr. 3,5 og 4<br \/>\n20 masker glattstrikk p\u00e5 pinne nr. 4 blir ca 10 cm<\/p>\n","protected":false},"excerpt":{"rendered":"<div>\n<p class=\"p1\">Garnet Line er et veldig fint garn hvor strukturen kommer godt fram. Denne kjolen er strikket fra toppen og ned slik\u00a0at det er enklere \u00e5 tilpasse lengden.\u00a0Dette er et strikkeplagg som varer lenge. F\u00f8rste \u00e5ret\u00a0som en kjole, \u00e5ret etter som en kjekk tunika og \u00e5ret etter\u00a0det igjen som en s\u00f8t liten sommertopp..<\/p>\n<p>&nbsp;<\/p>\n<p>&nbsp;<\/p>\n<p><strong>Norsk og Engelsk oppskrift.<\/strong> Du f\u00e5r tilgang til alle spr\u00e5k som pdf fil ved kj\u00f8p.<\/p>\n<hr \/>\n<\/div>\n<div>\n<p data-start=\"0\" data-end=\"273\">The yarn Line is a beautiful choice where the texture really stands out. This dress is worked top-down, making it easy to adjust the length. It\u2019s a garment that lasts for years \u2013 first as a dress, the next year as a practical tunic, and then as a sweet little summer top.<\/p>\n<p data-start=\"275\" data-end=\"383\" data-is-last-node=\"\" data-is-only-node=\"\"><strong>Norwegian and English pattern included.<\/strong> You will receive access to all languages as PDF files upon purchase.<\/p>\n<\/div>\n<p class=\"p1\">\n","protected":false},"featured_media":72034,"template":"","meta":{"_acf_changed":false,"_relevanssi_hide_post":"","_relevanssi_hide_content":"","_relevanssi_pin_for_all":"","_relevanssi_pin_keywords":"","_relevanssi_unpin_keywords":"","_relevanssi_related_keywords":"","_relevanssi_related_include_ids":"","_relevanssi_related_exclude_ids":"","_relevanssi_related_no_append":"","_relevanssi_related_not_related":"","_relevanssi_related_posts":"","_relevanssi_noindex_reason":""},"product_brand":[],"product_cat":[201,734,60,246],"product_tag":[542,128,206,540,487,541,43,437,136,460],"class_list":{"0":"post-72017","1":"product","2":"type-product","3":"status-publish","4":"has-post-thumbnail","6":"product_cat-kjoler-og-skjort","7":"product_cat-sommerstrikk","8":"product_cat-strikkeoppskrifter","9":"product_cat-tullemor-lillebror","10":"product_tag-babykjole","11":"product_tag-design-by-marte-helgetun","12":"product_tag-kjole","13":"product_tag-kjole-baby","14":"product_tag-kjole-i-line","15":"product_tag-kjole-i-line-baby","16":"product_tag-line","17":"product_tag-sommerkjole-i-line","18":"product_tag-strikkeoppskrift","19":"product_tag-tullemor-og-lillebror","21":"first","22":"instock","23":"downloadable","24":"taxable","25":"shipping-taxable","26":"purchasable","27":"product-type-mht_bundle"},"acf":[],"_links":{"self":[{"href":"https:\/\/martehelgetun.no\/en\/wp-json\/wp\/v2\/product\/72017","targetHints":{"allow":["GET"]}}],"collection":[{"href":"https:\/\/martehelgetun.no\/en\/wp-json\/wp\/v2\/product"}],"about":[{"href":"https:\/\/martehelgetun.no\/en\/wp-json\/wp\/v2\/types\/product"}],"wp:featuredmedia":[{"embeddable":true,"href":"https:\/\/martehelgetun.no\/en\/wp-json\/wp\/v2\/media\/72034"}],"wp:attachment":[{"href":"https:\/\/martehelgetun.no\/en\/wp-json\/wp\/v2\/media?parent=72017"}],"wp:term":[{"taxonomy":"product_brand","embeddable":true,"href":"https:\/\/martehelgetun.no\/en\/wp-json\/wp\/v2\/product_brand?post=72017"},{"taxonomy":"product_cat","embeddable":true,"href":"https:\/\/martehelgetun.no\/en\/wp-json\/wp\/v2\/product_cat?post=72017"},{"taxonomy":"product_tag","embeddable":true,"href":"https:\/\/martehelgetun.no\/en\/wp-json\/wp\/v2\/product_tag?post=72017"}],"curies":[{"name":"wp","href":"https:\/\/api.w.org\/{rel}","templated":true}]}}