{"id":72016,"date":"2024-02-15T13:06:31","date_gmt":"2024-02-15T12:06:31","guid":{"rendered":"http:\/\/martehelgetun.no\/?post_type=product&#038;p=72016"},"modified":"2025-06-10T13:09:54","modified_gmt":"2025-06-10T11:09:54","slug":"arwens-varsjal","status":"publish","type":"product","link":"https:\/\/martehelgetun.no\/en\/produkt\/arwens-varsjal\/","title":{"rendered":"Arwens v\u00e5rsjal"},"content":{"rendered":"<div class=\"page\" title=\"Page 3\">\n<div class=\"layoutArea\">\n<div class=\"column\"><\/div>\n<div class=\"page\" title=\"Page 3\">\n<div class=\"layoutArea\">\n<div class=\"column\">\n<p><strong>ST\u00d8RRELSER<\/strong><br \/>\nSt\u00f8rrelser: Lite (Stort)<br \/>\nBredde: ca 110 (180) cm H\u00f8yde: ca 65 (90) cm midt foran<\/p>\n<p>&nbsp;<\/p>\n<p><strong>GARN OG GARNFORBRUK<\/strong><br \/>\nLunt Fargespill og Lunt by Marte Helgetun<br \/>\nLite: 1 n\u00f8ste Fargespill nr. 12 Kl\u00f8vereng<br \/>\nStort: 1 n\u00f8ste Lunt Fargespill nr. 12 Kl\u00f8vereng + 3 n\u00f8ster Lunt nr. 01 Kitt<br \/>\n(eller den fargen du har nederst pa\u030a sjalet)<\/p>\n<p>&nbsp;<\/p>\n<p><strong>PINNER OG STRIKKEFASTHET<\/strong><br \/>\n80 cm rundpinne nr. 4,5<br \/>\n20 masker glattstrikk pa\u030a pinne nr. 4,5 = 10 cm<\/p>\n<\/div>\n<\/div>\n<\/div>\n<\/div>\n<\/div>\n","protected":false},"excerpt":{"rendered":"<div class=\"column\">\n<p>Dette er et sjarmerende va\u030arsjal hvor den fine strukturen fa\u030ar skinne midt foran. Da fa\u030ar man vist det frem selv om det egentlig er jakkev\u00e6r. Her er det strikket av kun ett n\u00f8ste Lunt Fargespill. \u00d8nsker du det st\u00f8rre legger du til tre n\u00f8ster med Lunt i endefargen. Du starter med noen fa\u030a masker oppe ved ansiktet.\u00a0Oppskriften finner du b\u00e5de som singeloppskrift og i heftet &#8220;Hverdagsfavoritter 04 Kl\u00f8vereng&#8221;.<\/p>\n<p>&nbsp;<\/p>\n<p>&nbsp;<\/p>\n<p><strong>Norsk og Engelsk oppskrift.<\/strong> Du f\u00e5r tilgang til alle spr\u00e5k som pdf fil ved kj\u00f8p.<\/p>\n<\/div>\n","protected":false},"featured_media":72026,"template":"","meta":{"_acf_changed":false,"_relevanssi_hide_post":"","_relevanssi_hide_content":"","_relevanssi_pin_for_all":"","_relevanssi_pin_keywords":"","_relevanssi_unpin_keywords":"","_relevanssi_related_keywords":"","_relevanssi_related_include_ids":"","_relevanssi_related_exclude_ids":"","_relevanssi_related_no_append":"","_relevanssi_related_not_related":"","_relevanssi_related_posts":"","_relevanssi_noindex_reason":""},"product_cat":[86,81],"product_tag":[],"class_list":{"0":"post-72016","1":"product","2":"type-product","3":"status-publish","4":"has-post-thumbnail","6":"product_cat-fargespill","7":"product_cat-skjerf-sjal-hals","9":"first","10":"instock","11":"downloadable","12":"taxable","13":"shipping-taxable","14":"purchasable","15":"product-type-mht_bundle"},"acf":[],"_links":{"self":[{"href":"https:\/\/martehelgetun.no\/en\/wp-json\/wp\/v2\/product\/72016","targetHints":{"allow":["GET"]}}],"collection":[{"href":"https:\/\/martehelgetun.no\/en\/wp-json\/wp\/v2\/product"}],"about":[{"href":"https:\/\/martehelgetun.no\/en\/wp-json\/wp\/v2\/types\/product"}],"wp:featuredmedia":[{"embeddable":true,"href":"https:\/\/martehelgetun.no\/en\/wp-json\/wp\/v2\/media\/72026"}],"wp:attachment":[{"href":"https:\/\/martehelgetun.no\/en\/wp-json\/wp\/v2\/media?parent=72016"}],"wp:term":[{"taxonomy":"product_cat","embeddable":true,"href":"https:\/\/martehelgetun.no\/en\/wp-json\/wp\/v2\/product_cat?post=72016"},{"taxonomy":"product_tag","embeddable":true,"href":"https:\/\/martehelgetun.no\/en\/wp-json\/wp\/v2\/product_tag?post=72016"}],"curies":[{"name":"wp","href":"https:\/\/api.w.org\/{rel}","templated":true}]}}