{"id":72007,"date":"2024-02-15T12:40:34","date_gmt":"2024-02-15T11:40:34","guid":{"rendered":"http:\/\/martehelgetun.no\/?post_type=product&#038;p=72007"},"modified":"2025-06-10T13:06:25","modified_gmt":"2025-06-10T11:06:25","slug":"ballongbukse-til-baby","status":"publish","type":"product","link":"https:\/\/martehelgetun.no\/en\/produkt\/ballongbukse-til-baby\/","title":{"rendered":"Ballongbukse til baby"},"content":{"rendered":"<p class=\"p1\"><strong>ST\u00d8RRELSER OG M\u00c5L<\/strong><br \/>\nSt\u00f8rrelse: 3 (6) 9 (12) mnd<br \/>\nVidde: 46 (50) 55 (61) cm<br \/>\nHel lengde: 38 (42) 48 (54) cm<br \/>\nBenlengde: 20 (22) 26 (30) cm<\/p>\n<p class=\"p1\"><strong><br \/>\nGARN OG GARNFORBRUK<\/strong><br \/>\nLunt by Marte Helgetun<br \/>\n2 (3) 4 (4) n\u00f8ster Lunt nr. 05 Leire<\/p>\n<p class=\"p1\"><strong><br \/>\nPINNER OG STRIKKEFASTHET<\/strong><br \/>\nRundpinne 60 cm lang nr. 3,5 og nr. 3,<br \/>\nrundpinne 40 cm lang nr. 3,5 og settpinner nr. 3<br \/>\n24 masker glattstrikk p\u00e5 pinne nr. 3,5 = 10 cm<\/p>\n","protected":false},"excerpt":{"rendered":"<p class=\"p1\">Dette er en litt vid bukse som er kjempegod i bruk. Denne posebuksen vokser fint med barnet, s\u00e5 du kan godt strikke den litt stor i starten, da kan den brukes enda lenger.\u00a0Buksen strikkes rundt i ett stykke. Du starter i livet og\u00a0strikker deg nedover.<\/p>\n<p>&nbsp;<\/p>\n<p>&nbsp;<\/p>\n<p><strong>Norsk og Engelsk oppskrift.<\/strong> Du f\u00e5r tilgang til alle spr\u00e5k som pdf fil ved kj\u00f8p.<\/p>\n","protected":false},"featured_media":72012,"template":"","meta":{"_acf_changed":false,"_relevanssi_hide_post":"","_relevanssi_hide_content":"","_relevanssi_pin_for_all":"","_relevanssi_pin_keywords":"","_relevanssi_unpin_keywords":"","_relevanssi_related_keywords":"","_relevanssi_related_include_ids":"","_relevanssi_related_exclude_ids":"","_relevanssi_related_no_append":"","_relevanssi_related_not_related":"","_relevanssi_related_posts":"","_relevanssi_noindex_reason":""},"product_cat":[60,246,202],"product_tag":[538,536,539,537,128,33,134,136,460],"class_list":{"0":"post-72007","1":"product","2":"type-product","3":"status-publish","4":"has-post-thumbnail","6":"product_cat-strikkeoppskrifter","7":"product_cat-tullemor-lillebror","8":"product_cat-bukser","9":"product_tag-babybukse","10":"product_tag-ballongbukse","11":"product_tag-bukse-i-lunt","12":"product_tag-bukse-til-baby","13":"product_tag-design-by-marte-helgetun","14":"product_tag-lunt","15":"product_tag-marte-helgetun","16":"product_tag-strikkeoppskrift","17":"product_tag-tullemor-og-lillebror","19":"first","20":"instock","21":"downloadable","22":"taxable","23":"shipping-taxable","24":"purchasable","25":"product-type-mht_bundle"},"acf":[],"_links":{"self":[{"href":"https:\/\/martehelgetun.no\/en\/wp-json\/wp\/v2\/product\/72007","targetHints":{"allow":["GET"]}}],"collection":[{"href":"https:\/\/martehelgetun.no\/en\/wp-json\/wp\/v2\/product"}],"about":[{"href":"https:\/\/martehelgetun.no\/en\/wp-json\/wp\/v2\/types\/product"}],"wp:featuredmedia":[{"embeddable":true,"href":"https:\/\/martehelgetun.no\/en\/wp-json\/wp\/v2\/media\/72012"}],"wp:attachment":[{"href":"https:\/\/martehelgetun.no\/en\/wp-json\/wp\/v2\/media?parent=72007"}],"wp:term":[{"taxonomy":"product_cat","embeddable":true,"href":"https:\/\/martehelgetun.no\/en\/wp-json\/wp\/v2\/product_cat?post=72007"},{"taxonomy":"product_tag","embeddable":true,"href":"https:\/\/martehelgetun.no\/en\/wp-json\/wp\/v2\/product_tag?post=72007"}],"curies":[{"name":"wp","href":"https:\/\/api.w.org\/{rel}","templated":true}]}}