{"id":71993,"date":"2024-02-15T11:21:38","date_gmt":"2024-02-15T10:21:38","guid":{"rendered":"http:\/\/martehelgetun.no\/?post_type=product&#038;p=71993"},"modified":"2025-06-10T13:49:10","modified_gmt":"2025-06-10T11:49:10","slug":"tre-sote-babytepper","status":"publish","type":"product","link":"https:\/\/martehelgetun.no\/en\/produkt\/tre-sote-babytepper\/","title":{"rendered":"Tre s\u00f8te babytepper"},"content":{"rendered":"<p><strong>ST\u00d8RRELSER OG M\u00c5L<br \/>\n<\/strong>Lite: ca. 60&#215;60 cm Stort: ca. 80&#215;80 cm etter damping<\/p>\n<p><strong><br \/>\nGARN OG GARNFORBRUK<\/strong><br \/>\nLunt by Marte Helgetun<br \/>\nFletteteppe: 4 (6) n\u00f8ster nr. 01 Kitt<br \/>\nStripeteppe: 3 (5) n\u00f8ster nr. 07 Lys skifer<br \/>\nPerleteppe: 3 (5) n\u00f8ster nr. 05 Leire<\/p>\n<p><strong><br \/>\nPINNER OG STRIKKEFASTHET<\/strong><br \/>\n60-100 cm rundpinne nr. 4<br \/>\nHeklen\u00e5l nr. 3,5 hvis du vil hekle rund kanten p\u00e5 perleteppet.<br \/>\n24 masker strukturstrikk p\u00e5 pinne nr. 4 = 10 cm<br \/>\n31 masker flettestruktur p\u00e5 pinne nr. 4 = 10 cm<\/p>\n<p>&nbsp;<\/p>\n","protected":false},"excerpt":{"rendered":"<p>Et helt enkelt babyteppe vil bli satt pris p\u00e5 av b\u00e5de de nybakte foreldrene og det lille barnet i lang tid. Her har vi laget tre ulike strukturer du kan velge mellom.\u00a0Garnvalget var enkelt, v\u00e5rt eget merinogarn Lunt er brukt til alle tre teppene. Dette er et utrolig mykt og lunt ullgarn uten superwashbehandling. Et perfekt valg til de minste.<\/p>\n<p><strong>\u00a0<\/strong><em>Alle tre teppene i begge st\u00f8rrelsene er med i oppskriften, men fordi det g\u00e5r litt mer garn i fletteteppet m\u00e5tte jeg dele valgene opp litt p\u00e5 garnpakkene. \u00a0Det er med nok garn til \u00e5 strikke ett teppe.<\/em><\/p>\n<p>&nbsp;<\/p>\n<p>&nbsp;<\/p>\n<p><strong>Norsk og Engelsk oppskrift.<\/strong> Du f\u00e5r tilgang til alle spr\u00e5k som pdf fil ved kj\u00f8p.<\/p>\n<p>&nbsp;<\/p>\n<div class=\"moz-signature\"><\/div>\n<p>&nbsp;<\/p>\n","protected":false},"featured_media":71994,"template":"","meta":{"_acf_changed":false,"_relevanssi_hide_post":"","_relevanssi_hide_content":"","_relevanssi_pin_for_all":"","_relevanssi_pin_keywords":"","_relevanssi_unpin_keywords":"","_relevanssi_related_keywords":"","_relevanssi_related_include_ids":"","_relevanssi_related_exclude_ids":"","_relevanssi_related_no_append":"","_relevanssi_related_not_related":"","_relevanssi_related_posts":"","_relevanssi_noindex_reason":""},"product_cat":[60,246,203],"product_tag":[531,534,533,128,33,134,532,136,535,530,460],"class_list":{"0":"post-71993","1":"product","2":"type-product","3":"status-publish","4":"has-post-thumbnail","6":"product_cat-strikkeoppskrifter","7":"product_cat-tullemor-lillebror","8":"product_cat-teppe","9":"product_tag-3-sote-babytepper","10":"product_tag-babyteppe","11":"product_tag-babytepper","12":"product_tag-design-by-marte-helgetun","13":"product_tag-lunt","14":"product_tag-marte-helgetun","15":"product_tag-sote-babytepper","16":"product_tag-strikkeoppskrift","17":"product_tag-teppe-baby","18":"product_tag-tre-sote-babytepper","19":"product_tag-tullemor-og-lillebror","21":"first","22":"instock","23":"downloadable","24":"taxable","25":"shipping-taxable","26":"purchasable","27":"product-type-mht_bundle"},"acf":[],"_links":{"self":[{"href":"https:\/\/martehelgetun.no\/en\/wp-json\/wp\/v2\/product\/71993","targetHints":{"allow":["GET"]}}],"collection":[{"href":"https:\/\/martehelgetun.no\/en\/wp-json\/wp\/v2\/product"}],"about":[{"href":"https:\/\/martehelgetun.no\/en\/wp-json\/wp\/v2\/types\/product"}],"wp:featuredmedia":[{"embeddable":true,"href":"https:\/\/martehelgetun.no\/en\/wp-json\/wp\/v2\/media\/71994"}],"wp:attachment":[{"href":"https:\/\/martehelgetun.no\/en\/wp-json\/wp\/v2\/media?parent=71993"}],"wp:term":[{"taxonomy":"product_cat","embeddable":true,"href":"https:\/\/martehelgetun.no\/en\/wp-json\/wp\/v2\/product_cat?post=71993"},{"taxonomy":"product_tag","embeddable":true,"href":"https:\/\/martehelgetun.no\/en\/wp-json\/wp\/v2\/product_tag?post=71993"}],"curies":[{"name":"wp","href":"https:\/\/api.w.org\/{rel}","templated":true}]}}