{"id":71988,"date":"2024-02-15T10:48:22","date_gmt":"2024-02-15T09:48:22","guid":{"rendered":"http:\/\/martehelgetun.no\/?post_type=product&#038;p=71988"},"modified":"2026-04-22T14:58:37","modified_gmt":"2026-04-22T12:58:37","slug":"t-skjortekjole","status":"publish","type":"product","link":"https:\/\/martehelgetun.no\/en\/product\/t-skjortekjole\/","title":{"rendered":"T-skjortekjole"},"content":{"rendered":"<p class=\"p1\"><strong>ST\u00d8RRELSER OG M\u00c5L<br \/>\n<\/strong>St\u00f8rrelser: 1 (2) 4 (6) \u00e5r<br \/>\nOvervidde: 54 (62) 65 (73) cm<br \/>\nHel lengde: 40 (45) 50 (55) cm<\/p>\n<p class=\"p1\"><strong><br \/>\nGARN OG GARNFORBRUK<br \/>\n<\/strong>Line fra Sandnes Garn<br \/>\n2 (2) 3 (3) n\u00f8ster Kitt nr. 1015<br \/>\n2 (3) 3 (4) n\u00f8ste Skifer nr. 6080<\/p>\n<p class=\"p1\"><strong><br \/>\nTILBEH\u00d8R<br \/>\n<\/strong>2 sotede treknapper 15 mm<br \/>\nTynn skinnsnor ca 1 m<\/p>\n<p class=\"p1\"><strong><br \/>\nPINNER OG STRIKKEFASTHET<br \/>\n<\/strong>Rundpinne 60 cm lang nr. 4 og 3,5<br \/>\nStr\u00f8mpepinner nr. 3,5 til ermene<br \/>\nP\u00e5 1 \u00e5rsst\u00f8rrelsen anbefaler jeg 40 cm pinner<br \/>\n22 masker glattstrikk p\u00e5 pinne nr. 4 = 10 cm<\/p>\n","protected":false},"excerpt":{"rendered":"<p class=\"p1\">Sommerkjoler med et litt maritimt uttrykk er en av mine favoritter. Det klassiske med fargene og\u00a0stripene gir meg straks assosiasjoner til strand og b\u00e5tliv. At det er et sv\u00e6rt anvendelig plagg skader jo\u00a0heller ikke.\u00a0Kjolen strikkes ovenfra og ned med raglan\u00f8kinger, og det er da lett \u00e5 justere lengden p\u00e5 skj\u00f8rtet slik\u00a0at det blir som du \u00f8nsker.<\/p>\n<p>&nbsp;<\/p>\n<p>&nbsp;<\/p>\n<p><strong>Norsk og Engelsk oppskrift.<\/strong> Du f\u00e5r tilgang til alle spr\u00e5k som pdf fil ved kj\u00f8p.<\/p>\n<hr \/>\n<p data-start=\"0\" data-end=\"349\">Summer dresses with a slightly maritime feel are one of my favorites. The classic colors and stripes instantly make me think of the beach and life by the sea. The fact that it\u2019s such a versatile garment certainly doesn\u2019t hurt either. The dress is worked top-down with raglan increases, making it easy to adjust the skirt length to your preference.<\/p>\n<p data-start=\"351\" data-end=\"459\" data-is-last-node=\"\" data-is-only-node=\"\"><strong>Norwegian and English pattern included.<\/strong> You will receive access to all languages as PDF files upon purchase.<\/p>\n","protected":false},"featured_media":76426,"template":"","meta":{"_acf_changed":false,"_relevanssi_hide_post":"","_relevanssi_hide_content":"","_relevanssi_pin_for_all":"","_relevanssi_pin_keywords":"","_relevanssi_unpin_keywords":"","_relevanssi_related_keywords":"","_relevanssi_related_include_ids":"","_relevanssi_related_exclude_ids":"","_relevanssi_related_no_append":"","_relevanssi_related_not_related":"","_relevanssi_related_posts":"","_relevanssi_noindex_reason":""},"product_brand":[],"product_cat":[201,734,60,246],"product_tag":[128,206,441,477,487,423,43,136,523,460],"class_list":{"0":"post-71988","1":"product","2":"type-product","3":"status-publish","4":"has-post-thumbnail","6":"product_cat-kjoler-og-skjort","7":"product_cat-sommerstrikk","8":"product_cat-strikkeoppskrifter","9":"product_cat-tullemor-lillebror","10":"product_tag-design-by-marte-helgetun","11":"product_tag-kjole","12":"product_tag-kjole-barn","13":"product_tag-kjole-barnehage","14":"product_tag-kjole-i-line","15":"product_tag-kjole-i-line-barn","16":"product_tag-line","17":"product_tag-strikkeoppskrift","18":"product_tag-t-skjortekjole","19":"product_tag-tullemor-og-lillebror","21":"first","22":"instock","23":"downloadable","24":"taxable","25":"shipping-taxable","26":"purchasable","27":"product-type-mht_bundle"},"acf":[],"_links":{"self":[{"href":"https:\/\/martehelgetun.no\/en\/wp-json\/wp\/v2\/product\/71988","targetHints":{"allow":["GET"]}}],"collection":[{"href":"https:\/\/martehelgetun.no\/en\/wp-json\/wp\/v2\/product"}],"about":[{"href":"https:\/\/martehelgetun.no\/en\/wp-json\/wp\/v2\/types\/product"}],"wp:featuredmedia":[{"embeddable":true,"href":"https:\/\/martehelgetun.no\/en\/wp-json\/wp\/v2\/media\/76426"}],"wp:attachment":[{"href":"https:\/\/martehelgetun.no\/en\/wp-json\/wp\/v2\/media?parent=71988"}],"wp:term":[{"taxonomy":"product_brand","embeddable":true,"href":"https:\/\/martehelgetun.no\/en\/wp-json\/wp\/v2\/product_brand?post=71988"},{"taxonomy":"product_cat","embeddable":true,"href":"https:\/\/martehelgetun.no\/en\/wp-json\/wp\/v2\/product_cat?post=71988"},{"taxonomy":"product_tag","embeddable":true,"href":"https:\/\/martehelgetun.no\/en\/wp-json\/wp\/v2\/product_tag?post=71988"}],"curies":[{"name":"wp","href":"https:\/\/api.w.org\/{rel}","templated":true}]}}