{"id":71985,"date":"2024-02-15T10:37:57","date_gmt":"2024-02-15T09:37:57","guid":{"rendered":"http:\/\/martehelgetun.no\/?post_type=product&#038;p=71985"},"modified":"2025-06-10T13:35:51","modified_gmt":"2025-06-10T11:35:51","slug":"marinas-kjole-barnehagebarn","status":"publish","type":"product","link":"https:\/\/martehelgetun.no\/en\/produkt\/marinas-kjole-barnehagebarn\/","title":{"rendered":"Marinas kjole &#8211; barnehagebarn"},"content":{"rendered":"<p><strong>ST\u00d8RRELSER OG M\u00c5L<br \/>\n<\/strong>St\u00f8rrelse: 1 (2) 4 (6) \u00e5r<br \/>\nOvervidde: 48 (52) 56 (60) cm<br \/>\nSkj\u00f8rtvidde: 65 (70) 75 (80) cm<br \/>\nSkj\u00f8rtlengde: ca 29 (32) 35 (38) cm<br \/>\nHel lengde: ca 45 (50) 55 (60) cm<\/p>\n<p>&nbsp;<\/p>\n<p><strong>GARN OG GARNFORBRUK<br \/>\n<\/strong>Line fra Sandnes Garn<br \/>\n2 (2) 3 (3) n\u00f8ster Kitt nr. 1015<br \/>\n2 (2) 3 (3) n\u00f8ster Skifer nr. 6080<\/p>\n<p>&nbsp;<\/p>\n<p><strong>TILBEH\u00d8R<\/strong><br \/>\n1 kokosknapp ca 15 mm i diameter<\/p>\n<p>&nbsp;<\/p>\n<p><strong>PINNER OG STRIKKEFASTHET<br \/>\n<\/strong>Rundpinne 60 cm lang nr. 4<br \/>\nen heklen\u00e5l nr 3,5 til hempen bak.<br \/>\n20 masker glattstrikk p\u00e5 pinne nr. 4 = 10 cm<\/p>\n","protected":false},"excerpt":{"rendered":"<p>Denne kjolen i maritime farger er kjekk \u00e5 smette p\u00e5 n\u00e5r solen varmer eller den kan brukes til finere anledninger. Den strikkes nedenfra og opp, har glattstrikkede striper nederst og enkel perlestruktur \u00f8verst.<\/p>\n<p>&nbsp;<\/p>\n<p>&nbsp;<\/p>\n<p><strong>Norsk og Engelsk oppskrift.<\/strong> Du f\u00e5r tilgang til alle spr\u00e5k som pdf fil ved kj\u00f8p.<\/p>\n","protected":false},"featured_media":71321,"template":"","meta":{"_acf_changed":false,"_relevanssi_hide_post":"","_relevanssi_hide_content":"","_relevanssi_pin_for_all":"","_relevanssi_pin_keywords":"","_relevanssi_unpin_keywords":"","_relevanssi_related_keywords":"","_relevanssi_related_include_ids":"","_relevanssi_related_exclude_ids":"","_relevanssi_related_no_append":"","_relevanssi_related_not_related":"","_relevanssi_related_posts":"","_relevanssi_noindex_reason":""},"product_cat":[60,246,734,201],"product_tag":[128,443,206,441,487,423,43,522,521,134,136],"class_list":{"0":"post-71985","1":"product","2":"type-product","3":"status-publish","4":"has-post-thumbnail","6":"product_cat-strikkeoppskrifter","7":"product_cat-tullemor-lillebror","8":"product_cat-sommerstrikk","9":"product_cat-kjoler-og-skjort","10":"product_tag-design-by-marte-helgetun","11":"product_tag-finkjole-barn","12":"product_tag-kjole","13":"product_tag-kjole-barn","14":"product_tag-kjole-i-line","15":"product_tag-kjole-i-line-barn","16":"product_tag-line","17":"product_tag-marinas-kjole","18":"product_tag-marinas-kjole-barnehage","19":"product_tag-marte-helgetun","20":"product_tag-strikkeoppskrift","22":"first","23":"instock","24":"downloadable","25":"taxable","26":"shipping-taxable","27":"purchasable","28":"product-type-mht_bundle"},"acf":[],"_links":{"self":[{"href":"https:\/\/martehelgetun.no\/en\/wp-json\/wp\/v2\/product\/71985","targetHints":{"allow":["GET"]}}],"collection":[{"href":"https:\/\/martehelgetun.no\/en\/wp-json\/wp\/v2\/product"}],"about":[{"href":"https:\/\/martehelgetun.no\/en\/wp-json\/wp\/v2\/types\/product"}],"wp:featuredmedia":[{"embeddable":true,"href":"https:\/\/martehelgetun.no\/en\/wp-json\/wp\/v2\/media\/71321"}],"wp:attachment":[{"href":"https:\/\/martehelgetun.no\/en\/wp-json\/wp\/v2\/media?parent=71985"}],"wp:term":[{"taxonomy":"product_cat","embeddable":true,"href":"https:\/\/martehelgetun.no\/en\/wp-json\/wp\/v2\/product_cat?post=71985"},{"taxonomy":"product_tag","embeddable":true,"href":"https:\/\/martehelgetun.no\/en\/wp-json\/wp\/v2\/product_tag?post=71985"}],"curies":[{"name":"wp","href":"https:\/\/api.w.org\/{rel}","templated":true}]}}