{"id":71976,"date":"2024-02-15T10:15:05","date_gmt":"2024-02-15T09:15:05","guid":{"rendered":"http:\/\/martehelgetun.no\/?post_type=product&#038;p=71976"},"modified":"2026-04-22T13:27:53","modified_gmt":"2026-04-22T11:27:53","slug":"midtsommervest-mini","status":"publish","type":"product","link":"https:\/\/martehelgetun.no\/en\/product\/midtsommervest-mini\/","title":{"rendered":"Midtsommervest &#8211; MINI"},"content":{"rendered":"<p><strong>ST\u00d8RRELSER OG M\u00c5L<\/strong><br \/>\nSt\u00f8rrelser: 1 (2) 4 (6) \u00e5r<br \/>\nOvervidde: 55 (60) 65 (70) cm<br \/>\nHel lengde: 32 (36) 40 (44) cm<\/p>\n<p>&nbsp;<\/p>\n<p><strong>GARN OG GARNFORBRUK<\/strong><br \/>\nLine fra Sandnes Garn<br \/>\n2 (3) 3 (4) n\u00f8ster St\u00f8vet gr\u00f8nn nr. 8561<\/p>\n<p>&nbsp;<\/p>\n<p><strong>TILBEH\u00d8R<\/strong><br \/>\n1 kokosknapp ca 15 mm i diameter<\/p>\n<p>&nbsp;<\/p>\n<p><strong>PINNER OG STRIKKEFASTHET<\/strong><br \/>\nRundpinne 60 cm lang nr. 3,5 og 3<br \/>\nStr\u00f8mpepinner nr. 3 til ermene<br \/>\nP\u00e5 1 \u00e5rsst\u00f8rrelsen anbefaler jeg 40 cm pinner<br \/>\n22 masker strukturstrikk p\u00e5 pinne nr. 3,5 = 10 cm<\/p>\n","protected":false},"excerpt":{"rendered":"<p>Det mest anvendelige strikkeplagget til sm\u00e5 gutter er en hjemmestrikka vest.\u00a0Med en enkel skjorte under blir de skikkelig t\u00f8ffe.\u00a0Vesten strikkes nedenfra og opp og pyntes med en knapp i halsen.\u00a0Like fin til hverdags som til midtsommerfesten.<\/p>\n<p>Denne oppskriften finnes ogs\u00e5 i <a href=\"https:\/\/martehelgetun.no\/produkt\/hefte-midtsommerbarna\/\">Heftet Midsommerbarna<\/a><\/p>\n<p>&nbsp;<\/p>\n<p><strong>Norsk og Engelsk oppskrift.<\/strong> Du f\u00e5r tilgang til alle spr\u00e5k som pdf fil ved kj\u00f8p.<\/p>\n<hr \/>\n<p data-start=\"0\" data-end=\"305\">One of the most versatile knitted garments for little boys is a handmade vest. Paired with a simple shirt underneath, it gives a really stylish look. The vest is worked from the bottom up and finished with a button at the neckline. Just as perfect for everyday wear as it is for a midsummer celebration.<\/p>\n<p data-start=\"307\" data-end=\"375\">This pattern is also included in the booklet <em data-start=\"352\" data-end=\"372\">Midsummer Children<\/em>.<\/p>\n<p data-start=\"377\" data-end=\"485\" data-is-last-node=\"\" data-is-only-node=\"\"><strong>Norwegian and English pattern included.<\/strong> You will receive access to all languages as PDF files upon purchase.<\/p>\n","protected":false},"featured_media":89424,"template":"","meta":{"_acf_changed":false,"_relevanssi_hide_post":"","_relevanssi_hide_content":"","_relevanssi_pin_for_all":"","_relevanssi_pin_keywords":"","_relevanssi_unpin_keywords":"","_relevanssi_related_keywords":"","_relevanssi_related_include_ids":"","_relevanssi_related_exclude_ids":"","_relevanssi_related_no_append":"","_relevanssi_related_not_related":"","_relevanssi_related_posts":"","_relevanssi_noindex_reason":""},"product_brand":[],"product_cat":[734,60,279,246],"product_tag":[128,43,134,519,518,136,460,450,520],"class_list":{"0":"post-71976","1":"product","2":"type-product","3":"status-publish","4":"has-post-thumbnail","6":"product_cat-sommerstrikk","7":"product_cat-strikkeoppskrifter","8":"product_cat-topp","9":"product_cat-tullemor-lillebror","10":"product_tag-design-by-marte-helgetun","11":"product_tag-line","12":"product_tag-marte-helgetun","13":"product_tag-midtsommervest-barn","14":"product_tag-midtsommervest-mini","15":"product_tag-strikkeoppskrift","16":"product_tag-tullemor-og-lillebror","17":"product_tag-vest-barn","18":"product_tag-vest-i-line-barn","20":"first","21":"instock","22":"downloadable","23":"taxable","24":"shipping-taxable","25":"purchasable","26":"product-type-mht_bundle"},"acf":[],"_links":{"self":[{"href":"https:\/\/martehelgetun.no\/en\/wp-json\/wp\/v2\/product\/71976","targetHints":{"allow":["GET"]}}],"collection":[{"href":"https:\/\/martehelgetun.no\/en\/wp-json\/wp\/v2\/product"}],"about":[{"href":"https:\/\/martehelgetun.no\/en\/wp-json\/wp\/v2\/types\/product"}],"wp:featuredmedia":[{"embeddable":true,"href":"https:\/\/martehelgetun.no\/en\/wp-json\/wp\/v2\/media\/89424"}],"wp:attachment":[{"href":"https:\/\/martehelgetun.no\/en\/wp-json\/wp\/v2\/media?parent=71976"}],"wp:term":[{"taxonomy":"product_brand","embeddable":true,"href":"https:\/\/martehelgetun.no\/en\/wp-json\/wp\/v2\/product_brand?post=71976"},{"taxonomy":"product_cat","embeddable":true,"href":"https:\/\/martehelgetun.no\/en\/wp-json\/wp\/v2\/product_cat?post=71976"},{"taxonomy":"product_tag","embeddable":true,"href":"https:\/\/martehelgetun.no\/en\/wp-json\/wp\/v2\/product_tag?post=71976"}],"curies":[{"name":"wp","href":"https:\/\/api.w.org\/{rel}","templated":true}]}}