{"id":71969,"date":"2024-02-15T10:04:21","date_gmt":"2024-02-15T09:04:21","guid":{"rendered":"http:\/\/martehelgetun.no\/?post_type=product&#038;p=71969"},"modified":"2026-04-22T13:29:19","modified_gmt":"2026-04-22T11:29:19","slug":"midtsommerkjole-mini","status":"publish","type":"product","link":"https:\/\/martehelgetun.no\/en\/product\/midtsommerkjole-mini\/","title":{"rendered":"Midtsommerkjole &#8211; MINI"},"content":{"rendered":"<p><strong>ST\u00d8RRELSER OG M\u00c5L<br \/>\n<\/strong>St\u00f8rrelser: 1 (2) 4 (6) \u00e5r<br \/>\nOvervidde: 64 (68) 72 (76) cm<br \/>\nHel lengde: 36 (42) 48 (54) cm<\/p>\n<p>&nbsp;<\/p>\n<p><strong>GARN OG GARNFORBRUK<br \/>\n<\/strong>Line fra Sandnes Garn<br \/>\n4 (4) 5 (6) n\u00f8ster St\u00f8vet gr\u00f8nn nr. 8561<\/p>\n<p>&nbsp;<\/p>\n<p><strong>TILBEH\u00d8R<\/strong><br \/>\nTynn skinnsnor ca 1 m<\/p>\n<p>&nbsp;<\/p>\n<p><strong>PINNER OG STRIKKEFASTHET<\/strong><br \/>\nRundpinne 60 cm lang nr. 4 og 3,5 og 3<br \/>\nStr\u00f8mpepinner nr. 3 til ermene<br \/>\nP\u00e5 1 \u00e5rsst\u00f8rrelsen anbefaler jeg 40 cm pinner<br \/>\n22 masker glattstrikk p\u00e5 pinne nr. 4 = 10 cm<\/p>\n","protected":false},"excerpt":{"rendered":"<p>N\u00e5 kan du matche mamma og mini. Hvis noen syns de drar kjensel p\u00e5 den s\u00e5 er ikke det s\u00e5 rart. En av mine aller f\u00f8rste strikkedesign til barn het &#8220;Bamsekjolen&#8221; fra boken &#8220;Strikk i all enkelhet&#8221;.\u00a0N\u00e5 har oppskriften f\u00e5tt en aldri s\u00e5 liten oppgradering, flere st\u00f8rrelser og nytt navn.\u00a0Kjolen strikkes nedenfra og opp, og syes sammen p\u00e5 skuldrene.<\/p>\n<p>Denne oppskriften finnes ogs\u00e5 i <a href=\"https:\/\/martehelgetun.no\/produkt\/hefte-midtsommerbarna\/\">Heftet Midsommerbarna<\/a><\/p>\n<p>&nbsp;<\/p>\n<p>&nbsp;<\/p>\n<p><strong>Norsk og Engelsk oppskrift.<\/strong> Du f\u00e5r tilgang til alle spr\u00e5k som pdf fil ved kj\u00f8p.<\/p>\n<hr \/>\n<p data-start=\"0\" data-end=\"342\">Now you can match mama and mini. If it looks familiar, there\u2019s a good reason \u2013 one of my very first knitting designs for children was the \u201cTeddy Dress\u201d from the book <em data-start=\"166\" data-end=\"188\">Knitting Made Simple<\/em>. Now the pattern has had a little upgrade, comes in more sizes, and has a new name. The dress is worked from the bottom up and seamed at the shoulders.<\/p>\n<p data-start=\"344\" data-end=\"412\">This pattern is also included in the booklet <em data-start=\"389\" data-end=\"409\">Midsummer Children<\/em>.<\/p>\n<p data-start=\"414\" data-end=\"522\" data-is-last-node=\"\" data-is-only-node=\"\"><strong>Norwegian and English pattern included.<\/strong> You will receive access to all languages as PDF files upon purchase.<\/p>\n","protected":false},"featured_media":89428,"template":"","meta":{"_acf_changed":false,"_relevanssi_hide_post":"","_relevanssi_hide_content":"","_relevanssi_pin_for_all":"","_relevanssi_pin_keywords":"","_relevanssi_unpin_keywords":"","_relevanssi_related_keywords":"","_relevanssi_related_include_ids":"","_relevanssi_related_exclude_ids":"","_relevanssi_related_no_append":"","_relevanssi_related_not_related":"","_relevanssi_related_posts":"","_relevanssi_noindex_reason":""},"product_brand":[],"product_cat":[201,734,60,246],"product_tag":[128,441,487,423,43,134,517,516,515,136],"class_list":{"0":"post-71969","1":"product","2":"type-product","3":"status-publish","4":"has-post-thumbnail","6":"product_cat-kjoler-og-skjort","7":"product_cat-sommerstrikk","8":"product_cat-strikkeoppskrifter","9":"product_cat-tullemor-lillebror","10":"product_tag-design-by-marte-helgetun","11":"product_tag-kjole-barn","12":"product_tag-kjole-i-line","13":"product_tag-kjole-i-line-barn","14":"product_tag-line","15":"product_tag-marte-helgetun","16":"product_tag-midtsommerkjole-barn","17":"product_tag-midtsommerkjole-barnehage","18":"product_tag-midtsommerkjole-mini","19":"product_tag-strikkeoppskrift","21":"first","22":"instock","23":"downloadable","24":"taxable","25":"shipping-taxable","26":"purchasable","27":"product-type-mht_bundle"},"acf":[],"_links":{"self":[{"href":"https:\/\/martehelgetun.no\/en\/wp-json\/wp\/v2\/product\/71969","targetHints":{"allow":["GET"]}}],"collection":[{"href":"https:\/\/martehelgetun.no\/en\/wp-json\/wp\/v2\/product"}],"about":[{"href":"https:\/\/martehelgetun.no\/en\/wp-json\/wp\/v2\/types\/product"}],"wp:featuredmedia":[{"embeddable":true,"href":"https:\/\/martehelgetun.no\/en\/wp-json\/wp\/v2\/media\/89428"}],"wp:attachment":[{"href":"https:\/\/martehelgetun.no\/en\/wp-json\/wp\/v2\/media?parent=71969"}],"wp:term":[{"taxonomy":"product_brand","embeddable":true,"href":"https:\/\/martehelgetun.no\/en\/wp-json\/wp\/v2\/product_brand?post=71969"},{"taxonomy":"product_cat","embeddable":true,"href":"https:\/\/martehelgetun.no\/en\/wp-json\/wp\/v2\/product_cat?post=71969"},{"taxonomy":"product_tag","embeddable":true,"href":"https:\/\/martehelgetun.no\/en\/wp-json\/wp\/v2\/product_tag?post=71969"}],"curies":[{"name":"wp","href":"https:\/\/api.w.org\/{rel}","templated":true}]}}