{"id":71964,"date":"2024-02-15T09:54:36","date_gmt":"2024-02-15T08:54:36","guid":{"rendered":"http:\/\/martehelgetun.no\/?post_type=product&#038;p=71964"},"modified":"2025-06-10T13:35:45","modified_gmt":"2025-06-10T11:35:45","slug":"stripete-skjort-barnehagebarn","status":"publish","type":"product","link":"https:\/\/martehelgetun.no\/en\/produkt\/stripete-skjort-barnehagebarn\/","title":{"rendered":"Stripete Skj\u00f8rt &#8211; Barnehagebarn"},"content":{"rendered":"<p><strong>ST\u00d8RRELSER OG M\u00c5L<br \/>\n<\/strong>St\u00f8rrelser: 1 (2) 4 (6) \u00e5r<br \/>\nLivvidde: 46 (50) 56 (62) cm<br \/>\nLengde: 23 (25) 27 (29) cm<\/p>\n<p>&nbsp;<\/p>\n<p><strong>GARN OG GARNFORBRUK<br \/>\n<\/strong>Line fra Sandnes Garn<br \/>\n2 (2) 2 (3) n\u00f8ster Pudderrosa 3511<br \/>\n1 (1) 1 (1) n\u00f8ster Gr\u00e5bl\u00e5 nr. 5870 (utg\u00e5tt farge, men vi anbefaler 3042 Cafe au Lait)<\/p>\n<p>&nbsp;<\/p>\n<p><strong>TILBEH\u00d8R<br \/>\n<\/strong>Knapphullstrikk til livet<\/p>\n<p>&nbsp;<\/p>\n<p><strong>PINNER OG STRIKKEFASTHET<br \/>\n<\/strong>40 cm rundpinne nr. 4\u00a0(p\u00e5 de st\u00f8rste st\u00f8rrelsene kan\u00a0du g\u00e5 opp til 60 cm rundpinne)<br \/>\n20 masker glattstrikk p\u00e5 pinne nr. 4 =10 cm<\/p>\n","protected":false},"excerpt":{"rendered":"<p>Skj\u00f8rtet strikkes ovenfra og ned. Slik tilpasser du lengden slik at det<br \/>\nblir akkurat passe langt. Til slutt fletter du en pyntesnor i livet.<br \/>\nDenne oppskriften finnes b\u00e5de i heftet Sommerbarna\u00a0og som singeloppskrift.<\/p>\n<p>&nbsp;<\/p>\n<p>&nbsp;<\/p>\n<p><strong>Norsk og Engelsk oppskrift.<\/strong> Du f\u00e5r tilgang til alle spr\u00e5k som pdf fil ved kj\u00f8p.<\/p>\n","protected":false},"featured_media":71965,"template":"","meta":{"_acf_changed":false,"_relevanssi_hide_post":"","_relevanssi_hide_content":"","_relevanssi_pin_for_all":"","_relevanssi_pin_keywords":"","_relevanssi_unpin_keywords":"","_relevanssi_related_keywords":"","_relevanssi_related_include_ids":"","_relevanssi_related_exclude_ids":"","_relevanssi_related_no_append":"","_relevanssi_related_not_related":"","_relevanssi_related_posts":"","_relevanssi_noindex_reason":""},"product_cat":[60,246,734,201],"product_tag":[128,43,134,445,514,435,136,434,433,513],"class_list":{"0":"post-71964","1":"product","2":"type-product","3":"status-publish","4":"has-post-thumbnail","6":"product_cat-strikkeoppskrifter","7":"product_cat-tullemor-lillebror","8":"product_cat-sommerstrikk","9":"product_cat-kjoler-og-skjort","10":"product_tag-design-by-marte-helgetun","11":"product_tag-line","12":"product_tag-marte-helgetun","13":"product_tag-skjort-barn","14":"product_tag-skjort-i-line","15":"product_tag-skjort-i-line-barn","16":"product_tag-strikkeoppskrift","17":"product_tag-stripete-skjort","18":"product_tag-stripete-skjort-barn","19":"product_tag-stripete-skjort-barnehage","21":"first","22":"instock","23":"downloadable","24":"taxable","25":"shipping-taxable","26":"purchasable","27":"product-type-mht_bundle"},"acf":[],"_links":{"self":[{"href":"https:\/\/martehelgetun.no\/en\/wp-json\/wp\/v2\/product\/71964","targetHints":{"allow":["GET"]}}],"collection":[{"href":"https:\/\/martehelgetun.no\/en\/wp-json\/wp\/v2\/product"}],"about":[{"href":"https:\/\/martehelgetun.no\/en\/wp-json\/wp\/v2\/types\/product"}],"wp:featuredmedia":[{"embeddable":true,"href":"https:\/\/martehelgetun.no\/en\/wp-json\/wp\/v2\/media\/71965"}],"wp:attachment":[{"href":"https:\/\/martehelgetun.no\/en\/wp-json\/wp\/v2\/media?parent=71964"}],"wp:term":[{"taxonomy":"product_cat","embeddable":true,"href":"https:\/\/martehelgetun.no\/en\/wp-json\/wp\/v2\/product_cat?post=71964"},{"taxonomy":"product_tag","embeddable":true,"href":"https:\/\/martehelgetun.no\/en\/wp-json\/wp\/v2\/product_tag?post=71964"}],"curies":[{"name":"wp","href":"https:\/\/api.w.org\/{rel}","templated":true}]}}