{"id":71958,"date":"2024-02-14T14:38:19","date_gmt":"2024-02-14T13:38:19","guid":{"rendered":"http:\/\/martehelgetun.no\/?post_type=product&#038;p=71958"},"modified":"2025-06-10T13:06:21","modified_gmt":"2025-06-10T11:06:21","slug":"stripete-overall","status":"publish","type":"product","link":"https:\/\/martehelgetun.no\/en\/produkt\/stripete-overall\/","title":{"rendered":"Stripete Overall"},"content":{"rendered":"<p class=\"p1\"><strong>ST\u00d8RRELSER OG M\u00c5L<\/strong><br \/>\nSt\u00f8rrelser: 1 (2) 4 \u00e5r<br \/>\nOvervidde: 64 (70) 76 cm<br \/>\nHel lengde: 45 (50) 55 cm<\/p>\n<p>&nbsp;<\/p>\n<p><strong>GARN OG GARNFORBRUK<br \/>\n<\/strong>Line fra Sandnes Garn<br \/>\n3 (4) 5 n\u00f8ster isbl\u00e5 nr. 7521 (Utg\u00e5tt farge, men vi anbefaler 6531 Isbl\u00e5)<br \/>\n1 (1) 2 n\u00f8ster gr\u00e5bl\u00e5 nr. 5870 (Utg\u00e5tt farge, menn vi anbefaler 6080 Skifer)<\/p>\n<p>&nbsp;<\/p>\n<p><strong>TILBEH\u00d8R<\/strong><br \/>\n2 sm\u00e5 treknapper 12 mm<br \/>\n5 trykknapper 11 mm<\/p>\n<p>&nbsp;<\/p>\n<p><strong>PINNER OG STRIKKEFASTHET<br \/>\n<\/strong>60 cm rundpinne nr. 4<br \/>\n20 masker glattstrikk p\u00e5 pinne nr. 4 = 10 cm<\/p>\n","protected":false},"excerpt":{"rendered":"<p>Striper er aldri feil. Du kan lett endre stilen p\u00e5 denne med \u00e5 bytte farger p\u00e5 stripene. Denne passer like godt til gutter som til jenter. Du starter med beina og strikk deg oppover. De perlestrikkede kantene strikkes p\u00e5 til slutt.<\/p>\n<p>&nbsp;<\/p>\n<p>&nbsp;<\/p>\n<p><strong>Norsk og Engelsk oppskrift.<\/strong> Du f\u00e5r tilgang til alle spr\u00e5k som pdf fil ved kj\u00f8p.<\/p>\n","protected":false},"featured_media":71959,"template":"","meta":{"_acf_changed":false,"_relevanssi_hide_post":"","_relevanssi_hide_content":"","_relevanssi_pin_for_all":"","_relevanssi_pin_keywords":"","_relevanssi_unpin_keywords":"","_relevanssi_related_keywords":"","_relevanssi_related_include_ids":"","_relevanssi_related_exclude_ids":"","_relevanssi_related_no_append":"","_relevanssi_related_not_related":"","_relevanssi_related_posts":"","_relevanssi_noindex_reason":""},"product_cat":[60,246,202],"product_tag":[128,43,134,511,512,136,510],"class_list":{"0":"post-71958","1":"product","2":"type-product","3":"status-publish","4":"has-post-thumbnail","6":"product_cat-strikkeoppskrifter","7":"product_cat-tullemor-lillebror","8":"product_cat-bukser","9":"product_tag-design-by-marte-helgetun","10":"product_tag-line","11":"product_tag-marte-helgetun","12":"product_tag-overall-barn","13":"product_tag-overall-i-line-barn","14":"product_tag-strikkeoppskrift","15":"product_tag-stripete-overall","17":"first","18":"instock","19":"downloadable","20":"taxable","21":"shipping-taxable","22":"purchasable","23":"product-type-mht_bundle"},"acf":[],"_links":{"self":[{"href":"https:\/\/martehelgetun.no\/en\/wp-json\/wp\/v2\/product\/71958","targetHints":{"allow":["GET"]}}],"collection":[{"href":"https:\/\/martehelgetun.no\/en\/wp-json\/wp\/v2\/product"}],"about":[{"href":"https:\/\/martehelgetun.no\/en\/wp-json\/wp\/v2\/types\/product"}],"wp:featuredmedia":[{"embeddable":true,"href":"https:\/\/martehelgetun.no\/en\/wp-json\/wp\/v2\/media\/71959"}],"wp:attachment":[{"href":"https:\/\/martehelgetun.no\/en\/wp-json\/wp\/v2\/media?parent=71958"}],"wp:term":[{"taxonomy":"product_cat","embeddable":true,"href":"https:\/\/martehelgetun.no\/en\/wp-json\/wp\/v2\/product_cat?post=71958"},{"taxonomy":"product_tag","embeddable":true,"href":"https:\/\/martehelgetun.no\/en\/wp-json\/wp\/v2\/product_tag?post=71958"}],"curies":[{"name":"wp","href":"https:\/\/api.w.org\/{rel}","templated":true}]}}