{"id":71939,"date":"2024-02-14T14:02:35","date_gmt":"2024-02-14T13:02:35","guid":{"rendered":"http:\/\/martehelgetun.no\/?post_type=product&#038;p=71939"},"modified":"2025-06-10T13:35:41","modified_gmt":"2025-06-10T11:35:41","slug":"hjerteskjort-i-fargespill","status":"publish","type":"product","link":"https:\/\/martehelgetun.no\/en\/produkt\/hjerteskjort-i-fargespill\/","title":{"rendered":"Hjerteskj\u00f8rt i Fargespill"},"content":{"rendered":"<p class=\"p1\"><strong>ST\u00d8RRELSER OG M\u00c5L<\/strong><b><br \/>\n<\/b>St\u00f8rrelser: 1 (2) 4 (6) \u00e5r<br \/>\nLivvidde: 42 (45) 50 (54) cm<br \/>\nHel lengde: 22 (24) 26 (28) cm<\/p>\n<p>&nbsp;<\/p>\n<p><strong>GARN OG GARNFORBRUK<\/strong><br \/>\nLunt Fargespill by Marte Helgetun<br \/>\n1 n\u00f8ste nr. 02 Tressis p\u00e5 alle st\u00f8rrelser<br \/>\n(N\u00f8stene er p\u00e5 150g, og det g\u00e5r med omtrent 100g til st\u00f8rrelse 6 \u00e5r)<\/p>\n<p>&nbsp;<\/p>\n<p><strong>TILBEH\u00d8R<\/strong><br \/>\nKnapphullstrikk til livet<\/p>\n<p>&nbsp;<\/p>\n<p><strong>PINNER OG STRIKKEFASTHET<\/strong><br \/>\n40 cm rundpinne nr. 4 og 3,5 til beleggene.<br \/>\n24 masker glattstrikk pinne nr. 4 = 10 cm.<\/p>\n","protected":false},"excerpt":{"rendered":"<p class=\"p1\">Hjerteskj\u00f8rtet er strikket i det graderte garnet Lunt Fargespill og \u00a0f\u00e5r en nydelig \u201cdip dye\u201d effekt.\u00a0Skj\u00f8rtet strikkes nedenfra og opp og du strikker beleggene fra innsiden av n\u00f8stet\u00a0og resten av skj\u00f8rtet fra utsiden av n\u00f8stet. Hjertet sys p\u00e5 med maskesting til slutt.\u00a0Skj\u00f8rtene p\u00e5 bildet er begge strikket av samme n\u00f8stet.<\/p>\n<p>&nbsp;<\/p>\n<p>&nbsp;<\/p>\n<p><strong>Norsk og Engelsk oppskrift.<\/strong> Du f\u00e5r tilgang til alle spr\u00e5k som pdf fil ved kj\u00f8p.<\/p>\n","protected":false},"featured_media":71949,"template":"","meta":{"_acf_changed":false,"_relevanssi_hide_post":"","_relevanssi_hide_content":"","_relevanssi_pin_for_all":"","_relevanssi_pin_keywords":"","_relevanssi_unpin_keywords":"","_relevanssi_related_keywords":"","_relevanssi_related_include_ids":"","_relevanssi_related_exclude_ids":"","_relevanssi_related_no_append":"","_relevanssi_related_not_related":"","_relevanssi_related_posts":"","_relevanssi_noindex_reason":""},"product_cat":[60,246,201],"product_tag":[128,504,28,134,445,505,136],"class_list":{"0":"post-71939","1":"product","2":"type-product","3":"status-publish","4":"has-post-thumbnail","6":"product_cat-strikkeoppskrifter","7":"product_cat-tullemor-lillebror","8":"product_cat-kjoler-og-skjort","9":"product_tag-design-by-marte-helgetun","10":"product_tag-hjerteskjort","11":"product_tag-lunt-fargespill","12":"product_tag-marte-helgetun","13":"product_tag-skjort-barn","14":"product_tag-skjort-i-fargespill","15":"product_tag-strikkeoppskrift","17":"first","18":"instock","19":"downloadable","20":"taxable","21":"shipping-taxable","22":"purchasable","23":"product-type-mht_bundle"},"acf":[],"_links":{"self":[{"href":"https:\/\/martehelgetun.no\/en\/wp-json\/wp\/v2\/product\/71939","targetHints":{"allow":["GET"]}}],"collection":[{"href":"https:\/\/martehelgetun.no\/en\/wp-json\/wp\/v2\/product"}],"about":[{"href":"https:\/\/martehelgetun.no\/en\/wp-json\/wp\/v2\/types\/product"}],"wp:featuredmedia":[{"embeddable":true,"href":"https:\/\/martehelgetun.no\/en\/wp-json\/wp\/v2\/media\/71949"}],"wp:attachment":[{"href":"https:\/\/martehelgetun.no\/en\/wp-json\/wp\/v2\/media?parent=71939"}],"wp:term":[{"taxonomy":"product_cat","embeddable":true,"href":"https:\/\/martehelgetun.no\/en\/wp-json\/wp\/v2\/product_cat?post=71939"},{"taxonomy":"product_tag","embeddable":true,"href":"https:\/\/martehelgetun.no\/en\/wp-json\/wp\/v2\/product_tag?post=71939"}],"curies":[{"name":"wp","href":"https:\/\/api.w.org\/{rel}","templated":true}]}}