{"id":71604,"date":"2024-02-14T13:05:26","date_gmt":"2024-02-14T12:05:26","guid":{"rendered":"http:\/\/martehelgetun.no\/?post_type=product&#038;p=71604"},"modified":"2026-04-22T15:34:20","modified_gmt":"2026-04-22T13:34:20","slug":"sommerskjort-i-line","status":"publish","type":"product","link":"https:\/\/martehelgetun.no\/en\/product\/sommerskjort-i-line\/","title":{"rendered":"Sommerskj\u00f8rt i Line &#8211; Barnehagebarn"},"content":{"rendered":"<p class=\"p1\"><strong>ST\u00d8RRELSER OG M\u00c5L<br \/>\n<\/strong>St\u00f8rrelser: 1 (2) 4 (6) \u00e5r<br \/>\nLivvidde: 46 (50) 56 (62) cm<br \/>\nLengde: 23 (25) 27 (29) cm<\/p>\n<p>&nbsp;<\/p>\n<p class=\"p1\"><strong>GARN OG GARNFORBRUK<br \/>\n<\/strong>Line fra Sandnes Garn<br \/>\n2 (2) 2 (2) n\u00f8ster Pudderrosa nr. 3511<br \/>\n1 (2) 2 (2) n\u00f8ster kitt nr. 1015<\/p>\n<p>&nbsp;<\/p>\n<p class=\"p1\"><strong>TILBEH\u00d8R<br \/>\n<\/strong>Knapphullstrikk til livet<\/p>\n<p>&nbsp;<\/p>\n<p class=\"p1\"><strong>PINNER OG STRIKKEFASTHET<br \/>\n<\/strong>40 cm rundpinne nr. 4<br \/>\nP\u00e5 de st\u00f8rste st\u00f8rrelsene kan\u00a0du g\u00e5 opp til 60 cm pinne<br \/>\n22 masker glattstrikk p\u00e5 pinne nr. 4 =10 cm<\/p>\n","protected":false},"excerpt":{"rendered":"<p class=\"p1\">Det sl\u00e5r sjelden feil med et strikket skj\u00f8rt til sm\u00e5 jenter, og dette er s\u00e5 kjappstrikket\u00a0at dette kan man fint ha i mange ulike kombinasjoner.\u00a0Skj\u00f8rtet strikkes ovenfra og ned. P\u00e5 denne m\u00e5ten tilpasser du lengden slik at det blir akkurat passe langt, og du kan leke deg mye med ulike striper.\u00a0Denne oppskriften finnes b\u00e5de i heftet Sommerbarna 2 og som singeloppskrift.<\/p>\n<p>&nbsp;<\/p>\n<p>&nbsp;<\/p>\n<p><strong>Norsk og Engelsk oppskrift.<\/strong> Du f\u00e5r tilgang til alle spr\u00e5k som pdf fil ved kj\u00f8p.<\/p>\n<hr \/>\n<p data-start=\"0\" data-end=\"312\">You can rarely go wrong with a knitted skirt for little girls, and this one knits up so quickly that it\u2019s easy to make in several different combinations. The skirt is worked top-down, allowing you to adjust the length to just the right fit, and giving you plenty of room to play with different stripe patterns.<\/p>\n<p data-start=\"413\" data-end=\"521\" data-is-last-node=\"\" data-is-only-node=\"\"><strong>Norwegian and English pattern included.<\/strong> You will receive access to all languages as PDF files upon purchase.<\/p>\n","protected":false},"featured_media":71910,"template":"","meta":{"_acf_changed":false,"_relevanssi_hide_post":"","_relevanssi_hide_content":"","_relevanssi_pin_for_all":"","_relevanssi_pin_keywords":"","_relevanssi_unpin_keywords":"","_relevanssi_related_keywords":"","_relevanssi_related_include_ids":"","_relevanssi_related_exclude_ids":"","_relevanssi_related_no_append":"","_relevanssi_related_not_related":"","_relevanssi_related_posts":"","_relevanssi_noindex_reason":""},"product_brand":[],"product_cat":[201,734,60,246],"product_tag":[128,43,134,498,435,499,497,136],"class_list":{"0":"post-71604","1":"product","2":"type-product","3":"status-publish","4":"has-post-thumbnail","6":"product_cat-kjoler-og-skjort","7":"product_cat-sommerstrikk","8":"product_cat-strikkeoppskrifter","9":"product_cat-tullemor-lillebror","10":"product_tag-design-by-marte-helgetun","11":"product_tag-line","12":"product_tag-marte-helgetun","13":"product_tag-skjort","14":"product_tag-skjort-i-line-barn","15":"product_tag-skjort-til-barn","16":"product_tag-sommerskjort-i-line","17":"product_tag-strikkeoppskrift","19":"first","20":"instock","21":"downloadable","22":"taxable","23":"shipping-taxable","24":"purchasable","25":"product-type-mht_bundle"},"acf":[],"_links":{"self":[{"href":"https:\/\/martehelgetun.no\/en\/wp-json\/wp\/v2\/product\/71604","targetHints":{"allow":["GET"]}}],"collection":[{"href":"https:\/\/martehelgetun.no\/en\/wp-json\/wp\/v2\/product"}],"about":[{"href":"https:\/\/martehelgetun.no\/en\/wp-json\/wp\/v2\/types\/product"}],"wp:featuredmedia":[{"embeddable":true,"href":"https:\/\/martehelgetun.no\/en\/wp-json\/wp\/v2\/media\/71910"}],"wp:attachment":[{"href":"https:\/\/martehelgetun.no\/en\/wp-json\/wp\/v2\/media?parent=71604"}],"wp:term":[{"taxonomy":"product_brand","embeddable":true,"href":"https:\/\/martehelgetun.no\/en\/wp-json\/wp\/v2\/product_brand?post=71604"},{"taxonomy":"product_cat","embeddable":true,"href":"https:\/\/martehelgetun.no\/en\/wp-json\/wp\/v2\/product_cat?post=71604"},{"taxonomy":"product_tag","embeddable":true,"href":"https:\/\/martehelgetun.no\/en\/wp-json\/wp\/v2\/product_tag?post=71604"}],"curies":[{"name":"wp","href":"https:\/\/api.w.org\/{rel}","templated":true}]}}