{"id":71597,"date":"2024-02-14T12:40:00","date_gmt":"2024-02-14T11:40:00","guid":{"rendered":"http:\/\/martehelgetun.no\/?post_type=product&#038;p=71597"},"modified":"2025-06-10T13:06:17","modified_gmt":"2025-06-10T11:06:17","slug":"baggybukse","status":"publish","type":"product","link":"https:\/\/martehelgetun.no\/en\/produkt\/baggybukse\/","title":{"rendered":"Baggybukse"},"content":{"rendered":"<div id=\"OuterWrapper\" class=\"product-outer-wrapper\">\n<div class=\"product\">\n<div class=\"productTxtOuter\">\n<div id=\"EditorContentContainer\" class=\"EditorContentContainer \">\n<p><strong>ST\u00d8RRELSER OG M\u00c5L<br \/>\n<\/strong>St\u00f8rrelser: 1 (2) 4 (6) \u00e5r<br \/>\nLivvidde: 46 (50) 54 (58) cm<br \/>\nHel lengde: 38 (44) 52 (60) cm<\/p>\n<p>&nbsp;<\/p>\n<p><strong>GARN OG GARNFORBRUK<\/strong><b><br \/>\n<\/b>Line fra Sandnes Garn<br \/>\n3 (4) 5 (6) n\u00f8ster Isbl\u00e5 nr. 7521 (Utg\u00e5tt farge, men vi anbefaler 6531 Isbl\u00e5)<br \/>\n1 (1) 1 (1) n\u00f8ste gr\u00e5bl\u00e5 nr. 5870 (Utg\u00e5tt farge, men vi anbefaler 6080 Skifer)<\/p>\n<p>&nbsp;<\/p>\n<p><strong>TILBEH\u00d8R<\/strong><b><br \/>\n<\/b>Knapphullstrikk til livet<\/p>\n<p>&nbsp;<\/p>\n<p><strong>PINNER OG STRIKKEFASTHET<\/strong><b><br \/>\n<\/b>60 og 40 cm rundpinne nr. 4\u00a0og str\u00f8mpepinner nr. 4<br \/>\n20 masker glattstrikk p\u00e5 pinne nr. 4 = 10 cm<\/p>\n<\/div>\n<\/div>\n<\/div>\n<\/div>\n","protected":false},"excerpt":{"rendered":"<p>En god og romslig baggybukse til sommerbarna. Denne passer like godt til guttene som til jentene.\u00a0Dette er en bukse som er like fin \u00e5ret etter, som en kortere baggybukse.\u00a0Toppen som Kaisa (3 \u00e5r) har p\u00e5 seg her er \u201cLett liten lintopp\u201d strikket i st\u00f8rrelse 1 \u00e5r.<\/p>\n<p>&nbsp;<\/p>\n<p>&nbsp;<\/p>\n<p><strong>Norsk og Engelsk oppskrift.<\/strong> Du f\u00e5r tilgang til alle spr\u00e5k som pdf fil ved kj\u00f8p.<\/p>\n","protected":false},"featured_media":71598,"template":"","meta":{"_acf_changed":false,"_relevanssi_hide_post":"","_relevanssi_hide_content":"","_relevanssi_pin_for_all":"","_relevanssi_pin_keywords":"","_relevanssi_unpin_keywords":"","_relevanssi_related_keywords":"","_relevanssi_related_include_ids":"","_relevanssi_related_exclude_ids":"","_relevanssi_related_no_append":"","_relevanssi_related_not_related":"","_relevanssi_related_posts":"","_relevanssi_noindex_reason":""},"product_cat":[60,246,202],"product_tag":[493,494,484,485,495,128,43,134,136,460],"class_list":{"0":"post-71597","1":"product","2":"type-product","3":"status-publish","4":"has-post-thumbnail","6":"product_cat-strikkeoppskrifter","7":"product_cat-tullemor-lillebror","8":"product_cat-bukser","9":"product_tag-baggybukse","10":"product_tag-baggybukse-i-line","11":"product_tag-bukse-barn","12":"product_tag-bukse-i-line","13":"product_tag-bukse-i-line-barn","14":"product_tag-design-by-marte-helgetun","15":"product_tag-line","16":"product_tag-marte-helgetun","17":"product_tag-strikkeoppskrift","18":"product_tag-tullemor-og-lillebror","20":"first","21":"instock","22":"downloadable","23":"taxable","24":"shipping-taxable","25":"purchasable","26":"product-type-mht_bundle"},"acf":[],"_links":{"self":[{"href":"https:\/\/martehelgetun.no\/en\/wp-json\/wp\/v2\/product\/71597","targetHints":{"allow":["GET"]}}],"collection":[{"href":"https:\/\/martehelgetun.no\/en\/wp-json\/wp\/v2\/product"}],"about":[{"href":"https:\/\/martehelgetun.no\/en\/wp-json\/wp\/v2\/types\/product"}],"wp:featuredmedia":[{"embeddable":true,"href":"https:\/\/martehelgetun.no\/en\/wp-json\/wp\/v2\/media\/71598"}],"wp:attachment":[{"href":"https:\/\/martehelgetun.no\/en\/wp-json\/wp\/v2\/media?parent=71597"}],"wp:term":[{"taxonomy":"product_cat","embeddable":true,"href":"https:\/\/martehelgetun.no\/en\/wp-json\/wp\/v2\/product_cat?post=71597"},{"taxonomy":"product_tag","embeddable":true,"href":"https:\/\/martehelgetun.no\/en\/wp-json\/wp\/v2\/product_tag?post=71597"}],"curies":[{"name":"wp","href":"https:\/\/api.w.org\/{rel}","templated":true}]}}