{"id":71594,"date":"2024-02-14T12:06:09","date_gmt":"2024-02-14T11:06:09","guid":{"rendered":"http:\/\/martehelgetun.no\/?post_type=product&#038;p=71594"},"modified":"2026-04-22T15:05:32","modified_gmt":"2026-04-22T13:05:32","slug":"seleskjort-i-line","status":"publish","type":"product","link":"https:\/\/martehelgetun.no\/en\/product\/seleskjort-i-line\/","title":{"rendered":"Seleskj\u00f8rt i Line"},"content":{"rendered":"<p class=\"p1\"><strong>ST\u00d8RRELSER OG M\u00c5L<\/strong><b><br \/>\n<\/b><em>St\u00f8rrelser: <\/em>1 (2) 4 (6) \u00e5r<br \/>\n<i>Overvidde: <\/i>50 (54) 58 (62) cm<br \/>\nH<i>el lengde: <\/i>42 (48) 55 (64) cm<\/p>\n<p>&nbsp;<\/p>\n<p class=\"p1\"><strong>GARN OG GARNFORBRUK<\/strong><b><br \/>\n<\/b>Line fra SandnesGarn<br \/>\n3 (3) 4 (5) n\u00f8ster 5870 M\u00f8rkgr\u00e5 \u00a0(Utg\u00e5tt farge, men vi anbefaler 6080 Skifer)<\/p>\n<p>&nbsp;<\/p>\n<p class=\"p1\"><strong>TILBEH\u00d8R<\/strong><br \/>\n4 sm\u00e5 treknapper ca 15 mm i diameter<\/p>\n<p>&nbsp;<\/p>\n<p class=\"p1\"><strong>PINNER OG STRIKKEFASTHET<\/strong><br \/>\n60 cm rundpinne nr. 4<br \/>\n20 masker glattstrikk p\u00e5 pinne nr. 4 blir ca 10 cm<\/p>\n","protected":false},"excerpt":{"rendered":"<p class=\"p1\">Et skikkelig t\u00f8ft seleskj\u00f8rt i garnet Line fra SandnesGarn.\u00a0Seleskj\u00f8rtet blir veldig fint med en enkel hvit t-skjorte og t\u00f8ffe tights til. Passer like fint til h\u00f8sten som om sommeren.\u00a0Seleskj\u00f8rtet har fine detaljer p\u00e5 baksiden, og ser mer komplisert ut enn det er. Det hele handler om \u00e5 felle riktig vei &#8230;\u00a0Denne oppskriften finnes b\u00e5de i\u00a0hefte Sommerbarna og som singeloppskrift.<\/p>\n<p>&nbsp;<\/p>\n<p>&nbsp;<\/p>\n<p><strong>Norsk og Engelsk oppskrift.<\/strong> Du f\u00e5r tilgang til alle spr\u00e5k som pdf fil ved kj\u00f8p.<\/p>\n<hr \/>\n<section class=\"text-token-text-primary w-full focus:outline-none [--shadow-height:45px] has-data-writing-block:pointer-events-none has-data-writing-block:-mt-(--shadow-height) has-data-writing-block:pt-(--shadow-height) [&amp;:has([data-writing-block])&gt;*]:pointer-events-auto R6Vx5W_threadScrollVars scroll-mb-[calc(var(--scroll-root-safe-area-inset-bottom,0px)+var(--thread-response-height))] scroll-mt-(--header-height)\" dir=\"auto\" style=\"caret-color: #000000; color: #000000; font-style: normal; font-variant-caps: normal; font-weight: 400; letter-spacing: normal; orphans: auto; text-align: start; text-indent: 0px; text-transform: none; white-space: normal; widows: auto; word-spacing: 0px; -webkit-text-stroke-width: 0px; text-decoration: none;\" data-turn-id=\"dd6f51a3-1b10-4d38-b374-8d4b5afecc56\" data-testid=\"conversation-turn-133\" data-scroll-anchor=\"false\" data-turn=\"user\">\n<div class=\"text-base my-auto mx-auto pt-12 [--thread-content-margin:var(--thread-content-margin-xs,calc(var(--spacing)*4))] @w-sm\/main:[--thread-content-margin:var(--thread-content-margin-sm,calc(var(--spacing)*6))] @w-lg\/main:[--thread-content-margin:var(--thread-content-margin-lg,calc(var(--spacing)*16))] px-(--thread-content-margin)\">\n<div class=\"[--thread-content-max-width:40rem] @w-lg\/main:[--thread-content-max-width:48rem] mx-auto max-w-(--thread-content-max-width) flex-1 group\/turn-messages focus-visible:outline-hidden relative flex w-full min-w-0 flex-col\">\n<div class=\"z-0 flex justify-end\"><\/div>\n<\/div>\n<\/div>\n<\/section>\n<section class=\"text-token-text-primary w-full focus:outline-none [--shadow-height:45px] has-data-writing-block:pointer-events-none has-data-writing-block:-mt-(--shadow-height) has-data-writing-block:pt-(--shadow-height) [&amp;:has([data-writing-block])&gt;*]:pointer-events-auto [content-visibility:auto] supports-[content-visibility:auto]:[contain-intrinsic-size:auto_100lvh] R6Vx5W_threadScrollVars scroll-mb-[calc(var(--scroll-root-safe-area-inset-bottom,0px)+var(--thread-response-height))] scroll-mt-[calc(var(--header-height)+min(200px,max(70px,20svh)))]\" dir=\"auto\" style=\"caret-color: #000000; color: #000000; font-style: normal; font-variant-caps: normal; font-weight: 400; letter-spacing: normal; orphans: auto; text-align: start; text-indent: 0px; text-transform: none; white-space: normal; widows: auto; word-spacing: 0px; -webkit-text-stroke-width: 0px; text-decoration: none;\" data-turn-id=\"request-69e88ebf-df9c-8390-a9c3-5efdc2e66227-31\" data-testid=\"conversation-turn-134\" data-scroll-anchor=\"false\" data-turn=\"assistant\">\n<div class=\"text-base my-auto mx-auto pb-10 [--thread-content-margin:var(--thread-content-margin-xs,calc(var(--spacing)*4))] @w-sm\/main:[--thread-content-margin:var(--thread-content-margin-sm,calc(var(--spacing)*6))] @w-lg\/main:[--thread-content-margin:var(--thread-content-margin-lg,calc(var(--spacing)*16))] px-(--thread-content-margin)\">\n<div class=\"[--thread-content-max-width:40rem] @w-lg\/main:[--thread-content-max-width:48rem] mx-auto max-w-(--thread-content-max-width) flex-1 group\/turn-messages focus-visible:outline-hidden relative flex w-full min-w-0 flex-col agent-turn\">\n<div class=\"flex max-w-full flex-col gap-4 grow\">\n<div class=\"min-h-8 text-message relative flex w-full flex-col items-end gap-2 text-start break-words whitespace-normal outline-none keyboard-focused:focus-ring [.text-message+&amp;]:mt-1\" dir=\"auto\" tabindex=\"0\" data-message-author-role=\"assistant\" data-message-id=\"a16e96f8-dd8b-4ab8-9a38-30f741f3444e\" data-message-model-slug=\"gpt-5-3\" data-turn-start-message=\"true\">\n<div class=\"flex w-full flex-col gap-1 empty:hidden\">\n<div class=\"markdown prose dark:prose-invert w-full wrap-break-word light markdown-new-styling\">\n<p data-start=\"0\" data-end=\"343\">A really cool pinafore dress knitted in Line yarn from Sandnes Garn. It looks great paired with a simple white T-shirt and stylish tights, and works just as well in autumn as it does in summer. The pinafore features lovely details on the back and looks more complicated than it actually is \u2013 it\u2019s all about decreasing in the right direction\u2026<\/p>\n<p data-start=\"345\" data-end=\"440\">This pattern is available both in the booklet <em data-start=\"391\" data-end=\"408\">Summer Children<\/em> and as an individual pattern.<\/p>\n<p data-start=\"442\" data-end=\"550\" data-is-last-node=\"\" data-is-only-node=\"\"><strong>Norwegian and English pattern included.<\/strong> You will receive access to all languages as PDF files upon purchase.<\/p>\n<\/div>\n<\/div>\n<\/div>\n<\/div>\n<\/div>\n<\/div>\n<\/section>\n","protected":false},"featured_media":71595,"template":"","meta":{"_acf_changed":false,"_relevanssi_hide_post":"","_relevanssi_hide_content":"","_relevanssi_pin_for_all":"","_relevanssi_pin_keywords":"","_relevanssi_unpin_keywords":"","_relevanssi_related_keywords":"","_relevanssi_related_include_ids":"","_relevanssi_related_exclude_ids":"","_relevanssi_related_no_append":"","_relevanssi_related_not_related":"","_relevanssi_related_posts":"","_relevanssi_noindex_reason":""},"product_brand":[],"product_cat":[201,734,60,246],"product_tag":[128,206,487,423,43,134,492,491,136,460],"class_list":{"0":"post-71594","1":"product","2":"type-product","3":"status-publish","4":"has-post-thumbnail","6":"product_cat-kjoler-og-skjort","7":"product_cat-sommerstrikk","8":"product_cat-strikkeoppskrifter","9":"product_cat-tullemor-lillebror","10":"product_tag-design-by-marte-helgetun","11":"product_tag-kjole","12":"product_tag-kjole-i-line","13":"product_tag-kjole-i-line-barn","14":"product_tag-line","15":"product_tag-marte-helgetun","16":"product_tag-seleskjort","17":"product_tag-seleskjort-i-line","18":"product_tag-strikkeoppskrift","19":"product_tag-tullemor-og-lillebror","21":"first","22":"instock","23":"downloadable","24":"taxable","25":"shipping-taxable","26":"purchasable","27":"product-type-mht_bundle"},"acf":[],"_links":{"self":[{"href":"https:\/\/martehelgetun.no\/en\/wp-json\/wp\/v2\/product\/71594","targetHints":{"allow":["GET"]}}],"collection":[{"href":"https:\/\/martehelgetun.no\/en\/wp-json\/wp\/v2\/product"}],"about":[{"href":"https:\/\/martehelgetun.no\/en\/wp-json\/wp\/v2\/types\/product"}],"wp:featuredmedia":[{"embeddable":true,"href":"https:\/\/martehelgetun.no\/en\/wp-json\/wp\/v2\/media\/71595"}],"wp:attachment":[{"href":"https:\/\/martehelgetun.no\/en\/wp-json\/wp\/v2\/media?parent=71594"}],"wp:term":[{"taxonomy":"product_brand","embeddable":true,"href":"https:\/\/martehelgetun.no\/en\/wp-json\/wp\/v2\/product_brand?post=71594"},{"taxonomy":"product_cat","embeddable":true,"href":"https:\/\/martehelgetun.no\/en\/wp-json\/wp\/v2\/product_cat?post=71594"},{"taxonomy":"product_tag","embeddable":true,"href":"https:\/\/martehelgetun.no\/en\/wp-json\/wp\/v2\/product_tag?post=71594"}],"curies":[{"name":"wp","href":"https:\/\/api.w.org\/{rel}","templated":true}]}}