{"id":71589,"date":"2024-02-14T09:27:55","date_gmt":"2024-02-14T08:27:55","guid":{"rendered":"http:\/\/martehelgetun.no\/?post_type=product&#038;p=71589"},"modified":"2025-06-10T13:06:14","modified_gmt":"2025-06-10T11:06:14","slug":"seleshorts-i-line","status":"publish","type":"product","link":"https:\/\/martehelgetun.no\/en\/product\/seleshorts-i-line\/","title":{"rendered":"Seleshorts i Line"},"content":{"rendered":"<p class=\"p1\"><strong>ST\u00d8RRELSER OG M\u00c5L<\/strong><b><br \/>\n<\/b>St\u00f8rrelser: 1 (2) 4 (6) \u00e5r<br \/>\n<i>Overvidde: <\/i>50 (54) 58 (62) cm<br \/>\n<i>Hel lengde: <\/i>43 (49) 56 (66) cm<\/p>\n<p>&nbsp;<\/p>\n<p class=\"p1\"><strong>GARN OG GARNFORBRUK<\/strong><b><br \/>\n<\/b>Line fra SandnesGarn<br \/>\n3 (3) 4 (5) n\u00f8ster 8561 St\u00f8vet gr\u00f8nn<br \/>\n4 sm\u00e5 treknapper ca 15 mm i diameter<\/p>\n<p>&nbsp;<\/p>\n<p><strong>TILBEH\u00d8R<\/strong><b><br \/>\n<\/b>4 sm\u00e5 treknapper 15 mm<\/p>\n<p>&nbsp;<\/p>\n<p class=\"p1\"><strong>PINNER OG STRIKKEFASTHET<\/strong><br \/>\n60 cm rundpinne nr. 3,5 og 4<br \/>\n20 masker glattstrikk p\u00e5 pinne nr. 4 blir ca 10 cm<\/p>\n","protected":false},"excerpt":{"rendered":"<p class=\"p1\">En skikkelig t\u00f8ft seleshorts i garnet Line fra Sandnes Garn. Shortsen\u00a0passer fint utenp\u00e5 en enkel hvit t-skjorte eller med bare skuldre. Passer like fint til gutter og jenter.\u00a0Seleshortsen har fine detaljer p\u00e5 baksiden, og ser mer komplisert ut enn den er. Det hele handler om \u00e5 felle riktig vei &#8230;<\/p>\n<p>&nbsp;<\/p>\n<p>&nbsp;<\/p>\n<p><strong>Norsk og Engelsk oppskrift.<\/strong> Du f\u00e5r tilgang til alle spr\u00e5k som pdf fil ved kj\u00f8p.<\/p>\n<p class=\"p1\">\n","protected":false},"featured_media":71590,"template":"","meta":{"_acf_changed":false,"_relevanssi_hide_post":"","_relevanssi_hide_content":"","_relevanssi_pin_for_all":"","_relevanssi_pin_keywords":"","_relevanssi_unpin_keywords":"","_relevanssi_related_keywords":"","_relevanssi_related_include_ids":"","_relevanssi_related_exclude_ids":"","_relevanssi_related_no_append":"","_relevanssi_related_not_related":"","_relevanssi_related_posts":"","_relevanssi_noindex_reason":""},"product_brand":[],"product_cat":[202,60,246],"product_tag":[484,485,128,43,134,490,489,488,136,460],"class_list":{"0":"post-71589","1":"product","2":"type-product","3":"status-publish","4":"has-post-thumbnail","6":"product_cat-bukser","7":"product_cat-strikkeoppskrifter","8":"product_cat-tullemor-lillebror","9":"product_tag-bukse-barn","10":"product_tag-bukse-i-line","11":"product_tag-design-by-marte-helgetun","12":"product_tag-line","13":"product_tag-marte-helgetun","14":"product_tag-seleshorts","15":"product_tag-seleshorts-barn","16":"product_tag-seleshorts-i-line","17":"product_tag-strikkeoppskrift","18":"product_tag-tullemor-og-lillebror","20":"first","21":"instock","22":"downloadable","23":"taxable","24":"shipping-taxable","25":"purchasable","26":"product-type-mht_bundle"},"acf":[],"_links":{"self":[{"href":"https:\/\/martehelgetun.no\/en\/wp-json\/wp\/v2\/product\/71589","targetHints":{"allow":["GET"]}}],"collection":[{"href":"https:\/\/martehelgetun.no\/en\/wp-json\/wp\/v2\/product"}],"about":[{"href":"https:\/\/martehelgetun.no\/en\/wp-json\/wp\/v2\/types\/product"}],"wp:featuredmedia":[{"embeddable":true,"href":"https:\/\/martehelgetun.no\/en\/wp-json\/wp\/v2\/media\/71590"}],"wp:attachment":[{"href":"https:\/\/martehelgetun.no\/en\/wp-json\/wp\/v2\/media?parent=71589"}],"wp:term":[{"taxonomy":"product_brand","embeddable":true,"href":"https:\/\/martehelgetun.no\/en\/wp-json\/wp\/v2\/product_brand?post=71589"},{"taxonomy":"product_cat","embeddable":true,"href":"https:\/\/martehelgetun.no\/en\/wp-json\/wp\/v2\/product_cat?post=71589"},{"taxonomy":"product_tag","embeddable":true,"href":"https:\/\/martehelgetun.no\/en\/wp-json\/wp\/v2\/product_tag?post=71589"}],"curies":[{"name":"wp","href":"https:\/\/api.w.org\/{rel}","templated":true}]}}