{"id":71586,"date":"2024-02-14T11:54:37","date_gmt":"2024-02-14T10:54:37","guid":{"rendered":"http:\/\/martehelgetun.no\/?post_type=product&#038;p=71586"},"modified":"2026-04-22T15:04:40","modified_gmt":"2026-04-22T13:04:40","slug":"solkjole-i-line","status":"publish","type":"product","link":"https:\/\/martehelgetun.no\/en\/product\/solkjole-i-line\/","title":{"rendered":"Solkjole i Line"},"content":{"rendered":"<p><strong>ST\u00d8RRELSER OG M\u00c5L<\/strong><b><br \/>\n<\/b>St\u00f8rrelser: 1 (2) 4 (6) \u00e5r<br \/>\nOvervidde: 48 (52) 56 (60) cm<br \/>\nHel lengde: 28 (33) 38 (43) cm\u00a0(m\u00e5lt uten seler)<\/p>\n<p>&nbsp;<\/p>\n<p><strong>GARN OG GARNFORBRUK<\/strong><br \/>\nLine fra Sandnes Garn<br \/>\n3 (4) 5 (6) n\u00f8ster Lys lyng nr. 4642 (Utg\u00e5tt farge, men vi anbefaler 4632 Rosa lavendel)<\/p>\n<p>&nbsp;<\/p>\n<p><strong>TILBEH\u00d8R<\/strong><br \/>\n2 stjerneknapper i messing 15 mm<\/p>\n<p>&nbsp;<\/p>\n<p><strong>PINNER OG STRIKKEFASTHET<\/strong><br \/>\nRundpinne 60 cm lang nr. 4, og str\u00f8mpepinner nr. 3,5<br \/>\n20 masker glattstrikk p\u00e5 pinne nr. 4 = 10 cm<\/p>\n","protected":false},"excerpt":{"rendered":"<p>En sjarmerende solkjole med flettedetaljer. Denne kjolen er perfekt til fine dager p\u00e5 stranden eller til bursdagsfest i hagen. Kjolen strikkes ovenfra og ned.\u00a0Denne oppskriften finnes b\u00e5de i heftet Sommerbarna og som singeloppskrift.<\/p>\n<p>&nbsp;<\/p>\n<p>&nbsp;<\/p>\n<p><strong>Norsk og Engelsk oppskrift.<\/strong> Du f\u00e5r tilgang til alle spr\u00e5k som pdf fil ved kj\u00f8p.<\/p>\n<hr \/>\n<p data-start=\"0\" data-end=\"255\">A charming sundress with cable details. This dress is perfect for lovely days at the beach or for birthday parties in the garden. The dress is worked top-down. This pattern is available both in the booklet <em data-start=\"206\" data-end=\"223\">Summer Children<\/em> and as an individual pattern.<\/p>\n<p data-start=\"257\" data-end=\"365\" data-is-last-node=\"\" data-is-only-node=\"\"><strong>Norwegian and English pattern included.<\/strong> You will receive access to all languages as PDF files upon purchase.<\/p>\n","protected":false},"featured_media":71587,"template":"","meta":{"_acf_changed":false,"_relevanssi_hide_post":"","_relevanssi_hide_content":"","_relevanssi_pin_for_all":"","_relevanssi_pin_keywords":"","_relevanssi_unpin_keywords":"","_relevanssi_related_keywords":"","_relevanssi_related_include_ids":"","_relevanssi_related_exclude_ids":"","_relevanssi_related_no_append":"","_relevanssi_related_not_related":"","_relevanssi_related_posts":"","_relevanssi_noindex_reason":""},"product_brand":[],"product_cat":[201,734,60,246],"product_tag":[128,206,441,487,423,43,134,486,136,460],"class_list":{"0":"post-71586","1":"product","2":"type-product","3":"status-publish","4":"has-post-thumbnail","6":"product_cat-kjoler-og-skjort","7":"product_cat-sommerstrikk","8":"product_cat-strikkeoppskrifter","9":"product_cat-tullemor-lillebror","10":"product_tag-design-by-marte-helgetun","11":"product_tag-kjole","12":"product_tag-kjole-barn","13":"product_tag-kjole-i-line","14":"product_tag-kjole-i-line-barn","15":"product_tag-line","16":"product_tag-marte-helgetun","17":"product_tag-solkjole-i-line","18":"product_tag-strikkeoppskrift","19":"product_tag-tullemor-og-lillebror","21":"first","22":"instock","23":"downloadable","24":"taxable","25":"shipping-taxable","26":"purchasable","27":"product-type-mht_bundle"},"acf":[],"_links":{"self":[{"href":"https:\/\/martehelgetun.no\/en\/wp-json\/wp\/v2\/product\/71586","targetHints":{"allow":["GET"]}}],"collection":[{"href":"https:\/\/martehelgetun.no\/en\/wp-json\/wp\/v2\/product"}],"about":[{"href":"https:\/\/martehelgetun.no\/en\/wp-json\/wp\/v2\/types\/product"}],"wp:featuredmedia":[{"embeddable":true,"href":"https:\/\/martehelgetun.no\/en\/wp-json\/wp\/v2\/media\/71587"}],"wp:attachment":[{"href":"https:\/\/martehelgetun.no\/en\/wp-json\/wp\/v2\/media?parent=71586"}],"wp:term":[{"taxonomy":"product_brand","embeddable":true,"href":"https:\/\/martehelgetun.no\/en\/wp-json\/wp\/v2\/product_brand?post=71586"},{"taxonomy":"product_cat","embeddable":true,"href":"https:\/\/martehelgetun.no\/en\/wp-json\/wp\/v2\/product_cat?post=71586"},{"taxonomy":"product_tag","embeddable":true,"href":"https:\/\/martehelgetun.no\/en\/wp-json\/wp\/v2\/product_tag?post=71586"}],"curies":[{"name":"wp","href":"https:\/\/api.w.org\/{rel}","templated":true}]}}