{"id":71577,"date":"2024-02-14T09:04:51","date_gmt":"2024-02-14T08:04:51","guid":{"rendered":"http:\/\/martehelgetun.no\/?post_type=product&#038;p=71577"},"modified":"2026-04-22T15:25:52","modified_gmt":"2026-04-22T13:25:52","slug":"kortbukse-med-lommer","status":"publish","type":"product","link":"https:\/\/martehelgetun.no\/en\/product\/kortbukse-med-lommer\/","title":{"rendered":"Kortbukse med lommer"},"content":{"rendered":"<p class=\"p1\"><strong>ST\u00d8RRELSER OG M\u00c5L<br \/>\n<\/strong>St\u00f8rrelse: 1 (2) 4 (6) \u00e5r<br \/>\nLivvidde: 45 (49) 55 (60) cm<br \/>\nHel lengde: ca 31 (34) 37 (40) cm<\/p>\n<p>&nbsp;<\/p>\n<p class=\"p1\"><strong>GARN OG GARNFORBRUK<br \/>\n<\/strong>Line fra Sandnes Garn<br \/>\n3 (3) 4 (4) n\u00f8ster Skifer nr. 6080<\/p>\n<p>&nbsp;<\/p>\n<p class=\"p1\"><strong>TILBEH\u00d8R<br \/>\n<\/strong>2 sotede treknapper ca 15 mm<br \/>\nKnapphullstrikk til livet<br \/>\nCa 50 cm tynn skinnsnor<\/p>\n<p>&nbsp;<\/p>\n<p class=\"p1\"><strong>PINNER OG STRIKKEFASTHET<br \/>\n<\/strong>Rundpinne 40 cm lang nr. 3 og 3,5<br \/>\nSettpinner eller lang rundpinne nr. 3 og 3,5<br \/>\n22 masker glattstrikk p\u00e5 pinne nr. 3,5 = 10 cm<\/p>\n","protected":false},"excerpt":{"rendered":"<p class=\"p1\">Denne gode shortsen har store, fine lommer der barna kan gjemme alle skattene de finner n\u00e5r de er\u00a0ute og leker.\u00a0Du starter i livet og strikker deg nedover og lommene syes p\u00e5 til slutt.<\/p>\n<p>&nbsp;<\/p>\n<p><strong>Norsk og Engelsk oppskrift.<\/strong> Du f\u00e5r tilgang til alle spr\u00e5k som pdf fil ved kj\u00f8p.<\/p>\n<hr \/>\n<p data-start=\"0\" data-end=\"212\">These comfy shorts feature large, roomy pockets where children can store all the treasures they find while playing outside. You start at the waist and work your way down, and the pockets are sewn on at the end.<\/p>\n<p data-start=\"214\" data-end=\"322\" data-is-last-node=\"\" data-is-only-node=\"\"><strong>Norwegian and English pattern included.<\/strong> You will receive access to all languages as PDF files upon purchase.<\/p>\n","protected":false},"featured_media":71582,"template":"","meta":{"_acf_changed":false,"_relevanssi_hide_post":"","_relevanssi_hide_content":"","_relevanssi_pin_for_all":"","_relevanssi_pin_keywords":"","_relevanssi_unpin_keywords":"","_relevanssi_related_keywords":"","_relevanssi_related_include_ids":"","_relevanssi_related_exclude_ids":"","_relevanssi_related_no_append":"","_relevanssi_related_not_related":"","_relevanssi_related_posts":"","_relevanssi_noindex_reason":""},"product_brand":[],"product_cat":[202,734,60,246],"product_tag":[484,485,128,483,482,43,134,136],"class_list":{"0":"post-71577","1":"product","2":"type-product","3":"status-publish","4":"has-post-thumbnail","6":"product_cat-bukser","7":"product_cat-sommerstrikk","8":"product_cat-strikkeoppskrifter","9":"product_cat-tullemor-lillebror","10":"product_tag-bukse-barn","11":"product_tag-bukse-i-line","12":"product_tag-design-by-marte-helgetun","13":"product_tag-kortbukse","14":"product_tag-kortbukse-med-lommer","15":"product_tag-line","16":"product_tag-marte-helgetun","17":"product_tag-strikkeoppskrift","19":"first","20":"instock","21":"downloadable","22":"taxable","23":"shipping-taxable","24":"purchasable","25":"product-type-mht_bundle"},"acf":[],"_links":{"self":[{"href":"https:\/\/martehelgetun.no\/en\/wp-json\/wp\/v2\/product\/71577","targetHints":{"allow":["GET"]}}],"collection":[{"href":"https:\/\/martehelgetun.no\/en\/wp-json\/wp\/v2\/product"}],"about":[{"href":"https:\/\/martehelgetun.no\/en\/wp-json\/wp\/v2\/types\/product"}],"wp:featuredmedia":[{"embeddable":true,"href":"https:\/\/martehelgetun.no\/en\/wp-json\/wp\/v2\/media\/71582"}],"wp:attachment":[{"href":"https:\/\/martehelgetun.no\/en\/wp-json\/wp\/v2\/media?parent=71577"}],"wp:term":[{"taxonomy":"product_brand","embeddable":true,"href":"https:\/\/martehelgetun.no\/en\/wp-json\/wp\/v2\/product_brand?post=71577"},{"taxonomy":"product_cat","embeddable":true,"href":"https:\/\/martehelgetun.no\/en\/wp-json\/wp\/v2\/product_cat?post=71577"},{"taxonomy":"product_tag","embeddable":true,"href":"https:\/\/martehelgetun.no\/en\/wp-json\/wp\/v2\/product_tag?post=71577"}],"curies":[{"name":"wp","href":"https:\/\/api.w.org\/{rel}","templated":true}]}}