{"id":71571,"date":"2024-02-14T10:59:35","date_gmt":"2024-02-14T09:59:35","guid":{"rendered":"http:\/\/martehelgetun.no\/?post_type=product&#038;p=71571"},"modified":"2025-06-10T13:46:47","modified_gmt":"2025-06-10T11:46:47","slug":"basic-tee-mini","status":"publish","type":"product","link":"https:\/\/martehelgetun.no\/en\/produkt\/basic-tee-mini\/","title":{"rendered":"Basic Tee &#8211; MINI"},"content":{"rendered":"<p><strong>ST\u00d8RRELSER OG M\u00c5L<\/strong><br \/>\nSt\u00f8rrelser: 1 (2) 4 (6)<br \/>\nOvervidde: 56 (62) 67 (73) cm<br \/>\nHel lengde: 26 (99) 32 (35) cm<\/p>\n<p>&nbsp;<\/p>\n<p><strong>GARN OG GARNFORBRUK<\/strong><br \/>\nLine fra Sandnes Garn<br \/>\n2 (3) 3 (3) n\u00f8ster Pudderrosa nr. 3511<\/p>\n<p>&nbsp;<\/p>\n<p><strong>PINNER OG STRIKKEFASTHET<\/strong><br \/>\n80 og 40 cm rundpinne nr. 4 og 3,5<br \/>\n22 masker glattstrikk p\u00e5 pinne nr. 4 = 10 cm i bredden<\/p>\n","protected":false},"excerpt":{"rendered":"<p>Du vet du har truffet godt med designet n\u00e5r datteren din sp\u00f8r om \u00e5 f\u00e5 lik t-skjorte som deg. Jeg synes det er s\u00e5 koselig med mor-datter match, s\u00e5 da m\u00e5tte det bare bli jr. versjoner av noen av \u00e5rets sommerfavoritter. Denne t-skjorten tror jeg blir godt brukt, og den funker like godt til gutter som til jenter!<\/p>\n<p>&nbsp;<\/p>\n<p><strong>Norsk og Engelsk oppskrift.<\/strong> Du f\u00e5r tilgang til alle spr\u00e5k som pdf fil ved kj\u00f8p.<\/p>\n","protected":false},"featured_media":71572,"template":"","meta":{"_acf_changed":false,"_relevanssi_hide_post":"","_relevanssi_hide_content":"","_relevanssi_pin_for_all":"","_relevanssi_pin_keywords":"","_relevanssi_unpin_keywords":"","_relevanssi_related_keywords":"","_relevanssi_related_include_ids":"","_relevanssi_related_exclude_ids":"","_relevanssi_related_no_append":"","_relevanssi_related_not_related":"","_relevanssi_related_posts":"","_relevanssi_noindex_reason":""},"product_cat":[60,246,734,279],"product_tag":[478,128,43,134,136,473,480,479,417],"class_list":{"0":"post-71571","1":"product","2":"type-product","3":"status-publish","4":"has-post-thumbnail","6":"product_cat-strikkeoppskrifter","7":"product_cat-tullemor-lillebror","8":"product_cat-sommerstrikk","9":"product_cat-topp","10":"product_tag-basic-tee-mini","11":"product_tag-design-by-marte-helgetun","12":"product_tag-line","13":"product_tag-marte-helgetun","14":"product_tag-strikkeoppskrift","15":"product_tag-t-skjorte-barn","16":"product_tag-t-skjorte-barnehage","17":"product_tag-t-skjorte-i-line-barn","18":"product_tag-tee-barn","20":"first","21":"instock","22":"downloadable","23":"taxable","24":"shipping-taxable","25":"purchasable","26":"product-type-mht_bundle"},"acf":[],"_links":{"self":[{"href":"https:\/\/martehelgetun.no\/en\/wp-json\/wp\/v2\/product\/71571","targetHints":{"allow":["GET"]}}],"collection":[{"href":"https:\/\/martehelgetun.no\/en\/wp-json\/wp\/v2\/product"}],"about":[{"href":"https:\/\/martehelgetun.no\/en\/wp-json\/wp\/v2\/types\/product"}],"wp:featuredmedia":[{"embeddable":true,"href":"https:\/\/martehelgetun.no\/en\/wp-json\/wp\/v2\/media\/71572"}],"wp:attachment":[{"href":"https:\/\/martehelgetun.no\/en\/wp-json\/wp\/v2\/media?parent=71571"}],"wp:term":[{"taxonomy":"product_cat","embeddable":true,"href":"https:\/\/martehelgetun.no\/en\/wp-json\/wp\/v2\/product_cat?post=71571"},{"taxonomy":"product_tag","embeddable":true,"href":"https:\/\/martehelgetun.no\/en\/wp-json\/wp\/v2\/product_tag?post=71571"}],"curies":[{"name":"wp","href":"https:\/\/api.w.org\/{rel}","templated":true}]}}