{"id":71563,"date":"2024-02-13T17:52:52","date_gmt":"2024-02-13T16:52:52","guid":{"rendered":"http:\/\/martehelgetun.no\/?post_type=product&#038;p=71563"},"modified":"2025-06-10T13:46:39","modified_gmt":"2025-06-10T11:46:39","slug":"t-skjorte-med-striper","status":"publish","type":"product","link":"https:\/\/martehelgetun.no\/en\/produkt\/t-skjorte-med-striper\/","title":{"rendered":"T-skjorte med striper"},"content":{"rendered":"<p class=\"p1\"><strong>ST\u00d8RRELSER OG M\u00c5L<br \/>\n<\/strong>St\u00f8rrelser: 1 (2) 4 (6) \u00e5r<br \/>\nOvervidde: 56 (62) 67 (73) cm<br \/>\nHel lengde: 26 (29) 32 (35) cm<strong><br \/>\n<\/strong><\/p>\n<p>&nbsp;<\/p>\n<p class=\"p1\"><strong>GARN OG GARNFORBRUK<br \/>\n<\/strong>Line fra Sandnes Garn<br \/>\n2 (3) 4 (5) n\u00f8ster Kitt nr. 1015<br \/>\n1 (1) 1 (1) n\u00f8ste Skifer nr. 6080<\/p>\n<p>&nbsp;<\/p>\n<p class=\"p1\"><strong>TILBEH\u00d8R<br \/>\n<\/strong>2 sotede treknapper 15 mm<\/p>\n<p>&nbsp;<\/p>\n<p class=\"p1\"><strong>PINNER OG STRIKKEFASTHET<br \/>\n<\/strong>Rundpinne 60 cm lang nr. 4 og 3,5<br \/>\nP\u00e5 1 \u00e5rsst\u00f8rrelsen anbefaler jeg 40 cm pinner<br \/>\n22 masker glattstrikk p\u00e5 pinne nr. 4 = 10 cm<\/p>\n","protected":false},"excerpt":{"rendered":"<p class=\"p1\">En fin hverdags t-skjorte som passer godt til nordiske sommere. Jeg synes det er s\u00e5 g\u00f8y \u00e5 se\u00a0n\u00e5r folk leker seg med farger og velger ulike striper.\u00a0T-skjorten strikkes fra halsen og ned med raglan\u00f8kinger. Etter noen f\u00e5 runder p\u00e5 ermene og\u00a0en liten knappestolpe er den klar til bruk.<\/p>\n<p>&nbsp;<\/p>\n<p>&nbsp;<\/p>\n<p><strong>Norsk og Engelsk oppskrift.<\/strong> Du f\u00e5r tilgang til alle spr\u00e5k som pdf fil ved kj\u00f8p.<\/p>\n","protected":false},"featured_media":76422,"template":"","meta":{"_acf_changed":false,"_relevanssi_hide_post":"","_relevanssi_hide_content":"","_relevanssi_pin_for_all":"","_relevanssi_pin_keywords":"","_relevanssi_unpin_keywords":"","_relevanssi_related_keywords":"","_relevanssi_related_include_ids":"","_relevanssi_related_exclude_ids":"","_relevanssi_related_no_append":"","_relevanssi_related_not_related":"","_relevanssi_related_posts":"","_relevanssi_noindex_reason":""},"product_cat":[60,246,734,279],"product_tag":[128,43,134,136,305,473,474,472],"class_list":{"0":"post-71563","1":"product","2":"type-product","3":"status-publish","4":"has-post-thumbnail","6":"product_cat-strikkeoppskrifter","7":"product_cat-tullemor-lillebror","8":"product_cat-sommerstrikk","9":"product_cat-topp","10":"product_tag-design-by-marte-helgetun","11":"product_tag-line","12":"product_tag-marte-helgetun","13":"product_tag-strikkeoppskrift","14":"product_tag-t-skjorte","15":"product_tag-t-skjorte-barn","16":"product_tag-t-skjorte-i-line","17":"product_tag-t-skjorte-med-striper","19":"first","20":"instock","21":"downloadable","22":"taxable","23":"shipping-taxable","24":"purchasable","25":"product-type-mht_bundle"},"acf":[],"_links":{"self":[{"href":"https:\/\/martehelgetun.no\/en\/wp-json\/wp\/v2\/product\/71563","targetHints":{"allow":["GET"]}}],"collection":[{"href":"https:\/\/martehelgetun.no\/en\/wp-json\/wp\/v2\/product"}],"about":[{"href":"https:\/\/martehelgetun.no\/en\/wp-json\/wp\/v2\/types\/product"}],"wp:featuredmedia":[{"embeddable":true,"href":"https:\/\/martehelgetun.no\/en\/wp-json\/wp\/v2\/media\/76422"}],"wp:attachment":[{"href":"https:\/\/martehelgetun.no\/en\/wp-json\/wp\/v2\/media?parent=71563"}],"wp:term":[{"taxonomy":"product_cat","embeddable":true,"href":"https:\/\/martehelgetun.no\/en\/wp-json\/wp\/v2\/product_cat?post=71563"},{"taxonomy":"product_tag","embeddable":true,"href":"https:\/\/martehelgetun.no\/en\/wp-json\/wp\/v2\/product_tag?post=71563"}],"curies":[{"name":"wp","href":"https:\/\/api.w.org\/{rel}","templated":true}]}}