{"id":71560,"date":"2024-02-13T17:40:00","date_gmt":"2024-02-13T16:40:00","guid":{"rendered":"http:\/\/martehelgetun.no\/?post_type=product&#038;p=71560"},"modified":"2025-06-10T13:29:57","modified_gmt":"2025-06-10T11:29:57","slug":"sommerfin-jakke-barnehagebarn","status":"publish","type":"product","link":"https:\/\/martehelgetun.no\/en\/produkt\/sommerfin-jakke-barnehagebarn\/","title":{"rendered":"Sommerfin Jakke &#8211; Barnehagebarn"},"content":{"rendered":"<p><strong>ST\u00d8RRELSER OG M\u00c5L<\/strong><br \/>\nSt\u00f8rrelser: 1 (2) 4 (6) \u00e5r<br \/>\nOvervidde: 60 (60) 67 (73) cm<br \/>\nHel lengde: 22 (26) 30 (34) cm<br \/>\nErmlengde: 20 (22) 26 (30) cm<\/p>\n<p>&nbsp;<\/p>\n<p><strong>GARN OG GARNFORBRUK<br \/>\n<\/strong>Lunt + Lett by Marte Helgetun<br \/>\n2 (2) 3 (3) n\u00f8ster Lunt nr. 04 Cappuccino<br \/>\n2 (2) 2 (3) n\u00f8ster Lett nr. 04 Cappuccino<\/p>\n<p>&nbsp;<\/p>\n<p><strong>TILBEH\u00d8R<\/strong><br \/>\n4 (5) 5 (6) kokosknapper 15 mm<\/p>\n<p>&nbsp;<\/p>\n<p><strong>PINNER OG STRIKKEFASTHET<\/strong><br \/>\n60 cm rundpinne nr. 3,5 og 4<br \/>\nSettpinner nr. 3,5 og 4<br \/>\n24 masker strukturstrikk p\u00e5 pinne nr. 3,5 = 10 cm<\/p>\n","protected":false},"excerpt":{"rendered":"<p>N\u00e5r man bor i Norge, er det alltid greit \u00e5 v\u00e6re forberedt p\u00e5 at ikke alle dager er fylt med solskinn om sommeren. En strikket jakke er ogs\u00e5 kjekk \u00e5 ha n\u00e5r kvelden kommer og man ikke vil inn helt\u00a0enda. Skal bare leke liiiitt til&#8230;\u00a0Jakken strikkes ovenfra og ned slik at du enkelt kan pr\u00f8ve p\u00e5 underveis og tilpasse st\u00f8rrelsen. Oppskriften finner du b\u00e5de som singeloppskrift og i heftet \u00abTullemor &amp; Lillebrors sommerfavoritter\u00bb.<\/p>\n<p>&nbsp;<\/p>\n<p>&nbsp;<\/p>\n<p><strong>Norsk og Engelsk oppskrift.<\/strong> Du f\u00e5r tilgang til alle spr\u00e5k som pdf fil ved kj\u00f8p.<\/p>\n","protected":false},"featured_media":71485,"template":"","meta":{"_acf_changed":false,"_relevanssi_hide_post":"","_relevanssi_hide_content":"","_relevanssi_pin_for_all":"","_relevanssi_pin_keywords":"","_relevanssi_unpin_keywords":"","_relevanssi_related_keywords":"","_relevanssi_related_include_ids":"","_relevanssi_related_exclude_ids":"","_relevanssi_related_no_append":"","_relevanssi_related_not_related":"","_relevanssi_related_posts":"","_relevanssi_noindex_reason":""},"product_cat":[60,246,208],"product_tag":[128,211,454,471,37,33,134,470,136,460],"class_list":{"0":"post-71560","1":"product","2":"type-product","3":"status-publish","4":"has-post-thumbnail","6":"product_cat-strikkeoppskrifter","7":"product_cat-tullemor-lillebror","8":"product_cat-jakke","9":"product_tag-design-by-marte-helgetun","10":"product_tag-jakke","11":"product_tag-jakke-barn","12":"product_tag-jakke-barnehage","13":"product_tag-lett","14":"product_tag-lunt","15":"product_tag-marte-helgetun","16":"product_tag-sommerfin-jakke","17":"product_tag-strikkeoppskrift","18":"product_tag-tullemor-og-lillebror","20":"first","21":"instock","22":"downloadable","23":"taxable","24":"shipping-taxable","25":"purchasable","26":"product-type-mht_bundle"},"acf":[],"_links":{"self":[{"href":"https:\/\/martehelgetun.no\/en\/wp-json\/wp\/v2\/product\/71560","targetHints":{"allow":["GET"]}}],"collection":[{"href":"https:\/\/martehelgetun.no\/en\/wp-json\/wp\/v2\/product"}],"about":[{"href":"https:\/\/martehelgetun.no\/en\/wp-json\/wp\/v2\/types\/product"}],"wp:featuredmedia":[{"embeddable":true,"href":"https:\/\/martehelgetun.no\/en\/wp-json\/wp\/v2\/media\/71485"}],"wp:attachment":[{"href":"https:\/\/martehelgetun.no\/en\/wp-json\/wp\/v2\/media?parent=71560"}],"wp:term":[{"taxonomy":"product_cat","embeddable":true,"href":"https:\/\/martehelgetun.no\/en\/wp-json\/wp\/v2\/product_cat?post=71560"},{"taxonomy":"product_tag","embeddable":true,"href":"https:\/\/martehelgetun.no\/en\/wp-json\/wp\/v2\/product_tag?post=71560"}],"curies":[{"name":"wp","href":"https:\/\/api.w.org\/{rel}","templated":true}]}}