{"id":71554,"date":"2024-02-13T17:21:29","date_gmt":"2024-02-13T16:21:29","guid":{"rendered":"http:\/\/martehelgetun.no\/?post_type=product&#038;p=71554"},"modified":"2025-06-10T13:38:58","modified_gmt":"2025-06-10T11:38:58","slug":"tullemors-alpelue","status":"publish","type":"product","link":"https:\/\/martehelgetun.no\/en\/produkt\/tullemors-alpelue\/","title":{"rendered":"Tullemors Alpelue"},"content":{"rendered":"<p><strong>ST\u00d8RRELSER OG M\u00c5L<\/strong><br \/>\nSt\u00f8rrelser: 1 (2) 4 (6) \u00e5r<\/p>\n<p>&nbsp;<\/p>\n<p><strong>GARN OG GARNFORBRUK<\/strong><br \/>\nLunt + Lett by Marte Helgetun<br \/>\n1 n\u00f8ste Lunt nr. 04 Cappuccino<br \/>\n1 n\u00f8ste Lett nr. 04 Cappuccino<\/p>\n<p>&nbsp;<\/p>\n<p><strong>PINNER OG STRIKKEFASTHET<\/strong><br \/>\nRundpinne 40 cm lang nr. 3 og 4<br \/>\nSettpinner nr. 4 om du ikke benytter<br \/>\nMagic loop\/lang rundpinne nr. 4<br \/>\n24 masker glattstrikk p\u00e5 pinne nr. 4 = 10 cm<\/p>\n","protected":false},"excerpt":{"rendered":"<p>Sm\u00e5 enkle strikkeplagg kan gj\u00f8re mye ut av seg og egner seg ekstra godt \u00e5 gi bort i gave. En enkel alpelue kan brukes hele \u00e5ret av sm\u00e5 tuller som vet hva de vil ha p\u00e5 seg. Oppskriften finner du b\u00e5de som singeloppskrift og i heftet \u00abTullemor &amp; Lillebrors sommerfavoritter\u00bb.<\/p>\n<p>&nbsp;<\/p>\n<p>&nbsp;<\/p>\n<p><strong>Norsk og Engelsk oppskrift.<\/strong> Du f\u00e5r tilgang til alle spr\u00e5k som pdf fil ved kj\u00f8p.<\/p>\n","protected":false},"featured_media":71497,"template":"","meta":{"_acf_changed":false,"_relevanssi_hide_post":"","_relevanssi_hide_content":"","_relevanssi_pin_for_all":"","_relevanssi_pin_keywords":"","_relevanssi_unpin_keywords":"","_relevanssi_related_keywords":"","_relevanssi_related_include_ids":"","_relevanssi_related_exclude_ids":"","_relevanssi_related_no_append":"","_relevanssi_related_not_related":"","_relevanssi_related_posts":"","_relevanssi_noindex_reason":""},"product_cat":[60,246,401],"product_tag":[329,465,330,466,128,37,33,134,136,460,464],"class_list":{"0":"post-71554","1":"product","2":"type-product","3":"status-publish","4":"has-post-thumbnail","6":"product_cat-strikkeoppskrifter","7":"product_cat-tullemor-lillebror","8":"product_cat-lue-panneband","9":"product_tag-alpelue","10":"product_tag-alpelue-barn","11":"product_tag-beret","12":"product_tag-beret-barn","13":"product_tag-design-by-marte-helgetun","14":"product_tag-lett","15":"product_tag-lunt","16":"product_tag-marte-helgetun","17":"product_tag-strikkeoppskrift","18":"product_tag-tullemor-og-lillebror","19":"product_tag-tullemors-alpelue","21":"first","22":"instock","23":"downloadable","24":"taxable","25":"shipping-taxable","26":"purchasable","27":"product-type-mht_bundle"},"acf":[],"_links":{"self":[{"href":"https:\/\/martehelgetun.no\/en\/wp-json\/wp\/v2\/product\/71554","targetHints":{"allow":["GET"]}}],"collection":[{"href":"https:\/\/martehelgetun.no\/en\/wp-json\/wp\/v2\/product"}],"about":[{"href":"https:\/\/martehelgetun.no\/en\/wp-json\/wp\/v2\/types\/product"}],"wp:featuredmedia":[{"embeddable":true,"href":"https:\/\/martehelgetun.no\/en\/wp-json\/wp\/v2\/media\/71497"}],"wp:attachment":[{"href":"https:\/\/martehelgetun.no\/en\/wp-json\/wp\/v2\/media?parent=71554"}],"wp:term":[{"taxonomy":"product_cat","embeddable":true,"href":"https:\/\/martehelgetun.no\/en\/wp-json\/wp\/v2\/product_cat?post=71554"},{"taxonomy":"product_tag","embeddable":true,"href":"https:\/\/martehelgetun.no\/en\/wp-json\/wp\/v2\/product_tag?post=71554"}],"curies":[{"name":"wp","href":"https:\/\/api.w.org\/{rel}","templated":true}]}}