{"id":71551,"date":"2024-02-13T17:10:07","date_gmt":"2024-02-13T16:10:07","guid":{"rendered":"http:\/\/martehelgetun.no\/?post_type=product&#038;p=71551"},"modified":"2025-06-10T13:06:05","modified_gmt":"2025-06-10T11:06:05","slug":"sommerfin-shorst-i-line-barnehagebarn","status":"publish","type":"product","link":"https:\/\/martehelgetun.no\/en\/produkt\/sommerfin-shorst-i-line-barnehagebarn\/","title":{"rendered":"Sommerfin Shorts i Line &#8211; Barnehagebarn"},"content":{"rendered":"<div>\n<p class=\"p1\"><strong>ST\u00d8RRELSER OG M\u00c5L<\/strong><br \/>\nSt\u00f8rrelser: 1 (2) 4 (6) \u00e5r<br \/>\nLivvidde: 44 (48) 52 (56) cm<br \/>\nHel lengde: 22 (24) 26 (28) cm<\/p>\n<p class=\"p1\"><strong><br \/>\nGARN OG GARNFORBRUK<\/strong><br \/>\nLine fra Sandnes Garn<br \/>\n2 (3) 3 (4) n\u00f8ster Kitt nr. 1015<\/p>\n<p>&nbsp;<\/p>\n<p><strong>TILBEH\u00d8R<\/strong><br \/>\n1 kokosknapp 18 mm<br \/>\nKnappehullstrikk til livet<\/p>\n<p class=\"p1\"><strong><br \/>\nPINNER OG STRIKKEFASTHET<\/strong><br \/>\n40 cm rundpinne nr. 3<br \/>\n60 cm rundpinne nr. 3,5<br \/>\nsettpinner nr. 3<br \/>\n22 masker strukturstrikk p\u00e5 pinne<br \/>\nnr. 3,5 = 10 cm<\/p>\n<p class=\"p1\">\n<\/div>\n","protected":false},"excerpt":{"rendered":"<p class=\"p1\">Det fine med denne shortsen er at den passer like godt til jenter som til gutter. Shortsen strikkes ovenfra og ned med belegg i livet slik at du kan tre i en strikk. Oppskriften finner du b\u00e5de som singeloppskrift og i heftet \u00abTullemor &amp; Lillebrors sommerfavoritter\u00bb.<\/p>\n<p>&nbsp;<\/p>\n<p>&nbsp;<\/p>\n<p><strong>Norsk og Engelsk oppskrift.<\/strong> Du f\u00e5r tilgang til alle spr\u00e5k som pdf fil ved kj\u00f8p.<\/p>\n","protected":false},"featured_media":71475,"template":"","meta":{"_acf_changed":false,"_relevanssi_hide_post":"","_relevanssi_hide_content":"","_relevanssi_pin_for_all":"","_relevanssi_pin_keywords":"","_relevanssi_unpin_keywords":"","_relevanssi_related_keywords":"","_relevanssi_related_include_ids":"","_relevanssi_related_exclude_ids":"","_relevanssi_related_no_append":"","_relevanssi_related_not_related":"","_relevanssi_related_posts":"","_relevanssi_noindex_reason":""},"product_cat":[60,246,202],"product_tag":[128,43,134,462,463,461,136],"class_list":{"0":"post-71551","1":"product","2":"type-product","3":"status-publish","4":"has-post-thumbnail","6":"product_cat-strikkeoppskrifter","7":"product_cat-tullemor-lillebror","8":"product_cat-bukser","9":"product_tag-design-by-marte-helgetun","10":"product_tag-line","11":"product_tag-marte-helgetun","12":"product_tag-shorts-barn","13":"product_tag-shorts-i-line","14":"product_tag-sommerfin-shorts","15":"product_tag-strikkeoppskrift","17":"first","18":"instock","19":"downloadable","20":"taxable","21":"shipping-taxable","22":"purchasable","23":"product-type-mht_bundle"},"acf":[],"_links":{"self":[{"href":"https:\/\/martehelgetun.no\/en\/wp-json\/wp\/v2\/product\/71551","targetHints":{"allow":["GET"]}}],"collection":[{"href":"https:\/\/martehelgetun.no\/en\/wp-json\/wp\/v2\/product"}],"about":[{"href":"https:\/\/martehelgetun.no\/en\/wp-json\/wp\/v2\/types\/product"}],"wp:featuredmedia":[{"embeddable":true,"href":"https:\/\/martehelgetun.no\/en\/wp-json\/wp\/v2\/media\/71475"}],"wp:attachment":[{"href":"https:\/\/martehelgetun.no\/en\/wp-json\/wp\/v2\/media?parent=71551"}],"wp:term":[{"taxonomy":"product_cat","embeddable":true,"href":"https:\/\/martehelgetun.no\/en\/wp-json\/wp\/v2\/product_cat?post=71551"},{"taxonomy":"product_tag","embeddable":true,"href":"https:\/\/martehelgetun.no\/en\/wp-json\/wp\/v2\/product_tag?post=71551"}],"curies":[{"name":"wp","href":"https:\/\/api.w.org\/{rel}","templated":true}]}}