{"id":71548,"date":"2024-02-13T16:52:51","date_gmt":"2024-02-13T15:52:51","guid":{"rendered":"http:\/\/martehelgetun.no\/?post_type=product&#038;p=71548"},"modified":"2026-04-22T14:59:35","modified_gmt":"2026-04-22T12:59:35","slug":"sommerfin-kjole-i-line-barnehagebarn","status":"publish","type":"product","link":"https:\/\/martehelgetun.no\/en\/product\/sommerfin-kjole-i-line-barnehagebarn\/","title":{"rendered":"Sommerfin Kjole i Line &#8211; Barnehagebarn"},"content":{"rendered":"<p class=\"p2\"><strong>ST\u00d8RRELSER OG M\u00c5L<\/strong><br \/>\nSt\u00f8rrelse: 1 (2) 4 (6) \u00e5r<br \/>\nOvervidde: 47 (50) 54 (58) cm<br \/>\nHel lengde: 36 (40) 44 (48) cm<\/p>\n<p>&nbsp;<\/p>\n<p><strong>GARN OG GARNFORBRUK<\/strong><br \/>\nLine fra Sandnes Garn<br \/>\n3 (4) 5 (6) n\u00f8ster Kitt nr. 1015<\/p>\n<p>&nbsp;<\/p>\n<p><strong>TILBEH\u00d8R<\/strong><br \/>\n1 kokosknapp 18 mm<\/p>\n<p class=\"p2\"><strong><br \/>\nPINNER OG STRIKKEFASTHET<\/strong><br \/>\n40 cm rundpinne nr. 3<br \/>\n60 cm rundpinne nr. 3,5 og 3<br \/>\n22 masker glattstrikk p\u00e5 pinne<br \/>\nnr. 3,5 = 10 cm<\/p>\n","protected":false},"excerpt":{"rendered":"<p class=\"p1\">Sommerens finkjole har en enkel og effektfull struktur. Det elegante snittet gj\u00f8r at den legger seg fint p\u00e5 skuldrene. Kjolen strikkes ovenfra og ned, og er lett \u00e5 tilpasse slik at den passer perfekt.\u00a0Oppskriften finner du b\u00e5de som singeloppskrift og i heftet \u00abTullemor og Lillebrors sommerfavoritter\u00bb<\/p>\n<p>&nbsp;<\/p>\n<p><strong>Norsk og Engelsk oppskrift.<\/strong> Du f\u00e5r tilgang til alle spr\u00e5k som pdf fil ved kj\u00f8p.<\/p>\n<hr \/>\n<p data-start=\"0\" data-end=\"329\">This summer\u2019s dress-up favorite features a simple yet striking texture. The elegant cut allows it to drape beautifully over the shoulders. The dress is worked top-down and is easy to adjust for a perfect fit. The pattern is available both as a single pattern and in the booklet <em data-start=\"278\" data-end=\"326\">Tullemor and Little Brother\u2019s Summer Favorites<\/em>.<\/p>\n<p data-start=\"331\" data-end=\"439\" data-is-last-node=\"\" data-is-only-node=\"\"><strong>Norwegian and English pattern included.<\/strong> You will receive access to all languages as PDF files upon purchase.<\/p>\n","protected":false},"featured_media":71489,"template":"","meta":{"_acf_changed":false,"_relevanssi_hide_post":"","_relevanssi_hide_content":"","_relevanssi_pin_for_all":"","_relevanssi_pin_keywords":"","_relevanssi_unpin_keywords":"","_relevanssi_related_keywords":"","_relevanssi_related_include_ids":"","_relevanssi_related_exclude_ids":"","_relevanssi_related_no_append":"","_relevanssi_related_not_related":"","_relevanssi_related_posts":"","_relevanssi_noindex_reason":""},"product_brand":[],"product_cat":[201,734,60,246],"product_tag":[128,441,442,43,134,459,136,460],"class_list":{"0":"post-71548","1":"product","2":"type-product","3":"status-publish","4":"has-post-thumbnail","6":"product_cat-kjoler-og-skjort","7":"product_cat-sommerstrikk","8":"product_cat-strikkeoppskrifter","9":"product_cat-tullemor-lillebror","10":"product_tag-design-by-marte-helgetun","11":"product_tag-kjole-barn","12":"product_tag-kjole-barnehagebarn","13":"product_tag-line","14":"product_tag-marte-helgetun","15":"product_tag-sommerfin-kjole","16":"product_tag-strikkeoppskrift","17":"product_tag-tullemor-og-lillebror","19":"first","20":"instock","21":"downloadable","22":"taxable","23":"shipping-taxable","24":"purchasable","25":"product-type-mht_bundle"},"acf":[],"_links":{"self":[{"href":"https:\/\/martehelgetun.no\/en\/wp-json\/wp\/v2\/product\/71548","targetHints":{"allow":["GET"]}}],"collection":[{"href":"https:\/\/martehelgetun.no\/en\/wp-json\/wp\/v2\/product"}],"about":[{"href":"https:\/\/martehelgetun.no\/en\/wp-json\/wp\/v2\/types\/product"}],"wp:featuredmedia":[{"embeddable":true,"href":"https:\/\/martehelgetun.no\/en\/wp-json\/wp\/v2\/media\/71489"}],"wp:attachment":[{"href":"https:\/\/martehelgetun.no\/en\/wp-json\/wp\/v2\/media?parent=71548"}],"wp:term":[{"taxonomy":"product_brand","embeddable":true,"href":"https:\/\/martehelgetun.no\/en\/wp-json\/wp\/v2\/product_brand?post=71548"},{"taxonomy":"product_cat","embeddable":true,"href":"https:\/\/martehelgetun.no\/en\/wp-json\/wp\/v2\/product_cat?post=71548"},{"taxonomy":"product_tag","embeddable":true,"href":"https:\/\/martehelgetun.no\/en\/wp-json\/wp\/v2\/product_tag?post=71548"}],"curies":[{"name":"wp","href":"https:\/\/api.w.org\/{rel}","templated":true}]}}