{"id":71462,"date":"2024-02-13T15:20:31","date_gmt":"2024-02-13T14:20:31","guid":{"rendered":"http:\/\/martehelgetun.no\/?post_type=product&#038;p=71462"},"modified":"2025-06-10T13:29:54","modified_gmt":"2025-06-10T11:29:54","slug":"tullemors-bolero-barnehagebarn","status":"publish","type":"product","link":"https:\/\/martehelgetun.no\/en\/produkt\/tullemors-bolero-barnehagebarn\/","title":{"rendered":"Tullemors bolero &#8211; Barnehagebarn"},"content":{"rendered":"<p><strong>ST\u00d8RRELSER OG M\u00c5L<br \/>\n<\/strong>St\u00f8rrelser: 1 (2) 4 (6) \u00e5r<br \/>\nOvervidde: 48 (54) 60 (65) cm<br \/>\nLengde: 22 (26) 28 (30) cm<\/p>\n<p>&nbsp;<\/p>\n<p><strong>GARN OG GARNFORBRUK<br \/>\n<\/strong>Lett x 2 by Marte Helgetun<br \/>\n2 (2) 3 (3) n\u00f8ster nr. 04 Cappuccino<br \/>\nJakken strikkes med to tr\u00e5der sammen<\/p>\n<p>&nbsp;<\/p>\n<p><strong>PINNER OG STRIKKEFASTHET<br \/>\n<\/strong>Rundpinne 60 cm lang nr. 4<br \/>\nHeklen\u00e5l nr. 3<br \/>\n22 masker glattstrikk p\u00e5 pinne nr. 4 = 10 cm<\/p>\n","protected":false},"excerpt":{"rendered":"<p>Dette er en luftig og lett bolero strikket i v\u00e5r fineste mohair og silkeblanding, akkurat passe pusete til sm\u00e5 jenter som vet hva de vil ha. Du starter fra halsen og strikker fram og tilbake hele veien ned. Slik regulerer du lengden i ryggen, og etterp\u00e5 gj\u00f8r du boleroen ekstra fin med en dekorativ heklekant.<\/p>\n<p>&nbsp;<\/p>\n<p>&nbsp;<\/p>\n<p><strong>Norsk og Engelsk oppskrift.<\/strong> Du f\u00e5r tilgang til alle spr\u00e5k som pdf fil ved kj\u00f8p.<\/p>\n","protected":false},"featured_media":71483,"template":"","meta":{"_acf_changed":false,"_relevanssi_hide_post":"","_relevanssi_hide_content":"","_relevanssi_pin_for_all":"","_relevanssi_pin_keywords":"","_relevanssi_unpin_keywords":"","_relevanssi_related_keywords":"","_relevanssi_related_include_ids":"","_relevanssi_related_exclude_ids":"","_relevanssi_related_no_append":"","_relevanssi_related_not_related":"","_relevanssi_related_posts":"","_relevanssi_noindex_reason":""},"product_cat":[60,246,208],"product_tag":[458,128,37,134,136,456,457],"class_list":{"0":"post-71462","1":"product","2":"type-product","3":"status-publish","4":"has-post-thumbnail","6":"product_cat-strikkeoppskrifter","7":"product_cat-tullemor-lillebror","8":"product_cat-jakke","9":"product_tag-bolero-barn","10":"product_tag-design-by-marte-helgetun","11":"product_tag-lett","12":"product_tag-marte-helgetun","13":"product_tag-strikkeoppskrift","14":"product_tag-tullemors-bolero","15":"product_tag-tullemors-bolero-barnehage","17":"first","18":"instock","19":"downloadable","20":"taxable","21":"shipping-taxable","22":"purchasable","23":"product-type-mht_bundle"},"acf":[],"_links":{"self":[{"href":"https:\/\/martehelgetun.no\/en\/wp-json\/wp\/v2\/product\/71462","targetHints":{"allow":["GET"]}}],"collection":[{"href":"https:\/\/martehelgetun.no\/en\/wp-json\/wp\/v2\/product"}],"about":[{"href":"https:\/\/martehelgetun.no\/en\/wp-json\/wp\/v2\/types\/product"}],"wp:featuredmedia":[{"embeddable":true,"href":"https:\/\/martehelgetun.no\/en\/wp-json\/wp\/v2\/media\/71483"}],"wp:attachment":[{"href":"https:\/\/martehelgetun.no\/en\/wp-json\/wp\/v2\/media?parent=71462"}],"wp:term":[{"taxonomy":"product_cat","embeddable":true,"href":"https:\/\/martehelgetun.no\/en\/wp-json\/wp\/v2\/product_cat?post=71462"},{"taxonomy":"product_tag","embeddable":true,"href":"https:\/\/martehelgetun.no\/en\/wp-json\/wp\/v2\/product_tag?post=71462"}],"curies":[{"name":"wp","href":"https:\/\/api.w.org\/{rel}","templated":true}]}}