{"id":71451,"date":"2024-02-13T14:57:23","date_gmt":"2024-02-13T13:57:23","guid":{"rendered":"http:\/\/martehelgetun.no\/?post_type=product&#038;p=71451"},"modified":"2025-06-10T13:29:50","modified_gmt":"2025-06-10T11:29:50","slug":"bruksjakke-mini","status":"publish","type":"product","link":"https:\/\/martehelgetun.no\/en\/produkt\/bruksjakke-mini\/","title":{"rendered":"Bruksjakke &#8211; MINI"},"content":{"rendered":"<p><strong>ST\u00d8RRELSER OG M\u00c5L<\/strong><br \/>\nSt\u00f8rrelser: 1 (2) 4 (6) \u00e5r<br \/>\nOvervidde: 62 (67) 70 (75) cm<br \/>\nHel lengde: 30 (34) 38 (42) cm<br \/>\nErmlengde: 20 (24) 28 (32) cm<\/p>\n<p>&nbsp;<\/p>\n<p><strong>GARN OG GARNFORBRUK<\/strong><br \/>\nLuftig + Lett by Marte Helgetun<br \/>\n2 (2) 3 (3) n\u00f8ster Luftig nr. 14 Kl\u00f8ver<br \/>\n2 (2) 3 (3) n\u00f8ster Lett nr. 14 Kl\u00f8ver<\/p>\n<p>&nbsp;<\/p>\n<p><strong>TILBEH\u00d8R<\/strong><br \/>\n5 (5) 6 (6) kokosknapper 18 mm<\/p>\n<p><strong><br \/>\nPINNER OG STRIKKEFASTHET<\/strong><br \/>\n60 cm rundpinne nr. 5 og 6<br \/>\nog settpinner nr. 5 og 6<br \/>\n17 masker glattstrikk med en tr\u00e5d av<br \/>\nhver kvalitet p\u00e5 pinne nr. 6 = 10 cm<\/p>\n","protected":false},"excerpt":{"rendered":"<p>Jakken strikkes ovenfra og ned med en tr\u00e5d av hver kvalitet, slik velger du selv hvor lang du \u00f8nsker at jakken og ermene skal v\u00e6re.<\/p>\n<p>&nbsp;<\/p>\n<p>&nbsp;<\/p>\n<p><strong>Norsk og Engelsk oppskrift.<\/strong> Du f\u00e5r tilgang til alle spr\u00e5k som pdf fil ved kj\u00f8p.<\/p>\n","protected":false},"featured_media":71456,"template":"","meta":{"_acf_changed":false,"_relevanssi_hide_post":"","_relevanssi_hide_content":"","_relevanssi_pin_for_all":"","_relevanssi_pin_keywords":"","_relevanssi_unpin_keywords":"","_relevanssi_related_keywords":"","_relevanssi_related_include_ids":"","_relevanssi_related_exclude_ids":"","_relevanssi_related_no_append":"","_relevanssi_related_not_related":"","_relevanssi_related_posts":"","_relevanssi_noindex_reason":""},"product_cat":[60,246,208],"product_tag":[452,453,451,128,211,454,37,36,134,136],"class_list":{"0":"post-71451","1":"product","2":"type-product","3":"status-publish","4":"has-post-thumbnail","6":"product_cat-strikkeoppskrifter","7":"product_cat-tullemor-lillebror","8":"product_cat-jakke","9":"product_tag-bruksjakke-barn","10":"product_tag-bruksjakke-barnehagebarn","11":"product_tag-bruksjakke-mini","12":"product_tag-design-by-marte-helgetun","13":"product_tag-jakke","14":"product_tag-jakke-barn","15":"product_tag-lett","16":"product_tag-luftig","17":"product_tag-marte-helgetun","18":"product_tag-strikkeoppskrift","20":"first","21":"instock","22":"downloadable","23":"taxable","24":"shipping-taxable","25":"purchasable","26":"product-type-mht_bundle"},"acf":[],"_links":{"self":[{"href":"https:\/\/martehelgetun.no\/en\/wp-json\/wp\/v2\/product\/71451","targetHints":{"allow":["GET"]}}],"collection":[{"href":"https:\/\/martehelgetun.no\/en\/wp-json\/wp\/v2\/product"}],"about":[{"href":"https:\/\/martehelgetun.no\/en\/wp-json\/wp\/v2\/types\/product"}],"wp:featuredmedia":[{"embeddable":true,"href":"https:\/\/martehelgetun.no\/en\/wp-json\/wp\/v2\/media\/71456"}],"wp:attachment":[{"href":"https:\/\/martehelgetun.no\/en\/wp-json\/wp\/v2\/media?parent=71451"}],"wp:term":[{"taxonomy":"product_cat","embeddable":true,"href":"https:\/\/martehelgetun.no\/en\/wp-json\/wp\/v2\/product_cat?post=71451"},{"taxonomy":"product_tag","embeddable":true,"href":"https:\/\/martehelgetun.no\/en\/wp-json\/wp\/v2\/product_tag?post=71451"}],"curies":[{"name":"wp","href":"https:\/\/api.w.org\/{rel}","templated":true}]}}