{"id":71442,"date":"2024-02-13T14:44:27","date_gmt":"2024-02-13T13:44:27","guid":{"rendered":"http:\/\/martehelgetun.no\/?post_type=product&#038;p=71442"},"modified":"2025-06-10T13:50:24","modified_gmt":"2025-06-10T11:50:24","slug":"lillebrors-rakkervest-barnehagebarn","status":"publish","type":"product","link":"https:\/\/martehelgetun.no\/en\/produkt\/lillebrors-rakkervest-barnehagebarn\/","title":{"rendered":"Lillebrors Rakkervest &#8211; Barnehagebarn"},"content":{"rendered":"<p class=\"p1\"><strong>ST\u00d8RRELSER OG M\u00c5L<\/strong><br \/>\nSt\u00f8rrelser: 1 (2) 4 (6) \u00e5r<br \/>\nOvervidde: 55 (60) 65 (70) cm<br \/>\nHel lengde: 32 (36) 40 (44) cm<\/p>\n<p>&nbsp;<\/p>\n<p class=\"p1\"><strong>GARN OG GARNFORBRUK<\/strong><br \/>\nLunt by Marte Helgetun<br \/>\n2 (2) 3 (3) n\u00f8ster Lunt nr. 02 Lysegr\u00e5 melert<\/p>\n<p>&nbsp;<\/p>\n<p class=\"p1\"><strong>TILBEH\u00d8R<\/strong><br \/>\n1 sotet treknapp 15 mm i diameter<\/p>\n<p>&nbsp;<\/p>\n<p class=\"p1\"><strong>PINNER OG STRIKKEFASTHET<\/strong><br \/>\n60 cm rundpinne nr. 4<br \/>\n40 cm rundpinne 3,5 til vrangbordene.<br \/>\n24 masker glattstrikk p\u00e5 pinne 4 = 10 cm<\/p>\n","protected":false},"excerpt":{"rendered":"<p class=\"p1\">En klassisk og fin vest som er like fin til hverdags som til\u00a0juleselskap. Vesten har v\u00e6rt gitt ut i et garn som gikk\u00a0ut, og har ligget p\u00e5 vent til det riktige garnet. N\u00e5 etter\u00a0mange henvendelser er oppskriften klar og denne\u00a0gangen strikket i v\u00e5rt eget garn Lunt.<\/p>\n<p>&nbsp;<\/p>\n<p>&nbsp;<\/p>\n<p><strong>Norsk og Engelsk oppskrift.<\/strong> Du f\u00e5r tilgang til alle spr\u00e5k som pdf fil ved kj\u00f8p.<\/p>\n","protected":false},"featured_media":71443,"template":"","meta":{"_acf_changed":false,"_relevanssi_hide_post":"","_relevanssi_hide_content":"","_relevanssi_pin_for_all":"","_relevanssi_pin_keywords":"","_relevanssi_unpin_keywords":"","_relevanssi_related_keywords":"","_relevanssi_related_include_ids":"","_relevanssi_related_exclude_ids":"","_relevanssi_related_no_append":"","_relevanssi_related_not_related":"","_relevanssi_related_posts":"","_relevanssi_noindex_reason":""},"product_cat":[60,246,279],"product_tag":[128,448,449,33,134,136,264,450],"class_list":{"0":"post-71442","1":"product","2":"type-product","3":"status-publish","4":"has-post-thumbnail","6":"product_cat-strikkeoppskrifter","7":"product_cat-tullemor-lillebror","8":"product_cat-topp","9":"product_tag-design-by-marte-helgetun","10":"product_tag-lillebrors-rakkervest","11":"product_tag-lillebrors-rakkervest-barnehage","12":"product_tag-lunt","13":"product_tag-marte-helgetun","14":"product_tag-strikkeoppskrift","15":"product_tag-vest","16":"product_tag-vest-barn","18":"first","19":"instock","20":"downloadable","21":"taxable","22":"shipping-taxable","23":"purchasable","24":"product-type-mht_bundle"},"acf":[],"_links":{"self":[{"href":"https:\/\/martehelgetun.no\/en\/wp-json\/wp\/v2\/product\/71442","targetHints":{"allow":["GET"]}}],"collection":[{"href":"https:\/\/martehelgetun.no\/en\/wp-json\/wp\/v2\/product"}],"about":[{"href":"https:\/\/martehelgetun.no\/en\/wp-json\/wp\/v2\/types\/product"}],"wp:featuredmedia":[{"embeddable":true,"href":"https:\/\/martehelgetun.no\/en\/wp-json\/wp\/v2\/media\/71443"}],"wp:attachment":[{"href":"https:\/\/martehelgetun.no\/en\/wp-json\/wp\/v2\/media?parent=71442"}],"wp:term":[{"taxonomy":"product_cat","embeddable":true,"href":"https:\/\/martehelgetun.no\/en\/wp-json\/wp\/v2\/product_cat?post=71442"},{"taxonomy":"product_tag","embeddable":true,"href":"https:\/\/martehelgetun.no\/en\/wp-json\/wp\/v2\/product_tag?post=71442"}],"curies":[{"name":"wp","href":"https:\/\/api.w.org\/{rel}","templated":true}]}}