{"id":71405,"date":"2024-02-13T14:36:59","date_gmt":"2024-02-13T13:36:59","guid":{"rendered":"http:\/\/martehelgetun.no\/?post_type=product&#038;p=71405"},"modified":"2025-06-10T13:34:57","modified_gmt":"2025-06-10T11:34:57","slug":"tullemors-piruett","status":"publish","type":"product","link":"https:\/\/martehelgetun.no\/en\/produkt\/tullemors-piruett\/","title":{"rendered":"Tullemors Piruett"},"content":{"rendered":"<p class=\"p1\"><strong>ST\u00d8RRELSER OG M\u00c5L<\/strong><b><br \/>\n<\/b>St\u00f8rrelser: 1 (2) 4 (6) \u00e5r<br \/>\nLivvidde: 38 (42) 46 (50) cm<br \/>\nMed god vidde nedover skj\u00f8rtet<br \/>\nHel lengde: 23 (26) 29 (32) cm<\/p>\n<p>&nbsp;<\/p>\n<p><strong>GARN OG GARNFORBRUK<\/strong><br \/>\nLunt Fargespill by Marte Helgetun<br \/>\n1 n\u00f8ste nr. 12 Kl\u00f8vereng <b><br \/>\n<\/b><\/p>\n<p>&nbsp;<\/p>\n<p class=\"p1\"><b><\/b><strong>PINNER OG STRIKKEFASTHET<\/strong><b><br \/>\n<\/b>40 cm rundpinne nr. 3 og 4<br \/>\nGjerne en 60 cm rundpinne nr. 4 etter hvert som skj\u00f8rtet blir videre<br \/>\n24 masker glattstrikk p\u00e5 pinne nr. 4 = 10 cm<\/p>\n","protected":false},"excerpt":{"rendered":"<p class=\"p1\">Jeg er s\u00e5 glad i dette hullm\u00f8nsteret og har gledet meg til lansere det p\u00e5 et skj\u00f8rt. Her starter du i livet med vrangborden og alle \u00f8kingene skjer i selve hullm\u00f8nsteret og til slutt har du et supert ballerinaskj\u00f8rt til ei lita tulle. Du kan strikke to skj\u00f8rt i den minste st\u00f8rrelsen av ett n\u00f8ste, jeg startet p\u00e5 hver sin ende av n\u00f8stet.<\/p>\n<p>&nbsp;<\/p>\n<p>&nbsp;<\/p>\n<p><strong>Norsk og Engelsk oppskrift.<\/strong> Du f\u00e5r tilgang til alle spr\u00e5k som pdf fil ved kj\u00f8p.<\/p>\n","protected":false},"featured_media":71436,"template":"","meta":{"_acf_changed":false,"_relevanssi_hide_post":"","_relevanssi_hide_content":"","_relevanssi_pin_for_all":"","_relevanssi_pin_keywords":"","_relevanssi_unpin_keywords":"","_relevanssi_related_keywords":"","_relevanssi_related_include_ids":"","_relevanssi_related_exclude_ids":"","_relevanssi_related_no_append":"","_relevanssi_related_not_related":"","_relevanssi_related_posts":"","_relevanssi_noindex_reason":""},"product_cat":[60,246,201],"product_tag":[128,28,134,445,446,447,136,444],"class_list":{"0":"post-71405","1":"product","2":"type-product","3":"status-publish","4":"has-post-thumbnail","6":"product_cat-strikkeoppskrifter","7":"product_cat-tullemor-lillebror","8":"product_cat-kjoler-og-skjort","9":"product_tag-design-by-marte-helgetun","10":"product_tag-lunt-fargespill","11":"product_tag-marte-helgetun","12":"product_tag-skjort-barn","13":"product_tag-skjort-barnehagebarn","14":"product_tag-skjort-fargespill","15":"product_tag-strikkeoppskrift","16":"product_tag-tullemors-piruett","18":"first","19":"instock","20":"downloadable","21":"taxable","22":"shipping-taxable","23":"purchasable","24":"product-type-mht_bundle"},"acf":[],"_links":{"self":[{"href":"https:\/\/martehelgetun.no\/en\/wp-json\/wp\/v2\/product\/71405","targetHints":{"allow":["GET"]}}],"collection":[{"href":"https:\/\/martehelgetun.no\/en\/wp-json\/wp\/v2\/product"}],"about":[{"href":"https:\/\/martehelgetun.no\/en\/wp-json\/wp\/v2\/types\/product"}],"wp:featuredmedia":[{"embeddable":true,"href":"https:\/\/martehelgetun.no\/en\/wp-json\/wp\/v2\/media\/71436"}],"wp:attachment":[{"href":"https:\/\/martehelgetun.no\/en\/wp-json\/wp\/v2\/media?parent=71405"}],"wp:term":[{"taxonomy":"product_cat","embeddable":true,"href":"https:\/\/martehelgetun.no\/en\/wp-json\/wp\/v2\/product_cat?post=71405"},{"taxonomy":"product_tag","embeddable":true,"href":"https:\/\/martehelgetun.no\/en\/wp-json\/wp\/v2\/product_tag?post=71405"}],"curies":[{"name":"wp","href":"https:\/\/api.w.org\/{rel}","templated":true}]}}