{"id":71393,"date":"2024-02-13T14:03:48","date_gmt":"2024-02-13T13:03:48","guid":{"rendered":"http:\/\/martehelgetun.no\/?post_type=product&#038;p=71393"},"modified":"2025-06-10T13:34:54","modified_gmt":"2025-06-10T11:34:54","slug":"tullemors-finkjole-barnehagebarn","status":"publish","type":"product","link":"https:\/\/martehelgetun.no\/en\/produkt\/tullemors-finkjole-barnehagebarn\/","title":{"rendered":"Tullemors Finkjole &#8211; Barnehagebarn"},"content":{"rendered":"<p><strong>ST\u00d8RRELSER OG M\u00c5L<br \/>\n<\/strong>St\u00f8rrelse: 1 (2) 4 (6) \u00e5r<br \/>\nOvervidde: 47 (50) 54 (58) cm<br \/>\nHel lengde: 39 (43) 47 (51) cm<\/p>\n<p>&nbsp;<\/p>\n<p><strong>GARN OG GARNFORBRUK<br \/>\n<\/strong>Lunt + Lett by Marte Helgetun<br \/>\n2 (3) 4 (4) n\u00f8ster Lunt nr. 14 Kl\u00f8ver<br \/>\n2 (2) 3 (3) n\u00f8ster Lett nr. 14 Kl\u00f8ver<\/p>\n<p>&nbsp;<\/p>\n<p><strong>TILBEH\u00d8R<br \/>\n<\/strong>1 kokosknapp 18 mm<\/p>\n<p>&nbsp;<\/p>\n<p><strong>PINNER OG STRIKKEFASTHET<br \/>\n<\/strong>Rundpinne 60 cm lang nr. 4,5 og 4<br \/>\nRundpinne 40 cm lang nr. 3,5 og 4<br \/>\n22 masker strukturstrikk p\u00e5 pinne nr. 4,5 = 10 cm<\/p>\n","protected":false},"excerpt":{"rendered":"<p>Jeg elsker finkjoler med et klassisk og elegant snitt, som samtidig er lette \u00e5 leke i. Denne blir en favoritt i garderoben, uansett \u00e5rstid. Kjolen strikkes ovenfra og ned, og er lett \u00e5 tilpasse slik at den passer perfekt.<\/p>\n<p>&nbsp;<\/p>\n<p>&nbsp;<\/p>\n<p><strong>Norsk og Engelsk oppskrift.<\/strong> Du f\u00e5r tilgang til alle spr\u00e5k som pdf fil ved kj\u00f8p.<\/p>\n","protected":false},"featured_media":71400,"template":"","meta":{"_acf_changed":false,"_relevanssi_hide_post":"","_relevanssi_hide_content":"","_relevanssi_pin_for_all":"","_relevanssi_pin_keywords":"","_relevanssi_unpin_keywords":"","_relevanssi_related_keywords":"","_relevanssi_related_include_ids":"","_relevanssi_related_exclude_ids":"","_relevanssi_related_no_append":"","_relevanssi_related_not_related":"","_relevanssi_related_posts":"","_relevanssi_noindex_reason":""},"product_cat":[60,246,201],"product_tag":[128,443,441,442,37,33,134,136,440],"class_list":{"0":"post-71393","1":"product","2":"type-product","3":"status-publish","4":"has-post-thumbnail","6":"product_cat-strikkeoppskrifter","7":"product_cat-tullemor-lillebror","8":"product_cat-kjoler-og-skjort","9":"product_tag-design-by-marte-helgetun","10":"product_tag-finkjole-barn","11":"product_tag-kjole-barn","12":"product_tag-kjole-barnehagebarn","13":"product_tag-lett","14":"product_tag-lunt","15":"product_tag-marte-helgetun","16":"product_tag-strikkeoppskrift","17":"product_tag-tullemors-finkjole","19":"first","20":"instock","21":"downloadable","22":"taxable","23":"shipping-taxable","24":"purchasable","25":"product-type-mht_bundle"},"acf":[],"_links":{"self":[{"href":"https:\/\/martehelgetun.no\/en\/wp-json\/wp\/v2\/product\/71393","targetHints":{"allow":["GET"]}}],"collection":[{"href":"https:\/\/martehelgetun.no\/en\/wp-json\/wp\/v2\/product"}],"about":[{"href":"https:\/\/martehelgetun.no\/en\/wp-json\/wp\/v2\/types\/product"}],"wp:featuredmedia":[{"embeddable":true,"href":"https:\/\/martehelgetun.no\/en\/wp-json\/wp\/v2\/media\/71400"}],"wp:attachment":[{"href":"https:\/\/martehelgetun.no\/en\/wp-json\/wp\/v2\/media?parent=71393"}],"wp:term":[{"taxonomy":"product_cat","embeddable":true,"href":"https:\/\/martehelgetun.no\/en\/wp-json\/wp\/v2\/product_cat?post=71393"},{"taxonomy":"product_tag","embeddable":true,"href":"https:\/\/martehelgetun.no\/en\/wp-json\/wp\/v2\/product_tag?post=71393"}],"curies":[{"name":"wp","href":"https:\/\/api.w.org\/{rel}","templated":true}]}}