{"id":71378,"date":"2024-02-13T13:50:27","date_gmt":"2024-02-13T12:50:27","guid":{"rendered":"http:\/\/martehelgetun.no\/?post_type=product&#038;p=71378"},"modified":"2026-04-22T15:35:39","modified_gmt":"2026-04-22T13:35:39","slug":"sommerkjole-i-line","status":"publish","type":"product","link":"https:\/\/martehelgetun.no\/en\/product\/sommerkjole-i-line\/","title":{"rendered":"Sommerkjole i Line &#8211; Skolebarn"},"content":{"rendered":"<p class=\"p2\"><strong>ST\u00d8RRELSER OG M\u00c5L<\/strong><b><br \/>\n<\/b>St\u00f8rrelser: 6 (8) 10 (12) \u00e5r<br \/>\nOvervidde: 70 (72) 76 (78) cm<br \/>\nHel lengde: 60 (65) 70 (75) cm<\/p>\n<p>&nbsp;<\/p>\n<p class=\"p2\"><b><\/b><strong>GARN OG GARNFORBRUK<\/strong><b><br \/>\n<\/b>Line fra Sandnes Garn<br \/>\n6 (7) 8 (9) n\u00f8ster 2331 Lys Lin<\/p>\n<p>&nbsp;<\/p>\n<p class=\"p1\"><strong>PINNER OG STRIKKEFASTHET<\/strong><br \/>\n60 cm rundpinne nr. 3,5 og 4<br \/>\n20 masker glattstrikk p\u00e5 pinne nr. 4 blir ca 10 cm<\/p>\n","protected":false},"excerpt":{"rendered":"<p class=\"p1\">Garnet Line er et veldig fint garn hvor strukturen kommer godt fram. Denne kjolen er strikket ovenfra og ned slik\u00a0at det er enklere \u00e5 tilpasse lengden.<\/p>\n<p>&nbsp;<\/p>\n<p>&nbsp;<\/p>\n<p><strong>Norsk og Engelsk oppskrift.<\/strong> Du f\u00e5r tilgang til alle spr\u00e5k som pdf fil ved kj\u00f8p.<\/p>\n<hr \/>\n<p data-start=\"0\" data-end=\"142\">The yarn Line is a beautiful choice where the texture really stands out. This dress is worked top-down, making it easy to adjust the length.<\/p>\n<p data-start=\"144\" data-end=\"252\" data-is-last-node=\"\" data-is-only-node=\"\"><strong>Norwegian and English pattern included.<\/strong> You will receive access to all languages as PDF files upon purchase.<\/p>\n","protected":false},"featured_media":71388,"template":"","meta":{"_acf_changed":false,"_relevanssi_hide_post":"","_relevanssi_hide_content":"","_relevanssi_pin_for_all":"","_relevanssi_pin_keywords":"","_relevanssi_unpin_keywords":"","_relevanssi_related_keywords":"","_relevanssi_related_include_ids":"","_relevanssi_related_exclude_ids":"","_relevanssi_related_no_append":"","_relevanssi_related_not_related":"","_relevanssi_related_posts":"","_relevanssi_noindex_reason":""},"product_brand":[],"product_cat":[201,734,60,246],"product_tag":[128,206,423,43,134,438,439,437,136],"class_list":{"0":"post-71378","1":"product","2":"type-product","3":"status-publish","4":"has-post-thumbnail","6":"product_cat-kjoler-og-skjort","7":"product_cat-sommerstrikk","8":"product_cat-strikkeoppskrifter","9":"product_cat-tullemor-lillebror","10":"product_tag-design-by-marte-helgetun","11":"product_tag-kjole","12":"product_tag-kjole-i-line-barn","13":"product_tag-line","14":"product_tag-marte-helgetun","15":"product_tag-sommekjole-barn","16":"product_tag-sommerkjole","17":"product_tag-sommerkjole-i-line","18":"product_tag-strikkeoppskrift","20":"first","21":"instock","22":"downloadable","23":"taxable","24":"shipping-taxable","25":"purchasable","26":"product-type-mht_bundle"},"acf":[],"_links":{"self":[{"href":"https:\/\/martehelgetun.no\/en\/wp-json\/wp\/v2\/product\/71378","targetHints":{"allow":["GET"]}}],"collection":[{"href":"https:\/\/martehelgetun.no\/en\/wp-json\/wp\/v2\/product"}],"about":[{"href":"https:\/\/martehelgetun.no\/en\/wp-json\/wp\/v2\/types\/product"}],"wp:featuredmedia":[{"embeddable":true,"href":"https:\/\/martehelgetun.no\/en\/wp-json\/wp\/v2\/media\/71388"}],"wp:attachment":[{"href":"https:\/\/martehelgetun.no\/en\/wp-json\/wp\/v2\/media?parent=71378"}],"wp:term":[{"taxonomy":"product_brand","embeddable":true,"href":"https:\/\/martehelgetun.no\/en\/wp-json\/wp\/v2\/product_brand?post=71378"},{"taxonomy":"product_cat","embeddable":true,"href":"https:\/\/martehelgetun.no\/en\/wp-json\/wp\/v2\/product_cat?post=71378"},{"taxonomy":"product_tag","embeddable":true,"href":"https:\/\/martehelgetun.no\/en\/wp-json\/wp\/v2\/product_tag?post=71378"}],"curies":[{"name":"wp","href":"https:\/\/api.w.org\/{rel}","templated":true}]}}