{"id":71371,"date":"2024-02-14T11:36:45","date_gmt":"2024-02-14T10:36:45","guid":{"rendered":"http:\/\/martehelgetun.no\/?post_type=product&#038;p=71371"},"modified":"2026-04-22T14:59:08","modified_gmt":"2026-04-22T12:59:08","slug":"stripete-skjort-skolebarn","status":"publish","type":"product","link":"https:\/\/martehelgetun.no\/en\/product\/stripete-skjort-skolebarn\/","title":{"rendered":"Stripete Skj\u00f8rt &#8211; Skolebarn"},"content":{"rendered":"<p><strong>ST\u00d8RRELSER OG M\u00c5L<br \/>\n<\/strong>St\u00f8rrelser: 6 (8) 10 (12) \u00e5r<br \/>\nLivvidde: 62 (68) 74 (80) cm<br \/>\nLengde: 29 (31) 33 (35) cm<\/p>\n<p>&nbsp;<\/p>\n<p><strong>GARN OG GARNFORBRUK<br \/>\n<\/strong>Line fra Sandnes Garn<br \/>\n3 (3) 4 (5) n\u00f8ster Skifer nr. 6080<br \/>\n1 (1) 2 (2) n\u00f8ster Lys lyng nr. 4642 (Utg\u00e5tt farge, men vi anbefaler 4632 Rosa lavendel)<\/p>\n<p>&nbsp;<\/p>\n<p><strong>PINNER OG STRIKKEFASTHET<br \/>\n<\/strong>Rundpinne 60 cm lang nr. 4<br \/>\n20 masker glattstrikk p\u00e5 pinne nr. 4 = 10 cm<\/p>\n","protected":false},"excerpt":{"rendered":"<p class=\"p1\">Det blir aldri nok skj\u00f8rt. Her er det bare \u00e5 leke seg med flere farger, med og uten striper.\u00a0Skj\u00f8rtet strikkes ovenfra og ned. Slik tilpasser du lengden slik at det blir akkurat passe langt. Til slutt fletter du en pyntesnor i livet.<\/p>\n<p>&nbsp;<\/p>\n<p>&nbsp;<\/p>\n<p><strong>Norsk og Engelsk oppskrift.<\/strong> Du f\u00e5r tilgang til alle spr\u00e5k som pdf fil ved kj\u00f8p.<\/p>\n<hr \/>\n<p data-start=\"0\" data-end=\"255\">You can never have too many skirts. Here you can play with multiple colors, with or without stripes. The skirt is worked top-down, making it easy to adjust the length to exactly how you want it. In the end, you braid a decorative cord for the waistband.<\/p>\n<p data-start=\"257\" data-end=\"365\" data-is-last-node=\"\" data-is-only-node=\"\"><strong>Norwegian and English pattern included.<\/strong> You will receive access to all languages as PDF files upon purchase.<\/p>\n","protected":false},"featured_media":71376,"template":"","meta":{"_acf_changed":false,"_relevanssi_hide_post":"","_relevanssi_hide_content":"","_relevanssi_pin_for_all":"","_relevanssi_pin_keywords":"","_relevanssi_unpin_keywords":"","_relevanssi_related_keywords":"","_relevanssi_related_include_ids":"","_relevanssi_related_exclude_ids":"","_relevanssi_related_no_append":"","_relevanssi_related_not_related":"","_relevanssi_related_posts":"","_relevanssi_noindex_reason":""},"product_brand":[],"product_cat":[201,734,60,246],"product_tag":[128,43,134,435,136,434,433,432],"class_list":{"0":"post-71371","1":"product","2":"type-product","3":"status-publish","4":"has-post-thumbnail","6":"product_cat-kjoler-og-skjort","7":"product_cat-sommerstrikk","8":"product_cat-strikkeoppskrifter","9":"product_cat-tullemor-lillebror","10":"product_tag-design-by-marte-helgetun","11":"product_tag-line","12":"product_tag-marte-helgetun","13":"product_tag-skjort-i-line-barn","14":"product_tag-strikkeoppskrift","15":"product_tag-stripete-skjort","16":"product_tag-stripete-skjort-barn","17":"product_tag-stripete-skjort-skolebarn","19":"first","20":"instock","21":"downloadable","22":"taxable","23":"shipping-taxable","24":"purchasable","25":"product-type-mht_bundle"},"acf":[],"_links":{"self":[{"href":"https:\/\/martehelgetun.no\/en\/wp-json\/wp\/v2\/product\/71371","targetHints":{"allow":["GET"]}}],"collection":[{"href":"https:\/\/martehelgetun.no\/en\/wp-json\/wp\/v2\/product"}],"about":[{"href":"https:\/\/martehelgetun.no\/en\/wp-json\/wp\/v2\/types\/product"}],"wp:featuredmedia":[{"embeddable":true,"href":"https:\/\/martehelgetun.no\/en\/wp-json\/wp\/v2\/media\/71376"}],"wp:attachment":[{"href":"https:\/\/martehelgetun.no\/en\/wp-json\/wp\/v2\/media?parent=71371"}],"wp:term":[{"taxonomy":"product_brand","embeddable":true,"href":"https:\/\/martehelgetun.no\/en\/wp-json\/wp\/v2\/product_brand?post=71371"},{"taxonomy":"product_cat","embeddable":true,"href":"https:\/\/martehelgetun.no\/en\/wp-json\/wp\/v2\/product_cat?post=71371"},{"taxonomy":"product_tag","embeddable":true,"href":"https:\/\/martehelgetun.no\/en\/wp-json\/wp\/v2\/product_tag?post=71371"}],"curies":[{"name":"wp","href":"https:\/\/api.w.org\/{rel}","templated":true}]}}