{"id":71317,"date":"2024-02-13T12:26:10","date_gmt":"2024-02-13T11:26:10","guid":{"rendered":"http:\/\/martehelgetun.no\/?post_type=product&#038;p=71317"},"modified":"2026-04-22T15:36:32","modified_gmt":"2026-04-22T13:36:32","slug":"marinas-kjole-skolebarn","status":"publish","type":"product","link":"https:\/\/martehelgetun.no\/en\/product\/marinas-kjole-skolebarn\/","title":{"rendered":"Marinas kjole &#8211; Skolebarn"},"content":{"rendered":"<p><strong>ST\u00d8RRELSER OG M\u00c5L<br \/>\n<\/strong>St\u00f8rrelse: 6 (8) 10 (12) \u00e5r<br \/>\nOvervidde: 60 (66) 72 (78) cm<br \/>\nSkj\u00f8rtvidde: 80 (85) 90 (95) cm<br \/>\nSkj\u00f8rtlengde: ca 38 (42) 46 (50) cm<br \/>\nHel lengde: ca 60 (66) 72 (78) cm<\/p>\n<p>&nbsp;<\/p>\n<p><strong>GARN OG GARNFORBRUK<br \/>\n<\/strong>Line fra Sandnes Garn<br \/>\n3 (4) 4 (5) n\u00f8ster kitt nr. 1015<br \/>\n3 (3) 4 (4) n\u00f8ster skifer nr. 6080<\/p>\n<p>&nbsp;<\/p>\n<p><strong>TILBEH\u00d8R<br \/>\n<\/strong>1 kokosknapp ca 15 mm i diameter<\/p>\n<p>&nbsp;<\/p>\n<p><strong>PINNER OG STRIKKEFASTHET<br \/>\n<\/strong>Rundpinne 60 cm lang nr. 4<br \/>\nen heklen\u00e5l nr 3,5 til hempen bak.<br \/>\n20 masker glattstrikk p\u00e5 pinne nr. 4 = 10 cm<\/p>\n","protected":false},"excerpt":{"rendered":"<p>Denne kjolen i maritime farger er kjekk \u00e5 smette p\u00e5 n\u00e5r solen varmer eller den kan brukes til finere anledninger. Den strikkes nedenfra og opp, har glattstrikkede striper nederst og enkel perlestruktur \u00f8verst.<\/p>\n<p>&nbsp;<\/p>\n<p><strong>Norsk og Engelsk oppskrift.<\/strong> Du f\u00e5r tilgang til alle spr\u00e5k som pdf fil ved kj\u00f8p.<\/p>\n<hr \/>\n<p data-start=\"0\" data-end=\"239\">This dress in maritime colors is perfect to slip on when the sun is shining, or to wear for more special occasions. It is worked from the bottom up, featuring stockinette stripes at the bottom and a simple seed stitch texture at the top.<\/p>\n<p data-start=\"241\" data-end=\"349\" data-is-last-node=\"\" data-is-only-node=\"\"><strong>Norwegian and English pattern included.<\/strong> You will receive access to all languages as PDF files upon purchase.<\/p>\n","protected":false},"featured_media":71321,"template":"","meta":{"_acf_changed":false,"_relevanssi_hide_post":"","_relevanssi_hide_content":"","_relevanssi_pin_for_all":"","_relevanssi_pin_keywords":"","_relevanssi_unpin_keywords":"","_relevanssi_related_keywords":"","_relevanssi_related_include_ids":"","_relevanssi_related_exclude_ids":"","_relevanssi_related_no_append":"","_relevanssi_related_not_related":"","_relevanssi_related_posts":"","_relevanssi_noindex_reason":""},"product_brand":[],"product_cat":[201,734,60,246],"product_tag":[128,423,413,43,422,134,136],"class_list":{"0":"post-71317","1":"product","2":"type-product","3":"status-publish","4":"has-post-thumbnail","6":"product_cat-kjoler-og-skjort","7":"product_cat-sommerstrikk","8":"product_cat-strikkeoppskrifter","9":"product_cat-tullemor-lillebror","10":"product_tag-design-by-marte-helgetun","11":"product_tag-kjole-i-line-barn","12":"product_tag-kjole-skolebarn","13":"product_tag-line","14":"product_tag-marinas-kjole-skolebarn","15":"product_tag-marte-helgetun","16":"product_tag-strikkeoppskrift","18":"first","19":"instock","20":"downloadable","21":"taxable","22":"shipping-taxable","23":"purchasable","24":"product-type-mht_bundle"},"acf":[],"_links":{"self":[{"href":"https:\/\/martehelgetun.no\/en\/wp-json\/wp\/v2\/product\/71317","targetHints":{"allow":["GET"]}}],"collection":[{"href":"https:\/\/martehelgetun.no\/en\/wp-json\/wp\/v2\/product"}],"about":[{"href":"https:\/\/martehelgetun.no\/en\/wp-json\/wp\/v2\/types\/product"}],"wp:featuredmedia":[{"embeddable":true,"href":"https:\/\/martehelgetun.no\/en\/wp-json\/wp\/v2\/media\/71321"}],"wp:attachment":[{"href":"https:\/\/martehelgetun.no\/en\/wp-json\/wp\/v2\/media?parent=71317"}],"wp:term":[{"taxonomy":"product_brand","embeddable":true,"href":"https:\/\/martehelgetun.no\/en\/wp-json\/wp\/v2\/product_brand?post=71317"},{"taxonomy":"product_cat","embeddable":true,"href":"https:\/\/martehelgetun.no\/en\/wp-json\/wp\/v2\/product_cat?post=71317"},{"taxonomy":"product_tag","embeddable":true,"href":"https:\/\/martehelgetun.no\/en\/wp-json\/wp\/v2\/product_tag?post=71317"}],"curies":[{"name":"wp","href":"https:\/\/api.w.org\/{rel}","templated":true}]}}