{"id":71312,"date":"2024-02-14T10:55:17","date_gmt":"2024-02-14T09:55:17","guid":{"rendered":"http:\/\/martehelgetun.no\/?post_type=product&#038;p=71312"},"modified":"2025-06-10T13:46:42","modified_gmt":"2025-06-10T11:46:42","slug":"basic-tee-jr","status":"publish","type":"product","link":"https:\/\/martehelgetun.no\/en\/produkt\/basic-tee-jr\/","title":{"rendered":"Basic Tee Jr"},"content":{"rendered":"<p><strong>ST\u00d8RRELSER OG M\u00c5L<\/strong><br \/>\nSt\u00f8rrelser: 6 (8) 10 (12)<br \/>\nOvervidde: 73 (76) 82 (86) cm<br \/>\nHel lengde: 35 (39) 43 (48) cm<\/p>\n<p>&nbsp;<\/p>\n<p><strong>GARN OG GARNFORBRUK<\/strong><br \/>\nLine fra Sandnes Garn<br \/>\n3 (4) 5 (6) n\u00f8ster Pudderrosa nr. 3511<\/p>\n<p>&nbsp;<\/p>\n<p><strong>PINNER OG STRIKKEFASTHET<\/strong><br \/>\n80 og 40 cm rundpinne nr. 4 og 3,5<br \/>\n22 masker glattstrikk p\u00e5 pinne nr. 4 = 10 cm i bredden<\/p>\n","protected":false},"excerpt":{"rendered":"<p>Du vet du har truffet godt med designet n\u00e5r datteren din sp\u00f8r om \u00e5 f\u00e5 lik t-skjorte som deg. Jeg synes det er s\u00e5 koselig med mor-datter match, s\u00e5 da m\u00e5tte det bare bli jr. versjoner av noen av \u00e5rets sommerfavoritter. Denne t-skjorten tror jeg blir godt brukt, og den funker like godt til gutter som til jenter!<\/p>\n<p>&nbsp;<\/p>\n<p><strong>Norsk og Engelsk oppskrift.<\/strong> Du f\u00e5r tilgang til alle spr\u00e5k som pdf fil ved kj\u00f8p.<\/p>\n","protected":false},"featured_media":71313,"template":"","meta":{"_acf_changed":false,"_relevanssi_hide_post":"","_relevanssi_hide_content":"","_relevanssi_pin_for_all":"","_relevanssi_pin_keywords":"","_relevanssi_unpin_keywords":"","_relevanssi_related_keywords":"","_relevanssi_related_include_ids":"","_relevanssi_related_exclude_ids":"","_relevanssi_related_no_append":"","_relevanssi_related_not_related":"","_relevanssi_related_posts":"","_relevanssi_noindex_reason":""},"product_cat":[60,246,734,279],"product_tag":[416,128,43,134,136,417,418,419],"class_list":{"0":"post-71312","1":"product","2":"type-product","3":"status-publish","4":"has-post-thumbnail","6":"product_cat-strikkeoppskrifter","7":"product_cat-tullemor-lillebror","8":"product_cat-sommerstrikk","9":"product_cat-topp","10":"product_tag-basic-tee-junior","11":"product_tag-design-by-marte-helgetun","12":"product_tag-line","13":"product_tag-marte-helgetun","14":"product_tag-strikkeoppskrift","15":"product_tag-tee-barn","16":"product_tag-topp-barn","17":"product_tag-topp-i-line-barn","19":"first","20":"instock","21":"downloadable","22":"taxable","23":"shipping-taxable","24":"purchasable","25":"product-type-mht_bundle"},"acf":[],"_links":{"self":[{"href":"https:\/\/martehelgetun.no\/en\/wp-json\/wp\/v2\/product\/71312","targetHints":{"allow":["GET"]}}],"collection":[{"href":"https:\/\/martehelgetun.no\/en\/wp-json\/wp\/v2\/product"}],"about":[{"href":"https:\/\/martehelgetun.no\/en\/wp-json\/wp\/v2\/types\/product"}],"wp:featuredmedia":[{"embeddable":true,"href":"https:\/\/martehelgetun.no\/en\/wp-json\/wp\/v2\/media\/71313"}],"wp:attachment":[{"href":"https:\/\/martehelgetun.no\/en\/wp-json\/wp\/v2\/media?parent=71312"}],"wp:term":[{"taxonomy":"product_cat","embeddable":true,"href":"https:\/\/martehelgetun.no\/en\/wp-json\/wp\/v2\/product_cat?post=71312"},{"taxonomy":"product_tag","embeddable":true,"href":"https:\/\/martehelgetun.no\/en\/wp-json\/wp\/v2\/product_tag?post=71312"}],"curies":[{"name":"wp","href":"https:\/\/api.w.org\/{rel}","templated":true}]}}