{"id":71307,"date":"2024-02-13T11:15:09","date_gmt":"2024-02-13T10:15:09","guid":{"rendered":"http:\/\/martehelgetun.no\/?post_type=product&#038;p=71307"},"modified":"2025-06-10T13:29:44","modified_gmt":"2025-06-10T11:29:44","slug":"lett-a-like-jakke-ensfarget","status":"publish","type":"product","link":"https:\/\/martehelgetun.no\/en\/produkt\/lett-a-like-jakke-ensfarget\/","title":{"rendered":"Lett \u00e5 Like Jakke &#8211; ensfarget"},"content":{"rendered":"<p><strong>ST\u00d8RRELSER OG M\u00c5L<\/strong><br \/>\nSt\u00f8rrelser: (XS) S (M) L (XL) XXL<br \/>\nOvervidde: (92) 101 (110) 118 (127) 136<br \/>\nHel lengde: (54) 56 (58) 60 (62) 64 cm m\u00e5lt fra oppleggskanten midt bak.<br \/>\nErme: ca (38) 39 (40) 41 (42) 43 cm<\/p>\n<p>&nbsp;<\/p>\n<p><strong>GARN OG GARNFORBRUK<\/strong><br \/>\nLett x 4 by Marte Helgetun<\/p>\n<p>Ensfarget jakke 4 like tr\u00e5der samtidig:<br \/>\nTotalt (10) 12 (12) 14 (14) 16 n\u00f8ster<\/p>\n<p>&nbsp;<\/p>\n<p><strong>PINNER OG STRIKKEFASTHET<\/strong><br \/>\n40 og 80 cm rundpinne nr. 8 og settpinne nr 7 til I-cord kanten<br \/>\n14 masker glattstrikk p\u00e5 pinne nr. 8 = 10 cm i bredden<\/p>\n","protected":false},"excerpt":{"rendered":"<p>Lett er et utrolig deilig og fint garn i mohair og silke. Jakken valgte jeg \u00e5 strikke med 4 tr\u00e5der samtidig p\u00e5 tykke pinner, noe jeg er ganske sikker p\u00e5 jeg kommer til \u00e5 gj\u00f8re igjen, for denne jakken var utrolig lett \u00e5 like. Jeg startet med noen f\u00e5 masker bak i nakken og strikket meg\u00a0nedover. Jakken har en krage som g\u00e5r litt oppover i nakken slik at den varmer litt ekstra.<\/p>\n<p>&nbsp;<\/p>\n<p>&nbsp;<\/p>\n<p><strong>Norsk og Engelsk oppskrift.<\/strong> Du f\u00e5r tilgang til alle spr\u00e5k som pdf fil ved kj\u00f8p.<\/p>\n","protected":false},"featured_media":70427,"template":"","meta":{"_acf_changed":false,"_relevanssi_hide_post":"","_relevanssi_hide_content":"","_relevanssi_pin_for_all":"","_relevanssi_pin_keywords":"","_relevanssi_unpin_keywords":"","_relevanssi_related_keywords":"","_relevanssi_related_include_ids":"","_relevanssi_related_exclude_ids":"","_relevanssi_related_no_append":"","_relevanssi_related_not_related":"","_relevanssi_related_posts":"","_relevanssi_noindex_reason":""},"product_cat":[60,208],"product_tag":[128,37,281,289,415,134,136],"acf":[],"_links":{"self":[{"href":"https:\/\/martehelgetun.no\/en\/wp-json\/wp\/v2\/product\/71307"}],"collection":[{"href":"https:\/\/martehelgetun.no\/en\/wp-json\/wp\/v2\/product"}],"about":[{"href":"https:\/\/martehelgetun.no\/en\/wp-json\/wp\/v2\/types\/product"}],"wp:featuredmedia":[{"embeddable":true,"href":"https:\/\/martehelgetun.no\/en\/wp-json\/wp\/v2\/media\/70427"}],"wp:attachment":[{"href":"https:\/\/martehelgetun.no\/en\/wp-json\/wp\/v2\/media?parent=71307"}],"wp:term":[{"taxonomy":"product_cat","embeddable":true,"href":"https:\/\/martehelgetun.no\/en\/wp-json\/wp\/v2\/product_cat?post=71307"},{"taxonomy":"product_tag","embeddable":true,"href":"https:\/\/martehelgetun.no\/en\/wp-json\/wp\/v2\/product_tag?post=71307"}],"curies":[{"name":"wp","href":"https:\/\/api.w.org\/{rel}","templated":true}]}}