{"id":71305,"date":"2024-02-14T11:27:21","date_gmt":"2024-02-14T10:27:21","guid":{"rendered":"http:\/\/martehelgetun.no\/?post_type=product&#038;p=71305"},"modified":"2026-04-22T15:11:16","modified_gmt":"2026-04-22T13:11:16","slug":"kaffelatte-kjole-junior","status":"publish","type":"product","link":"https:\/\/martehelgetun.no\/en\/product\/kaffelatte-kjole-junior\/","title":{"rendered":"Kaffelatte-kjole Junior"},"content":{"rendered":"<div id=\"OuterWrapper\" class=\"product-outer-wrapper\">\n<div class=\"product\">\n<div class=\"productTxtOuter\">\n<div class=\"EditorContentContainer \">\n<p><strong>ST\u00d8RRELSER OG M\u00c5L<\/strong><b><br \/>\n<\/b>St\u00f8rrelser: 6 (8) 10 (12)<br \/>\nOvervidde: 73 (76) 82 (86) cm<br \/>\nHel lengde: 55 (62) 70 (78) cm<\/p>\n<p>&nbsp;<\/p>\n<p><strong>GARN OG GARNFORBRUK<\/strong><br \/>\nLine fra Sandnes Garn<br \/>\n5 (5) 6 (7) n\u00f8ster skifer nr. 6080<br \/>\n2 (2) 2 (2) n\u00f8ster st\u00f8vet Lys Lin nr. 2331 \u00a0(Utg\u00e5tt farge)<\/p>\n<p>&nbsp;<\/p>\n<\/div>\n<div class=\"EditorContentContainer \">\n<p><strong>PINNER OG STRIKKEFASTHET<\/strong><br \/>\n80 og 40 cm rundpinne nr. 4 og 3,5<br \/>\n22 masker glattstrikk p\u00e5 pinne nr. 4 = 10 cm i bredden<\/p>\n<\/div>\n<section class=\"download-pattern-wrapper\"><\/section>\n<\/div>\n<\/div>\n<\/div>\n<section class=\"relatedProducts\">\n<div class=\"inner\"><\/div>\n<\/section>\n","protected":false},"excerpt":{"rendered":"<p>Denne kjolen har allerede blitt en favoritt i mitt klesskap, og da m\u00e5tte lillejenta ogs\u00e5 f\u00e5 en! Jeg synes det er s\u00e5 g\u00f8y \u00e5 se hvor ulike kjolene blir ut fra hvilke farger man velger, og denne kombinasjonen t\u00e5ler b\u00e5de lek og kakes\u00f8l, noe som er veldig kjekt.\u00a0Kjolen strikkes ovenfra og ned med raglan\u00f8kinger.<\/p>\n<p>&nbsp;<\/p>\n<p>&nbsp;<\/p>\n<p><strong>Norsk og Engelsk oppskrift.<\/strong> Du f\u00e5r tilgang til alle spr\u00e5k som pdf fil ved kj\u00f8p.<\/p>\n<hr \/>\n<p data-start=\"0\" data-end=\"326\">This dress has already become a favorite in my wardrobe, so of course my little girl had to have one too! I love seeing how different the dresses turn out depending on the color choices, and this combination handles both playtime and cake spills \u2013 which is very practical. The dress is worked top-down with raglan increases.<\/p>\n<p data-start=\"328\" data-end=\"436\" data-is-last-node=\"\" data-is-only-node=\"\">Norwegian and English pattern included. You will receive access to all languages as PDF files upon purchase.<\/p>\n","protected":false},"featured_media":71315,"template":"","meta":{"_acf_changed":false,"_relevanssi_hide_post":"","_relevanssi_hide_content":"","_relevanssi_pin_for_all":"","_relevanssi_pin_keywords":"","_relevanssi_unpin_keywords":"","_relevanssi_related_keywords":"","_relevanssi_related_include_ids":"","_relevanssi_related_exclude_ids":"","_relevanssi_related_no_append":"","_relevanssi_related_not_related":"","_relevanssi_related_posts":"","_relevanssi_noindex_reason":""},"product_brand":[],"product_cat":[201,734,60,246],"product_tag":[128,414,206,413,43,134,136],"class_list":{"0":"post-71305","1":"product","2":"type-product","3":"status-publish","4":"has-post-thumbnail","6":"product_cat-kjoler-og-skjort","7":"product_cat-sommerstrikk","8":"product_cat-strikkeoppskrifter","9":"product_cat-tullemor-lillebror","10":"product_tag-design-by-marte-helgetun","11":"product_tag-kaffelatte-kjole-junior","12":"product_tag-kjole","13":"product_tag-kjole-skolebarn","14":"product_tag-line","15":"product_tag-marte-helgetun","16":"product_tag-strikkeoppskrift","18":"first","19":"instock","20":"downloadable","21":"taxable","22":"shipping-taxable","23":"purchasable","24":"product-type-mht_bundle"},"acf":[],"_links":{"self":[{"href":"https:\/\/martehelgetun.no\/en\/wp-json\/wp\/v2\/product\/71305","targetHints":{"allow":["GET"]}}],"collection":[{"href":"https:\/\/martehelgetun.no\/en\/wp-json\/wp\/v2\/product"}],"about":[{"href":"https:\/\/martehelgetun.no\/en\/wp-json\/wp\/v2\/types\/product"}],"wp:featuredmedia":[{"embeddable":true,"href":"https:\/\/martehelgetun.no\/en\/wp-json\/wp\/v2\/media\/71315"}],"wp:attachment":[{"href":"https:\/\/martehelgetun.no\/en\/wp-json\/wp\/v2\/media?parent=71305"}],"wp:term":[{"taxonomy":"product_brand","embeddable":true,"href":"https:\/\/martehelgetun.no\/en\/wp-json\/wp\/v2\/product_brand?post=71305"},{"taxonomy":"product_cat","embeddable":true,"href":"https:\/\/martehelgetun.no\/en\/wp-json\/wp\/v2\/product_cat?post=71305"},{"taxonomy":"product_tag","embeddable":true,"href":"https:\/\/martehelgetun.no\/en\/wp-json\/wp\/v2\/product_tag?post=71305"}],"curies":[{"name":"wp","href":"https:\/\/api.w.org\/{rel}","templated":true}]}}