{"id":71300,"date":"2024-02-13T10:26:56","date_gmt":"2024-02-13T09:26:56","guid":{"rendered":"http:\/\/martehelgetun.no\/?post_type=product&#038;p=71300"},"modified":"2025-06-10T13:34:29","modified_gmt":"2025-06-10T11:34:29","slug":"midtsommerkjole-junior","status":"publish","type":"product","link":"https:\/\/martehelgetun.no\/en\/produkt\/midtsommerkjole-junior\/","title":{"rendered":"Midtsommerkjole Junior"},"content":{"rendered":"<p><strong>ST\u00d8RRELSER OG M\u00c5L<br \/>\n<\/strong>St\u00f8rrelser: 6 (8) 10 (12) \u00e5r<br \/>\nOvervidde: 76 (80) 84 (88) cm<br \/>\nHel lengde: 54 (62) 68 (74) cm<\/p>\n<p>&nbsp;<\/p>\n<p><strong>GARN OG GARNFORBRUK<br \/>\n<\/strong>Line fra Sandnes Garn<br \/>\n6 (7) 8 (9) n\u00f8ster St\u00f8vet gr\u00f8nn nr. 8561<\/p>\n<p>&nbsp;<\/p>\n<p><strong>TILBEH\u00d8R<br \/>\n<\/strong>Tynn skinnsnor ca 1 m<\/p>\n<p>&nbsp;<\/p>\n<p><strong>PINNER OG STRIKKEFASTHET<\/strong><br \/>\nRundpinne 60 cm lang nr. 4 og 3,5 og 3<br \/>\nStr\u00f8mpepinner nr. 3 til ermene<br \/>\n22 masker glattstrikk p\u00e5 pinne nr. 4 = 10 cm<\/p>\n","protected":false},"excerpt":{"rendered":"<p>N\u00e5 kan du matche mamma og mini. Hvis noen syns de drar kjensel p\u00e5 den s\u00e5 er ikke det s\u00e5 rart. En av mine aller f\u00f8rste strikkedesign til barn het &#8220;Bamsekjolen&#8221; fra boken &#8220;Strikk i all enkelhet&#8221;.\u00a0N\u00e5 har oppskriften f\u00e5tt en aldri s\u00e5 liten oppgradering, flere st\u00f8rrelser og nytt navn.\u00a0Kjolen strikkes nedenfra og opp, og syes sammen p\u00e5 skuldrene.<\/p>\n<p>&nbsp;<\/p>\n<p>&nbsp;<\/p>\n<p><strong>Norsk og Engelsk oppskrift.<\/strong> Du f\u00e5r tilgang til alle spr\u00e5k som pdf fil ved kj\u00f8p.<\/p>\n","protected":false},"featured_media":89402,"template":"","meta":{"_acf_changed":false,"_relevanssi_hide_post":"","_relevanssi_hide_content":"","_relevanssi_pin_for_all":"","_relevanssi_pin_keywords":"","_relevanssi_unpin_keywords":"","_relevanssi_related_keywords":"","_relevanssi_related_include_ids":"","_relevanssi_related_exclude_ids":"","_relevanssi_related_no_append":"","_relevanssi_related_not_related":"","_relevanssi_related_posts":"","_relevanssi_noindex_reason":""},"product_cat":[60,246,201],"product_tag":[128,206,413,37,33,134,412,411,136],"class_list":{"0":"post-71300","1":"product","2":"type-product","3":"status-publish","4":"has-post-thumbnail","6":"product_cat-strikkeoppskrifter","7":"product_cat-tullemor-lillebror","8":"product_cat-kjoler-og-skjort","9":"product_tag-design-by-marte-helgetun","10":"product_tag-kjole","11":"product_tag-kjole-skolebarn","12":"product_tag-lett","13":"product_tag-lunt","14":"product_tag-marte-helgetun","15":"product_tag-midtsommerkjole","16":"product_tag-midtsommerkjole-junior","17":"product_tag-strikkeoppskrift","19":"first","20":"instock","21":"downloadable","22":"taxable","23":"shipping-taxable","24":"purchasable","25":"product-type-mht_bundle"},"acf":[],"_links":{"self":[{"href":"https:\/\/martehelgetun.no\/en\/wp-json\/wp\/v2\/product\/71300","targetHints":{"allow":["GET"]}}],"collection":[{"href":"https:\/\/martehelgetun.no\/en\/wp-json\/wp\/v2\/product"}],"about":[{"href":"https:\/\/martehelgetun.no\/en\/wp-json\/wp\/v2\/types\/product"}],"wp:featuredmedia":[{"embeddable":true,"href":"https:\/\/martehelgetun.no\/en\/wp-json\/wp\/v2\/media\/89402"}],"wp:attachment":[{"href":"https:\/\/martehelgetun.no\/en\/wp-json\/wp\/v2\/media?parent=71300"}],"wp:term":[{"taxonomy":"product_cat","embeddable":true,"href":"https:\/\/martehelgetun.no\/en\/wp-json\/wp\/v2\/product_cat?post=71300"},{"taxonomy":"product_tag","embeddable":true,"href":"https:\/\/martehelgetun.no\/en\/wp-json\/wp\/v2\/product_tag?post=71300"}],"curies":[{"name":"wp","href":"https:\/\/api.w.org\/{rel}","templated":true}]}}