{"id":71264,"date":"2024-02-13T10:03:01","date_gmt":"2024-02-13T09:03:01","guid":{"rendered":"http:\/\/martehelgetun.no\/?post_type=product&#038;p=71264"},"modified":"2025-06-10T13:27:34","modified_gmt":"2025-06-10T11:27:34","slug":"happyfeet-mini-easter","status":"publish","type":"product","link":"https:\/\/martehelgetun.no\/en\/produkt\/happyfeet-mini-easter\/","title":{"rendered":"HappyFeet Mini Easter"},"content":{"rendered":"<p><strong>ST\u00d8RRELSER OG M\u00c5L<\/strong><br \/>\nSt\u00f8rrelser:<br \/>\n20\/21 (22\/23) 24\/25 (26\/27) 28\/29 (30\/31) 32\/33 (34\/35)<\/p>\n<p>&nbsp;<\/p>\n<p><strong>GARN OG GARNFORBRUK<\/strong><br \/>\nLunt + Lett by Marte Helgetun<br \/>\n1 n\u00f8ste Lunt nr. 20 T\u00e5kerosa<br \/>\n1 n\u00f8ste Lett nr. 20 T\u00e5kerosa<br \/>\nTil brodering brukte jeg en liten rest<br \/>\nLunt nr. 01 Kitt<\/p>\n<p>&nbsp;<\/p>\n<p><strong>TILBEH\u00d8R<\/strong><br \/>\n2 naturfargede skinntagger<\/p>\n<p>&nbsp;<\/p>\n<p><strong>PINNER OG STRIKKEFASTHET<\/strong><br \/>\n80 cm lang rundpinne nr. 4<br \/>\nBruker du rundpinner med utskiftbare tupper anbefaler vi \u00e5 bruke en tupp nr. 4 og en tupp nr. 3,5<br \/>\nEn pinne nr. 3 til I-cordkanten, rundpinne eller str\u00f8mpepinne<br \/>\n24 masker glattstrikk med en tr\u00e5d av hver kvalitet p\u00e5 pinne nr. 4 = 10 cm<\/p>\n","protected":false},"excerpt":{"rendered":"<p>Tullemor \u00f8nsket seg et par HappyFeet med p\u00e5skehare, og de skulle v\u00e6re rosa.\u00a0Ja da ble det slik da, selv om jeg kanskje selv hadde g\u00e5tt for den mer n\u00f8ytrale fargen sand p\u00e5 mine&#8230; Disse strikkes fra t\u00e5a og opp og du f\u00e5r pr\u00f8vd deg p\u00e5 morsomme teknikker som tyrkisk opplegg, magic loop og I-cordfelling.<\/p>\n<p>&nbsp;<\/p>\n<p>&nbsp;<\/p>\n<p><strong>Norsk og Engelsk oppskrift.<\/strong> Du f\u00e5r tilgang til alle spr\u00e5k som pdf fil ved kj\u00f8p.<\/p>\n","protected":false},"featured_media":71269,"template":"","meta":{"_acf_changed":false,"_relevanssi_hide_post":"","_relevanssi_hide_content":"","_relevanssi_pin_for_all":"","_relevanssi_pin_keywords":"","_relevanssi_unpin_keywords":"","_relevanssi_related_keywords":"","_relevanssi_related_include_ids":"","_relevanssi_related_exclude_ids":"","_relevanssi_related_no_append":"","_relevanssi_related_not_related":"","_relevanssi_related_posts":"","_relevanssi_noindex_reason":""},"product_cat":[60,85,246],"product_tag":[391,128,90,408,409,37,33,134,136],"class_list":{"0":"post-71264","1":"product","2":"type-product","3":"status-publish","4":"has-post-thumbnail","6":"product_cat-strikkeoppskrifter","7":"product_cat-happyfeet","8":"product_cat-tullemor-lillebror","9":"product_tag-ankelsokker-barn","10":"product_tag-design-by-marte-helgetun","11":"product_tag-happyfeet","12":"product_tag-happyfeet-mini","13":"product_tag-happyfeet-mini-easter","14":"product_tag-lett","15":"product_tag-lunt","16":"product_tag-marte-helgetun","17":"product_tag-strikkeoppskrift","19":"first","20":"instock","21":"downloadable","22":"taxable","23":"shipping-taxable","24":"purchasable","25":"product-type-mht_bundle"},"acf":[],"_links":{"self":[{"href":"https:\/\/martehelgetun.no\/en\/wp-json\/wp\/v2\/product\/71264","targetHints":{"allow":["GET"]}}],"collection":[{"href":"https:\/\/martehelgetun.no\/en\/wp-json\/wp\/v2\/product"}],"about":[{"href":"https:\/\/martehelgetun.no\/en\/wp-json\/wp\/v2\/types\/product"}],"wp:featuredmedia":[{"embeddable":true,"href":"https:\/\/martehelgetun.no\/en\/wp-json\/wp\/v2\/media\/71269"}],"wp:attachment":[{"href":"https:\/\/martehelgetun.no\/en\/wp-json\/wp\/v2\/media?parent=71264"}],"wp:term":[{"taxonomy":"product_cat","embeddable":true,"href":"https:\/\/martehelgetun.no\/en\/wp-json\/wp\/v2\/product_cat?post=71264"},{"taxonomy":"product_tag","embeddable":true,"href":"https:\/\/martehelgetun.no\/en\/wp-json\/wp\/v2\/product_tag?post=71264"}],"curies":[{"name":"wp","href":"https:\/\/api.w.org\/{rel}","templated":true}]}}