{"id":71242,"date":"2024-02-12T16:05:37","date_gmt":"2024-02-12T15:05:37","guid":{"rendered":"http:\/\/martehelgetun.no\/?post_type=product&#038;p=71242"},"modified":"2025-06-10T13:27:28","modified_gmt":"2025-06-10T11:27:28","slug":"happyfeet-summer-vibes-mini","status":"publish","type":"product","link":"https:\/\/martehelgetun.no\/en\/produkt\/happyfeet-summer-vibes-mini\/","title":{"rendered":"HappyFeet Summer Vibes &#8211; MINI"},"content":{"rendered":"<p><strong>ST\u00d8RRELSER OG M\u00c5L<\/strong><br \/>\n20\/21 (22\/23) 24\/25 (26\/27) 28\/29 (30\/31) 32\/33 (34\/35)<\/p>\n<p>&nbsp;<\/p>\n<p><strong>GARN OG GARNFORBRUK<br \/>\n<\/strong>Lunt + Lett by Marte Helgetun<br \/>\n1 n\u00f8ste Lunt nr. 01 Kitt<br \/>\n1 n\u00f8ste Lett nr. 01 Kitt<\/p>\n<p>P\u00e5 bildene av disse sokkene i R\u00f8verbarnaheftet har jeg brukt fargen Skifer i begge garnkvalitetene.<\/p>\n<p>&nbsp;<\/p>\n<p><strong>TILBEH\u00d8R<\/strong><br \/>\n2 skinntagger<\/p>\n<p>&nbsp;<\/p>\n<p><strong>PINNER OG STRIKKEFASTHET<\/strong><br \/>\n80 cm lang rundpinne nr. 3,5<br \/>\nBruker du rundpinner med utskiftbare tupper anbefaler<br \/>\nvi \u00e5 bruke en tupp nr. 3,5 og en tupp nr. 3<br \/>\n24 masker strukturstrikk med en tr\u00e5d av hver kvalitet p\u00e5 pinne nr. 3,5 = 10 cm<\/p>\n","protected":false},"excerpt":{"rendered":"<p>Da var det p\u00e5 h\u00f8y tid \u00e5 lage en HappyFeet versjon for den nordiske sommeren som ikke alltid best\u00e5r av varme dager. HappyFeet Summer Vibes fikk en enkel struktur og er basert p\u00e5 den originale ankelsokken HappyFeet. Her er varianten til barn. Disse strikkes fra t\u00e5a og opp og du f\u00e5r pr\u00f8vd deg p\u00e5 morsomme teknikker som tyrkisk opplegg, magic loop og I-cordfelling.<\/p>\n<p>&nbsp;<\/p>\n<p>&nbsp;<\/p>\n<p><strong>Norsk og Engelsk oppskrift.<\/strong> Du f\u00e5r tilgang til alle spr\u00e5k som pdf fil ved kj\u00f8p.<\/p>\n","protected":false},"featured_media":71251,"template":"","meta":{"_acf_changed":false,"_relevanssi_hide_post":"","_relevanssi_hide_content":"","_relevanssi_pin_for_all":"","_relevanssi_pin_keywords":"","_relevanssi_unpin_keywords":"","_relevanssi_related_keywords":"","_relevanssi_related_include_ids":"","_relevanssi_related_exclude_ids":"","_relevanssi_related_no_append":"","_relevanssi_related_not_related":"","_relevanssi_related_posts":"","_relevanssi_noindex_reason":""},"product_cat":[60,85,246],"product_tag":[118,391,128,90,407,37,33,134,136],"class_list":{"0":"post-71242","1":"product","2":"type-product","3":"status-publish","4":"has-post-thumbnail","6":"product_cat-strikkeoppskrifter","7":"product_cat-happyfeet","8":"product_cat-tullemor-lillebror","9":"product_tag-ankelsokker","10":"product_tag-ankelsokker-barn","11":"product_tag-design-by-marte-helgetun","12":"product_tag-happyfeet","13":"product_tag-happyfeet-summer-vibes","14":"product_tag-lett","15":"product_tag-lunt","16":"product_tag-marte-helgetun","17":"product_tag-strikkeoppskrift","19":"first","20":"instock","21":"downloadable","22":"taxable","23":"shipping-taxable","24":"purchasable","25":"product-type-mht_bundle"},"acf":[],"_links":{"self":[{"href":"https:\/\/martehelgetun.no\/en\/wp-json\/wp\/v2\/product\/71242","targetHints":{"allow":["GET"]}}],"collection":[{"href":"https:\/\/martehelgetun.no\/en\/wp-json\/wp\/v2\/product"}],"about":[{"href":"https:\/\/martehelgetun.no\/en\/wp-json\/wp\/v2\/types\/product"}],"wp:featuredmedia":[{"embeddable":true,"href":"https:\/\/martehelgetun.no\/en\/wp-json\/wp\/v2\/media\/71251"}],"wp:attachment":[{"href":"https:\/\/martehelgetun.no\/en\/wp-json\/wp\/v2\/media?parent=71242"}],"wp:term":[{"taxonomy":"product_cat","embeddable":true,"href":"https:\/\/martehelgetun.no\/en\/wp-json\/wp\/v2\/product_cat?post=71242"},{"taxonomy":"product_tag","embeddable":true,"href":"https:\/\/martehelgetun.no\/en\/wp-json\/wp\/v2\/product_tag?post=71242"}],"curies":[{"name":"wp","href":"https:\/\/api.w.org\/{rel}","templated":true}]}}