{"id":71205,"date":"2024-02-12T15:29:42","date_gmt":"2024-02-12T14:29:42","guid":{"rendered":"http:\/\/martehelgetun.no\/?post_type=product&#038;p=71205"},"modified":"2025-06-10T13:38:54","modified_gmt":"2025-06-10T11:38:54","slug":"happy-winter-baggy-lue","status":"publish","type":"product","link":"https:\/\/martehelgetun.no\/en\/produkt\/happy-winter-baggy-lue\/","title":{"rendered":"Happy Winter Baggy Lue"},"content":{"rendered":"<p>&nbsp;<\/p>\n<p><strong>ST\u00d8RRELSER OG M\u00c5L<\/strong><br \/>\nSt\u00f8rrelser: S\/M (M\/L)<br \/>\nH\u00f8yde f\u00f8r kant brettes opp: 35 (37) cm<\/p>\n<p>&nbsp;<\/p>\n<p><strong>GARN OG GARNFORBRUK<\/strong><br \/>\nLunt og Lett by Marte Helgetun<br \/>\n2 (2) n\u00f8ster (a 50g) Lunt nr. 06 Skifer<br \/>\n1 (1) n\u00f8ste (a 25g) Lett nr 06 Skifer<br \/>\nLuen p\u00e5 forsiden er strikket med Lett i fargen Lys skifer sammen med Lunt i fargen Skifer.<\/p>\n<p>&nbsp;<\/p>\n<p><strong>TILBEH\u00d8R<\/strong><br \/>\n1 skinntagg<\/p>\n<p>&nbsp;<\/p>\n<p><strong>PINNER OG STRIKKEFASTHET<\/strong><br \/>\n100 cm lang rundpinne nr. 4 (Bruker du<br \/>\nrundpinner med utskiftbare tupper, anbefaler vi \u00e5 bruke en tupp nr. 4 og en tupp nr. 3 )<\/p>\n<p>Om du ikke \u00f8nsker \u00e5 benytte magic loop-teknikken etter \u00f8kningene p\u00e5 toppen av luen, kan du bruke en liten rundpinne 40 cm nr. 4, f\u00f8r du bytter til liten rundpinne 40 cm nr. 3<br \/>\nde siste 14 cm av luen.<\/p>\n<p>22 masker glattstrikk med en tr\u00e5d av hver<br \/>\ngarnkvalitet p\u00e5 pinne nr. 4 = 10 cm<\/p>\n<p>Pinnest\u00f8rrelsene er kun veiledende, s\u00e5 husk<br \/>\n\u00e5 sjekke din strikkefasthet for at st\u00f8rrelsen<br \/>\np\u00e5 luen skal bli riktig.<\/p>\n","protected":false},"excerpt":{"rendered":"<p>Dette er en baggy lue som med sin brede oppbrett, varmer godt p\u00e5 vindfulle og kalde dager. Den nydelige garnkombinasjonen Lunt og Lett, samt en dekorativ skinnlapp, gir luen et delikat uttrykk. En bonus er at luen matcher dine fremtidige HappyFeet Winter Edition om disse ikke allerede er i garderoben din.<\/p>\n<p>&nbsp;<\/p>\n<p>&nbsp;<\/p>\n<p><strong>Norsk og Engelsk oppskrift.<\/strong> Du f\u00e5r tilgang til alle spr\u00e5k som pdf fil ved kj\u00f8p.<\/p>\n","protected":false},"featured_media":71224,"template":"","meta":{"_acf_changed":false,"_relevanssi_hide_post":"","_relevanssi_hide_content":"","_relevanssi_pin_for_all":"","_relevanssi_pin_keywords":"","_relevanssi_unpin_keywords":"","_relevanssi_related_keywords":"","_relevanssi_related_include_ids":"","_relevanssi_related_exclude_ids":"","_relevanssi_related_no_append":"","_relevanssi_related_not_related":"","_relevanssi_related_posts":"","_relevanssi_noindex_reason":""},"product_cat":[60,401],"product_tag":[216,128,405,37,171,33,134,136,327],"acf":[],"_links":{"self":[{"href":"https:\/\/martehelgetun.no\/en\/wp-json\/wp\/v2\/product\/71205"}],"collection":[{"href":"https:\/\/martehelgetun.no\/en\/wp-json\/wp\/v2\/product"}],"about":[{"href":"https:\/\/martehelgetun.no\/en\/wp-json\/wp\/v2\/types\/product"}],"wp:featuredmedia":[{"embeddable":true,"href":"https:\/\/martehelgetun.no\/en\/wp-json\/wp\/v2\/media\/71224"}],"wp:attachment":[{"href":"https:\/\/martehelgetun.no\/en\/wp-json\/wp\/v2\/media?parent=71205"}],"wp:term":[{"taxonomy":"product_cat","embeddable":true,"href":"https:\/\/martehelgetun.no\/en\/wp-json\/wp\/v2\/product_cat?post=71205"},{"taxonomy":"product_tag","embeddable":true,"href":"https:\/\/martehelgetun.no\/en\/wp-json\/wp\/v2\/product_tag?post=71205"}],"curies":[{"name":"wp","href":"https:\/\/api.w.org\/{rel}","templated":true}]}}