{"id":71135,"date":"2024-02-12T13:35:01","date_gmt":"2024-02-12T12:35:01","guid":{"rendered":"http:\/\/martehelgetun.no\/?post_type=product&#038;p=71135"},"modified":"2025-06-10T13:38:51","modified_gmt":"2025-06-10T11:38:51","slug":"happy-x-mas-knutelue","status":"publish","type":"product","link":"https:\/\/martehelgetun.no\/en\/produkt\/happy-x-mas-knutelue\/","title":{"rendered":"Happy X-mas Knutelue"},"content":{"rendered":"<div class=\"page\" title=\"Page 4\">\n<div class=\"section\">\n<div class=\"layoutArea\">\n<div class=\"column\">\n<p>ST\u00d8RRELSER<br \/>\nBarnehagebarn (Skolebarn) Voksen<\/p>\n<p>&nbsp;<\/p>\n<p>GARN OG GARNFORBRUK<br \/>\nLunt + Lett by Marte Helgetun<br \/>\n1 n\u00f8ste Lunt nr. 01 Kitt<br \/>\n1 n\u00f8ste Lett nr. 01 Kitt<br \/>\n1 n\u00f8ste Lunt nr. 05 Leire<br \/>\n1 n\u00f8ste Lett nr. 05 Leire<\/p>\n<p>Til brodering brukte jeg en liten rest Lunt nr. 05 Leire og<br \/>\nLunt nr. 20 Ta\u030akerosa til snuten.<\/p>\n<p>&nbsp;<\/p>\n<p>PINNER OG STRIKKEFASTHET<br \/>\n40 cm lang rundpinne nr. 3,5 og 4 og settpinner 4<br \/>\n22 masker glattstrikk med en tra\u030ad av hver kvalitet pa\u030a pinne nr. 4 = 10 cm<\/p>\n<\/div>\n<\/div>\n<\/div>\n<\/div>\n","protected":false},"excerpt":{"rendered":"<p>Gi barna dine en magisk f\u00f8rjulstid med en hjemmestrikke lue med et sjarmerende julemotiv.<br \/>\nDet finnes b\u00e5de votter og ankelsokker i samme serie, b\u00e5de til barn og voksne. Hele tilbeh\u00f8rsserien finnes ogs\u00e5 samlet i et hefte.<\/p>\n<p>&nbsp;<\/p>\n<p>&nbsp;<\/p>\n<p><strong>Norsk og Engelsk oppskrift.<\/strong> Du f\u00e5r tilgang til alle spr\u00e5k som pdf fil ved kj\u00f8p.<\/p>\n","protected":false},"featured_media":82304,"template":"","meta":{"_acf_changed":false,"_relevanssi_hide_post":"","_relevanssi_hide_content":"","_relevanssi_pin_for_all":"","_relevanssi_pin_keywords":"","_relevanssi_unpin_keywords":"","_relevanssi_related_keywords":"","_relevanssi_related_include_ids":"","_relevanssi_related_exclude_ids":"","_relevanssi_related_no_append":"","_relevanssi_related_not_related":"","_relevanssi_related_posts":"","_relevanssi_noindex_reason":""},"product_cat":[60,246,401],"product_tag":[128,395,394,37,171,396,33,134,136,384],"class_list":{"0":"post-71135","1":"product","2":"type-product","3":"status-publish","4":"has-post-thumbnail","6":"product_cat-strikkeoppskrifter","7":"product_cat-tullemor-lillebror","8":"product_cat-lue-panneband","9":"product_tag-design-by-marte-helgetun","10":"product_tag-happy-x-mas","11":"product_tag-happy-x-mas-knutelue","12":"product_tag-lett","13":"product_tag-lue","14":"product_tag-lue-med-motiv","15":"product_tag-lunt","16":"product_tag-marte-helgetun","17":"product_tag-strikkeoppskrift","18":"product_tag-strikket-lue-barn","20":"first","21":"instock","22":"downloadable","23":"taxable","24":"shipping-taxable","25":"purchasable","26":"product-type-mht_bundle"},"acf":[],"_links":{"self":[{"href":"https:\/\/martehelgetun.no\/en\/wp-json\/wp\/v2\/product\/71135","targetHints":{"allow":["GET"]}}],"collection":[{"href":"https:\/\/martehelgetun.no\/en\/wp-json\/wp\/v2\/product"}],"about":[{"href":"https:\/\/martehelgetun.no\/en\/wp-json\/wp\/v2\/types\/product"}],"wp:featuredmedia":[{"embeddable":true,"href":"https:\/\/martehelgetun.no\/en\/wp-json\/wp\/v2\/media\/82304"}],"wp:attachment":[{"href":"https:\/\/martehelgetun.no\/en\/wp-json\/wp\/v2\/media?parent=71135"}],"wp:term":[{"taxonomy":"product_cat","embeddable":true,"href":"https:\/\/martehelgetun.no\/en\/wp-json\/wp\/v2\/product_cat?post=71135"},{"taxonomy":"product_tag","embeddable":true,"href":"https:\/\/martehelgetun.no\/en\/wp-json\/wp\/v2\/product_tag?post=71135"}],"curies":[{"name":"wp","href":"https:\/\/api.w.org\/{rel}","templated":true}]}}