{"id":71080,"date":"2024-02-07T15:42:35","date_gmt":"2024-02-07T14:42:35","guid":{"rendered":"http:\/\/martehelgetun.no\/?post_type=product&#038;p=71080"},"modified":"2025-06-10T13:23:19","modified_gmt":"2025-06-10T11:23:19","slug":"skifergenser-junior","status":"publish","type":"product","link":"https:\/\/martehelgetun.no\/en\/produkt\/skifergenser-junior\/","title":{"rendered":"Skifergenser Junior"},"content":{"rendered":"<div id=\"OuterWrapper\" class=\"product-outer-wrapper\">\n<div class=\"product\">\n<div class=\"productTxtOuter\"><\/div>\n<\/div>\n<\/div>\n<div id=\"OuterWrapper\" class=\"product-outer-wrapper\">\n<div class=\"product\">\n<div class=\"productTxtOuter\">\n<div class=\"EditorContentContainer \">\n<p><strong>ST\u00d8RRELSER OG M\u00c5L<\/strong><b><br \/>\n<\/b>St\u00f8rrelser: (6) 8 (10) 12 \u00e5r<br \/>\nOvervidde: (70) 75 (81) 87 cm<br \/>\nHel lengde: (42) 46 (52) 54 cm<br \/>\nErmelengde: (34) 36 (38) 40 cm<\/p>\n<p>&nbsp;<\/p>\n<p><strong>GARN OG GARNFORBRUK<\/strong><b><br \/>\n<\/b>Luftig + Lett by Marte Helgetun<br \/>\n(2) 3 (3) 3 n\u00f8ster Luftig nr. 16 Svart<br \/>\n(2) 3 (3) 3 n\u00f8ster Lett nr. 06 Skifer<br \/>\nHele genseren strikkes med en tr\u00e5d av hver kvalitet.<\/p>\n<p>&nbsp;<\/p>\n<p><strong>PINNER OG STRIKKEFASTHET<br \/>\n<\/strong>80 og 40 cm rundpinne nr. 5 og 6 og settpinner nr. 5 og 6 hvis du ikke strikker magic loop<br \/>\n17 masker glattstrikk med en tr\u00e5d av hver kvalitet p\u00e5 pinne nr. 6 = 10 cm i bredden<\/p>\n<\/div>\n<\/div>\n<\/div>\n<\/div>\n<section class=\"relatedProducts\">\n<div class=\"inner\"><\/div>\n<\/section>\n","protected":false},"excerpt":{"rendered":"<p>Skifergenseren er en superlett og god hverdagsgenser som passer til alt. Kombinasjonen Luftig i Sort og Lett i Skifer er en av mine absolutte favoritter, og junior ville helt klart ha lik farge som mamma.\u00a0Det fikk han, og genseren ble en like stor favoritt hos han som for meg.<\/p>\n<p>&nbsp;<\/p>\n<p>&nbsp;<\/p>\n<p><strong>Norsk og Engelsk oppskrift.<\/strong> Du f\u00e5r tilgang til alle spr\u00e5k som pdf fil ved kj\u00f8p.<\/p>\n","protected":false},"featured_media":71081,"template":"","meta":{"_acf_changed":false,"_relevanssi_hide_post":"","_relevanssi_hide_content":"","_relevanssi_pin_for_all":"","_relevanssi_pin_keywords":"","_relevanssi_unpin_keywords":"","_relevanssi_related_keywords":"","_relevanssi_related_include_ids":"","_relevanssi_related_exclude_ids":"","_relevanssi_related_no_append":"","_relevanssi_related_not_related":"","_relevanssi_related_posts":"","_relevanssi_noindex_reason":""},"product_cat":[60,246,76],"product_tag":[128,381,37,36,134,389,136,374],"class_list":{"0":"post-71080","1":"product","2":"type-product","3":"status-publish","4":"has-post-thumbnail","6":"product_cat-strikkeoppskrifter","7":"product_cat-tullemor-lillebror","8":"product_cat-genser","9":"product_tag-design-by-marte-helgetun","10":"product_tag-genser-skolebarn","11":"product_tag-lett","12":"product_tag-luftig","13":"product_tag-marte-helgetun","14":"product_tag-skifergenser-junior","15":"product_tag-strikkeoppskrift","16":"product_tag-strikket-genser-skolebarn","18":"first","19":"instock","20":"downloadable","21":"taxable","22":"shipping-taxable","23":"purchasable","24":"product-type-mht_bundle"},"acf":[],"_links":{"self":[{"href":"https:\/\/martehelgetun.no\/en\/wp-json\/wp\/v2\/product\/71080","targetHints":{"allow":["GET"]}}],"collection":[{"href":"https:\/\/martehelgetun.no\/en\/wp-json\/wp\/v2\/product"}],"about":[{"href":"https:\/\/martehelgetun.no\/en\/wp-json\/wp\/v2\/types\/product"}],"wp:featuredmedia":[{"embeddable":true,"href":"https:\/\/martehelgetun.no\/en\/wp-json\/wp\/v2\/media\/71081"}],"wp:attachment":[{"href":"https:\/\/martehelgetun.no\/en\/wp-json\/wp\/v2\/media?parent=71080"}],"wp:term":[{"taxonomy":"product_cat","embeddable":true,"href":"https:\/\/martehelgetun.no\/en\/wp-json\/wp\/v2\/product_cat?post=71080"},{"taxonomy":"product_tag","embeddable":true,"href":"https:\/\/martehelgetun.no\/en\/wp-json\/wp\/v2\/product_tag?post=71080"}],"curies":[{"name":"wp","href":"https:\/\/api.w.org\/{rel}","templated":true}]}}