{"id":71068,"date":"2024-02-07T15:33:52","date_gmt":"2024-02-07T14:33:52","guid":{"rendered":"http:\/\/martehelgetun.no\/?post_type=product&#038;p=71068"},"modified":"2025-06-10T13:29:40","modified_gmt":"2025-06-10T11:29:40","slug":"tullemors-finjakke-skolebarn","status":"publish","type":"product","link":"https:\/\/martehelgetun.no\/en\/produkt\/tullemors-finjakke-skolebarn\/","title":{"rendered":"Tullemors Finjakke &#8211; Skolebarn"},"content":{"rendered":"<p><strong>ST\u00d8RRELSER OG M\u00c5L<\/strong><br \/>\nSt\u00f8rrelser: 6 (8) 10 (12) \u00e5r<br \/>\nOvervidde: 70 (75) 81 (86) cm<br \/>\nHel lengde: 27 (29) 31 (33) cm<br \/>\nErmelengde: 30 (33) 35 (37) cm<\/p>\n<p>&nbsp;<\/p>\n<p><strong>GARN OG GARNFORBRUK<\/strong><br \/>\n2 x Lett by Marte Helgetun<br \/>\n4 (5) 6 (7) n\u00f8ster nr. 14 Kl\u00f8ver<br \/>\nJakken strikkes med 2 tr\u00e5der Lett sammen<\/p>\n<p>&nbsp;<\/p>\n<p><strong>TILBEH\u00d8R<\/strong><br \/>\n3 (3) 4 (4) sm\u00e5 kokosknapper ca 18 mm i diameter<\/p>\n<p>&nbsp;<\/p>\n<p><strong>PINNER OG STRIKKEFASTHET<\/strong><br \/>\nRundpinne 60 cm nr. 4<br \/>\nSettpinner nr. 4 og 3,5<br \/>\n22 masker glattstrikk p\u00e5 pinne nr. 4 med dobbelt garn = 10 cm<\/p>\n","protected":false},"excerpt":{"rendered":"<p>Finjakken som passer perfekt til alle anledninger der sm\u00e5 fr\u00f8kner vil pynte seg litt ekstra. Jakken er strikket i to tr\u00e5der Lett fra toppen og den er kantet med en lekker I-cord som strikkes p\u00e5 til slutt.<\/p>\n<p>&nbsp;<\/p>\n<p>&nbsp;<\/p>\n<p><strong>Norsk og Engelsk oppskrift.<\/strong> Du f\u00e5r tilgang til alle spr\u00e5k som pdf fil ved kj\u00f8p.<\/p>\n","protected":false},"featured_media":71069,"template":"","meta":{"_acf_changed":false,"_relevanssi_hide_post":"","_relevanssi_hide_content":"","_relevanssi_pin_for_all":"","_relevanssi_pin_keywords":"","_relevanssi_unpin_keywords":"","_relevanssi_related_keywords":"","_relevanssi_related_include_ids":"","_relevanssi_related_exclude_ids":"","_relevanssi_related_no_append":"","_relevanssi_related_not_related":"","_relevanssi_related_posts":"","_relevanssi_noindex_reason":""},"product_cat":[60,246,208],"product_tag":[128,386,388,37,134,136,387,385],"class_list":{"0":"post-71068","1":"product","2":"type-product","3":"status-publish","4":"has-post-thumbnail","6":"product_cat-strikkeoppskrifter","7":"product_cat-tullemor-lillebror","8":"product_cat-jakke","9":"product_tag-design-by-marte-helgetun","10":"product_tag-finjakke-barn","11":"product_tag-jakke-i-lett","12":"product_tag-lett","13":"product_tag-marte-helgetun","14":"product_tag-strikkeoppskrift","15":"product_tag-strikket-jakke-barn","16":"product_tag-tullemors-finjakke","18":"first","19":"instock","20":"downloadable","21":"taxable","22":"shipping-taxable","23":"purchasable","24":"product-type-mht_bundle"},"acf":[],"_links":{"self":[{"href":"https:\/\/martehelgetun.no\/en\/wp-json\/wp\/v2\/product\/71068","targetHints":{"allow":["GET"]}}],"collection":[{"href":"https:\/\/martehelgetun.no\/en\/wp-json\/wp\/v2\/product"}],"about":[{"href":"https:\/\/martehelgetun.no\/en\/wp-json\/wp\/v2\/types\/product"}],"wp:featuredmedia":[{"embeddable":true,"href":"https:\/\/martehelgetun.no\/en\/wp-json\/wp\/v2\/media\/71069"}],"wp:attachment":[{"href":"https:\/\/martehelgetun.no\/en\/wp-json\/wp\/v2\/media?parent=71068"}],"wp:term":[{"taxonomy":"product_cat","embeddable":true,"href":"https:\/\/martehelgetun.no\/en\/wp-json\/wp\/v2\/product_cat?post=71068"},{"taxonomy":"product_tag","embeddable":true,"href":"https:\/\/martehelgetun.no\/en\/wp-json\/wp\/v2\/product_tag?post=71068"}],"curies":[{"name":"wp","href":"https:\/\/api.w.org\/{rel}","templated":true}]}}